{"id":1841,"date":"2013-12-11T15:46:39","date_gmt":"2013-12-11T15:46:39","guid":{"rendered":"http:\/\/mpz-hamburg.de.w020b5ec.kasserver.com\/?page_id=1841"},"modified":"2017-03-23T12:06:07","modified_gmt":"2017-03-23T12:06:07","slug":"lohndumping-im-hamburger-hafen","status":"publish","type":"page","link":"http:\/\/mpz-hamburg.de\/neu\/bestellen\/lohndumping-im-hamburger-hafen\/","title":{"rendered":"Lohndumping im Hamburger Hafen"},"content":{"rendered":"<p><a href=\"http:\/\/mpz-hamburg.de.w020b5ec.kasserver.com\/bestellen\/#20131211Lohndumping\">zur\u00fcck<\/a>\u00a0&#8211;\u00a0<a href=\"#formular\">zum Bestellformular<\/a>\u00a0&#8211;\u00a0<a href=\"http:\/\/mpz-hamburg.de.w020b5ec.kasserver.com\/neu\/wp-content\/uploads\/2011\/05\/2017-Vertriebsbedingungen.pdf\">Vertriebsbedingungen<\/a><\/p>\n<p><b><a href=\"http:\/\/mpz-hamburg.de.w020b5ec.kasserver.com\/neu\/wp-content\/uploads\/2011\/05\/StandbildLohndumping-01140511.jpg\"><img loading=\"lazy\" decoding=\"async\" class=\"alignright\" src=\"http:\/\/mpz-hamburg.de.w020b5ec.kasserver.com\/neu\/wp-content\/uploads\/2011\/05\/StandbildLohndumping-01140511-300x244.jpg\" alt=\"StandbildLohndumping 01140511\" width=\"300\" height=\"244\" \/><\/a><\/b>mpz + \u00d6TV-Seeh\u00e4fen Februar 1996 \/ 20 min \/ 4:3 \/ Nr. 1-0687 \/ 10 \u20ac<\/p>\n<p>Bis 1996 wurde die Schleppdienste beim Ein- und Auslaufen gro\u00dfer Seeschiffe durch Hamburger Schlepper durchgef\u00fchrt. Die Lohn- und Arbeitsbedingungen sind durch Tarifvertr\u00e4ge zwischen der damaligen \u00d6TV (heute Ver.di) und dem Zentralverband der deutschen Seehafenbetriebe, sowie dem Unternehmensverband Hafen Hamburg geregelt.<\/p>\n<p>Um Kosten zu senken holen Hafenbetriebe und Reeder im Januar 1996 die nieder\u2013l\u00e4ndische Schleppreederei KOTUG nach Hamburg. Mit Besatzungen aus arbeitslos gewordenen Seeleuten aus dem Rostocker Raum sollen die Tarife um bis zu 50% unterlaufen werden, um mit niedrigeren L\u00f6hnen und schlechteren Arbeitsbedingungen die Kosten zu senken. Grundlage daf\u00fcr war das EU-Niederlassungsrecht. KOTUG macht Vertr\u00e4ge mit fast allen gro\u00dfen Containerreedern mit Preisen, die ca. 40% unter denen der Hamburger Schleppreeder liegen.<\/p>\n<p>Um den Angriff auf ihre Tarifbedingungen abzuwehren, versuchen die Hamburger Schlepperbesatzungen, die, wie auch die Hafenarbeiter \u00fcberwiegend in der \u00d6TV organisiert sind, durch Demonstrationen und Boykottma\u00dfnahmen, das Lohndumping zu verhindern und die Anwendung der Tarifvertr\u00e4ge zu erzwingen. Die Hafenarbeiter, die erkannt haben, dass dies der Einstieg in den Angriff auf ihre eigenen Tarifbedingungen ist, unterst\u00fctzen den Kampf.<\/p>\n<p>Der Film gibt einen Einblick in die Diskussionen unter den im Hafen Besch\u00e4ftigten und die Versuche mit Aktionen und \u00d6ffentlichkeitsarbeit ihre Tarifbedingungen zu erhalten.<\/p>\n<p>Letztendlich scheitert der Kampf. Die Besch\u00e4ftigten des gr\u00f6\u00dften Hamburger Hafenbetriebs beenden, nachdem die F\u00fchrung ihres Betriebsrates sie dazu aufgerufen hat, ihre Teilnahme an den Aktionen. Dies gibt den Ausschlag f\u00fcr die Beendigung der Aktionen.\u00a0<a href=\"http:\/\/mpz-hamburg.de.w020b5ec.kasserver.com\/neu\/wp-content\/uploads\/2011\/05\/Lohndumping.pdf\">InfoLohndumping<\/a><\/p>\n<p>\n<div class=\"wpcf7 no-js\" id=\"wpcf7-f1621-o1\" lang=\"de-DE\" dir=\"ltr\" data-wpcf7-id=\"1621\">\n<div class=\"screen-reader-response\"><p role=\"status\" aria-live=\"polite\" aria-atomic=\"true\"><\/p> <ul><\/ul><\/div>\n<form action=\"\/neu\/wp-json\/wp\/v2\/pages\/1841#wpcf7-f1621-o1\" method=\"post\" class=\"wpcf7-form init\" aria-label=\"Kontaktformular\" novalidate=\"novalidate\" data-status=\"init\">\n<fieldset class=\"hidden-fields-container\"><input type=\"hidden\" name=\"_wpcf7\" value=\"1621\" \/><input type=\"hidden\" name=\"_wpcf7_version\" value=\"6.1.5\" \/><input type=\"hidden\" name=\"_wpcf7_locale\" value=\"de_DE\" \/><input type=\"hidden\" name=\"_wpcf7_unit_tag\" value=\"wpcf7-f1621-o1\" \/><input type=\"hidden\" name=\"_wpcf7_container_post\" value=\"0\" \/><input type=\"hidden\" name=\"_wpcf7_posted_data_hash\" value=\"\" \/><input type=\"hidden\" name=\"_wpcf7dtx_version\" value=\"5.0.5\" \/>\n<\/fieldset>\n<p><span id='formular'><strong>Bestellformuar<\/strong><\/span>\n<\/p>\n<div style='margin-top:-15px; margin-bottom:-10px; text-align:right;'>\n\t<p><a href=\"#wrapper\">Zum Seitenanfang<\/a>\n\t<\/p>\n<\/div>\n<div style='margin-bottom:-10px;'>\n\t<p>Ihr Name (Pflichtfeld)\n\t<\/p>\n\t<p><span class=\"wpcf7-form-control-wrap\" data-name=\"your-name\"><input size=\"40\" maxlength=\"400\" class=\"wpcf7-form-control wpcf7-text wpcf7-validates-as-required\" aria-required=\"true\" aria-invalid=\"false\" value=\"\" type=\"text\" name=\"your-name\" \/><\/span>\n\t<\/p>\n<\/div>\n<div style='margin-bottom:-10px'>\n\t<p>Ihre E-Mail-Adresse (Pflichtfeld)\n\t<\/p>\n\t<p><span class=\"wpcf7-form-control-wrap\" data-name=\"your-email\"><input size=\"40\" maxlength=\"400\" class=\"wpcf7-form-control wpcf7-email wpcf7-validates-as-required wpcf7-text wpcf7-validates-as-email\" aria-required=\"true\" aria-invalid=\"false\" value=\"\" type=\"email\" name=\"your-email\" \/><\/span>\n\t<\/p>\n<\/div>\n<div style='margin-bottom:-10px'>\n\t<p>Stra\u00dfe \/ Hausnummer (Pflichtfeld)\n\t<\/p>\n\t<p><span class=\"wpcf7-form-control-wrap\" data-name=\"strasse\"><input size=\"40\" maxlength=\"400\" class=\"wpcf7-form-control wpcf7-text wpcf7-validates-as-required\" aria-required=\"true\" aria-invalid=\"false\" value=\"\" type=\"text\" name=\"strasse\" \/><\/span>\n\t<\/p>\n<\/div>\n<div style='margin-bottom:-10px'>\n\t<p>PLZ \/ Ort (Pflichtfeld)\n\t<\/p>\n\t<p><span class=\"wpcf7-form-control-wrap\" data-name=\"ort\"><input size=\"40\" maxlength=\"400\" class=\"wpcf7-form-control wpcf7-text wpcf7-validates-as-required\" aria-required=\"true\" aria-invalid=\"false\" value=\"\" type=\"text\" name=\"ort\" \/><\/span>\n\t<\/p>\n<\/div>\n<div style='margin-bottom:-10px'>\n\t<p>Betreff\n\t<\/p>\n\t<p><span id=\"wpcf7-69e5ccc8da29a-wrapper\" class=\"wpcf7-form-control-wrap subject-wrap\" style=\"display:none !important; visibility:hidden !important;\"><input type=\"hidden\" name=\"subject-time-start\" value=\"1776667848\"><input type=\"hidden\" name=\"subject-time-check\" value=\"4\"><label for=\"wpcf7-69e5ccc8da29a-field\" class=\"hp-message\">Bitte lasse dieses Feld leer.<\/label><input id=\"wpcf7-69e5ccc8da29a-field\"  class=\"wpcf7-form-control wpcf7-text\" type=\"text\" name=\"subject\" value=\"\" size=\"40\" tabindex=\"-1\" autocomplete=\"new-password\" \/><\/span>\n\t<\/p>\n<\/div>\n<div style='margin-bottom:-10px'>\n\t<p>Diesen Film m\u00f6chte ich bestellen:\n\t<\/p>\n\t<p><span class=\"wpcf7-form-control-wrap Titel2\" data-name=\"Titel2\"><input type=\"text\" name=\"Titel2\" class=\"wpcf7-form-control wpcf7-text wpcf7dtx wpcf7dtx-text\" aria-invalid=\"false\" value=\"Lohndumping im Hamburger Hafen\"><\/span>\n\t<\/p>\n<\/div>\n<div style='margin-bottom:10px'>\n\t<p>Bemerkung\n\t<\/p>\n\t<p><span class=\"wpcf7-form-control-wrap\" data-name=\"your-message\"><textarea cols=\"80\" rows=\"4\" maxlength=\"2000\" class=\"wpcf7-form-control wpcf7-textarea\" aria-invalid=\"false\" name=\"your-message\"><\/textarea><\/span>\n\t<\/p>\n<\/div>\n<div>\n\t<div style='margin-bottom:-14px; color:red;'>\n\t\t<p><span class=\"wpcf7-form-control-wrap\" data-name=\"acceptance-934\"><span class=\"wpcf7-form-control wpcf7-acceptance\"><span class=\"wpcf7-list-item\"><input type=\"checkbox\" name=\"acceptance-934\" value=\"1\" aria-invalid=\"false\" \/><\/span><\/span><\/span><a href=\"http:\/\/mpz-hamburg.de.w020b5ec.kasserver.com\/neu\/wp-content\/uploads\/2011\/05\/Vertriebsbedingungen.pdf\">Vertriebsbedingungen<\/a> akzeptieren.\n\t\t<\/p>\n\t<\/div>\n\t<p><em><span style='font-weight:bold;'>(NUR dann kann das Formular versendet werden!)<\/span><\/em>\n\t<\/p>\n<\/div>\n<div style='margin-top:0px;'>\n\t<p><input class=\"wpcf7-form-control wpcf7-submit has-spinner\" type=\"submit\" value=\"Senden\" \/>\n\t<\/p>\n<\/div><div class=\"wpcf7-response-output\" aria-hidden=\"true\"><\/div>\n<\/form>\n<\/div>\n<br \/>\nSollte die Bestellung \u00fcber dies Formular nicht funktioniert haben, bitte per Mail bestellen: <a href=\"mailto:info@mpz-hamburg.de\">info@mpz-hamburg.de.<\/a> Es tut uns Leid, aber es kommt leider manchmal vor. Wir versuchen den Fehler zu finden.<\/p>\n<p><a href=\"http:\/\/mpz-hamburg.de.w020b5ec.kasserver.com\/bestellen\/#20131211Lohndumping\">zur\u00fcck zur Seite &#8218;bestellen&#8216;<\/a>\u00a0&#8211;\u00a0<a href=\"#wrapper\">Zum Seitenanfang<\/a><\/p>\n","protected":false},"excerpt":{"rendered":"<p>zur\u00fcck\u00a0&#8211;\u00a0zum Bestellformular\u00a0&#8211;\u00a0Vertriebsbedingungen mpz + \u00d6TV-Seeh\u00e4fen Februar 1996 \/ 20 min \/ 4:3 \/ Nr. 1-0687 \/ 10 \u20ac Bis 1996 wurde die Schleppdienste beim Ein- und Auslaufen gro\u00dfer Seeschiffe durch Hamburger Schlepper durchgef\u00fchrt. Die Lohn- und Arbeitsbedingungen sind durch Tarifvertr\u00e4ge &hellip; <a href=\"http:\/\/mpz-hamburg.de\/neu\/bestellen\/lohndumping-im-hamburger-hafen\/\">Weiterlesen <span class=\"meta-nav\">&rarr;<\/span><\/a><\/p>\n","protected":false},"author":1,"featured_media":0,"parent":706,"menu_order":0,"comment_status":"closed","ping_status":"closed","template":"onecolumn-page.php","meta":{"footnotes":""},"class_list":["post-1841","page","type-page","status-publish","hentry"],"_links":{"self":[{"href":"http:\/\/mpz-hamburg.de\/neu\/wp-json\/wp\/v2\/pages\/1841","targetHints":{"allow":["GET"]}}],"collection":[{"href":"http:\/\/mpz-hamburg.de\/neu\/wp-json\/wp\/v2\/pages"}],"about":[{"href":"http:\/\/mpz-hamburg.de\/neu\/wp-json\/wp\/v2\/types\/page"}],"author":[{"embeddable":true,"href":"http:\/\/mpz-hamburg.de\/neu\/wp-json\/wp\/v2\/users\/1"}],"replies":[{"embeddable":true,"href":"http:\/\/mpz-hamburg.de\/neu\/wp-json\/wp\/v2\/comments?post=1841"}],"version-history":[{"count":9,"href":"http:\/\/mpz-hamburg.de\/neu\/wp-json\/wp\/v2\/pages\/1841\/revisions"}],"predecessor-version":[{"id":3298,"href":"http:\/\/mpz-hamburg.de\/neu\/wp-json\/wp\/v2\/pages\/1841\/revisions\/3298"}],"up":[{"embeddable":true,"href":"http:\/\/mpz-hamburg.de\/neu\/wp-json\/wp\/v2\/pages\/706"}],"wp:attachment":[{"href":"http:\/\/mpz-hamburg.de\/neu\/wp-json\/wp\/v2\/media?parent=1841"}],"curies":[{"name":"wp","href":"https:\/\/api.w.org\/{rel}","templated":true}]}}