{"id":19,"date":"2010-12-13T14:32:05","date_gmt":"2010-12-13T14:32:05","guid":{"rendered":"http:\/\/mpz-hamburg.de.w020b5ec.kasserver.com\/neu\/?page_id=19"},"modified":"2021-09-30T22:08:29","modified_gmt":"2021-09-30T20:08:29","slug":"mpz-filme","status":"publish","type":"page","link":"http:\/\/mpz-hamburg.de\/neu\/mpz-filme\/","title":{"rendered":"mpz-filme"},"content":{"rendered":"<p><a href=\"https:\/\/vimeo.com\/616515553\"><img loading=\"lazy\" decoding=\"async\" class=\"alignright size-full wp-image-848\" title=\"mpz Archiv: Archivbestand\" src=\"http:\/\/mpz-hamburg.de.w020b5ec.kasserver.com\/neu\/wp-content\/uploads\/2011\/05\/mpz_archiv_01.jpg\" alt=\"\" width=\"300\" height=\"450\" srcset=\"http:\/\/mpz-hamburg.de\/neu\/wp-content\/uploads\/2011\/05\/mpz_archiv_01.jpg 300w, http:\/\/mpz-hamburg.de\/neu\/wp-content\/uploads\/2011\/05\/mpz_archiv_01-200x300.jpg 200w\" sizes=\"auto, (max-width: 300px) 100vw, 300px\" \/><\/a>Wir halten es f\u00fcr wichtig, dass die in unserem Medienzentrum entstandenen Videofilme nicht nur innerhalb ihres unmittelbaren Herstellungsbereiches eingesetzt werden, sondern\u00a0 dass die dabei gemachten und dokumentierten Erfahrungen auch anderen Menschen zug\u00e4nglich gemacht werden. Neben der Eigenproduktion haben wir daher von Anfang an auch ein eigenes Archiv, einen eigenen Verleih aufgebaut. Unser Verleih zielte nicht so sehr auf gr\u00f6\u00dftm\u00f6glichste Reichweite (z.B. \u00fcber Massenmedien, Internet), sondern vielmehr auf qualitativ ver\u00e4nderte Kommunikations- und \u00d6ffentlichkeitsstrukturen. Unsere Videofilme werden vorwiegend in politischen und p\u00e4dagogischen Bereichen eingesetzt, integriert in einen gemeinsamen Erfahrungs- und Handlungszusammenhang.<\/p>\n<p><a href=\"https:\/\/vimeo.com\/616515553\">Hier<\/a> eine Zusammenstellung aus Fotos von uns und unserer Arbeit und Ausschnitten aus einigen unserer Filme aus der Zeit. Alle Filmbeispiele sind damals mit den ersten Videoger\u00e4ten mit offenen Spulen (Japan Standard1) aufgenommen.<\/p>\n<p>Unser Videoarchiv umfasst inzwischen mehrere tausend Videos- ein unsch\u00e4tzbares Ged\u00e4chtnis der sozialen und politischen Bewegungen seit Anfang der 1970er Jahre. Neben den Eigenproduktionen des mpz geh\u00f6ren dazu auch Videofilme anderer Mediengruppen und FilmemacherInnen. Wir f\u00fchren das Archiv vorwiegend als Pr\u00e4senzarchiv, das hei\u00dft, die Originale verlassen nicht das mpz, k\u00f6nnen aber in unseren R\u00e4umen gesichtet werden. Ein Teil der Videofilme kann auch gekauft werden (DVD-Kopie), soweit das rechtlich m\u00f6glich ist und Kopien vorhanden sind.<\/p>\n<p>Das mpz-Archiv ist grob in 12 thematische Bereiche geordnet:<\/p>\n<ul>\n<li><a href=\"http:\/\/mpz-hamburg.de.w020b5ec.kasserver.com\/mpz-filme\/umwelt\/\">Umwelt<\/a><\/li>\n<li><a href=\"http:\/\/mpz-hamburg.de.w020b5ec.kasserver.com\/mpz-filme\/arbeitswelt\/\">Arbeitswelt<\/a><\/li>\n<li><a href=\"http:\/\/mpz-hamburg.de.w020b5ec.kasserver.com\/mpz-filme\/medien-und-kultur\/\">Medien und Kultur<\/a><\/li>\n<li><a href=\"http:\/\/mpz-hamburg.de.w020b5ec.kasserver.com\/mpz-filme\/frauen\/\">Frauen<\/a><\/li>\n<li><a href=\"http:\/\/mpz-hamburg.de.w020b5ec.kasserver.com\/mpz-filme\/kindheitjugend-ausbildung\/\">Kindheit\/Jugend u. Ausbildung<\/a><\/li>\n<li><a href=\"http:\/\/mpz-hamburg.de.w020b5ec.kasserver.com\/mpz-filme\/kriegfrieden\/\">Krieg\/Frieden<\/a><\/li>\n<li><a href=\"http:\/\/mpz-hamburg.de.w020b5ec.kasserver.com\/mpz-filme\/stadtteil\/\">Stadtteil<\/a><\/li>\n<li><a href=\"http:\/\/mpz-hamburg.de.w020b5ec.kasserver.com\/mpz-filme\/repression\/\">Repression<\/a><\/li>\n<li><a href=\"http:\/\/mpz-hamburg.de.w020b5ec.kasserver.com\/mpz-filme\/faschismus-antifaschismus\/\">Faschismus\/Antifaschismus<\/a><\/li>\n<li><a href=\"http:\/\/mpz-hamburg.de.w020b5ec.kasserver.com\/mpz-filme\/internationales\/\">Internationales<\/a><\/li>\n<li><a href=\"http:\/\/mpz-hamburg.de.w020b5ec.kasserver.com\/mpz-filme\/soziales\/\">Soziales<\/a><\/li>\n<\/ul>\n<p>Inzwischen sind (fast) alle Videofilme in einer Datenbank digital erfasst, die eine Suche nach Titeln, Datum, Schlagwort etc. erlaubt. Zus\u00e4tzlich gibt es f\u00fcr jeden Bereich einen Ordner, in dem alle Filme seit 1973 chronologisch nach Eingang aufgef\u00fchrt und sortiert sind. Wir f\u00fchren zus\u00e4tzlich auch eine alphabetische Titelkartei. Zu einigen Themenbereichen gibt es auch spezielle Auswahllisten und Filmbeschreibungen.<\/p>\n","protected":false},"excerpt":{"rendered":"<p>Wir halten es f\u00fcr wichtig, dass die in unserem Medienzentrum entstandenen Videofilme nicht nur innerhalb ihres unmittelbaren Herstellungsbereiches eingesetzt werden, sondern\u00a0 dass die dabei gemachten und dokumentierten Erfahrungen auch anderen Menschen zug\u00e4nglich gemacht werden. Neben der Eigenproduktion haben wir daher &hellip; <a href=\"http:\/\/mpz-hamburg.de\/neu\/mpz-filme\/\">Weiterlesen <span class=\"meta-nav\">&rarr;<\/span><\/a><\/p>\n","protected":false},"author":1,"featured_media":0,"parent":0,"menu_order":2,"comment_status":"closed","ping_status":"closed","template":"onecolumn-page.php","meta":{"footnotes":""},"class_list":["post-19","page","type-page","status-publish","hentry"],"_links":{"self":[{"href":"http:\/\/mpz-hamburg.de\/neu\/wp-json\/wp\/v2\/pages\/19","targetHints":{"allow":["GET"]}}],"collection":[{"href":"http:\/\/mpz-hamburg.de\/neu\/wp-json\/wp\/v2\/pages"}],"about":[{"href":"http:\/\/mpz-hamburg.de\/neu\/wp-json\/wp\/v2\/types\/page"}],"author":[{"embeddable":true,"href":"http:\/\/mpz-hamburg.de\/neu\/wp-json\/wp\/v2\/users\/1"}],"replies":[{"embeddable":true,"href":"http:\/\/mpz-hamburg.de\/neu\/wp-json\/wp\/v2\/comments?post=19"}],"version-history":[{"count":48,"href":"http:\/\/mpz-hamburg.de\/neu\/wp-json\/wp\/v2\/pages\/19\/revisions"}],"predecessor-version":[{"id":4737,"href":"http:\/\/mpz-hamburg.de\/neu\/wp-json\/wp\/v2\/pages\/19\/revisions\/4737"}],"wp:attachment":[{"href":"http:\/\/mpz-hamburg.de\/neu\/wp-json\/wp\/v2\/media?parent=19"}],"curies":[{"name":"wp","href":"https:\/\/api.w.org\/{rel}","templated":true}]}}