{"id":1939,"date":"2013-12-13T12:27:21","date_gmt":"2013-12-13T12:27:21","guid":{"rendered":"http:\/\/mpz-hamburg.de.w020b5ec.kasserver.com\/?page_id=1939"},"modified":"2024-04-23T12:01:29","modified_gmt":"2024-04-23T10:01:29","slug":"was-hat-hamburg-nur-mit-euch-frauen-gemacht","status":"publish","type":"page","link":"http:\/\/mpz-hamburg.de\/neu\/bestellen\/was-hat-hamburg-nur-mit-euch-frauen-gemacht\/","title":{"rendered":"\u201eWas hat Hamburg nur mit Euch Frauen gemacht?\u201c"},"content":{"rendered":"<p><a id=\"#20131213washatHamburg\" name=\"#20131213washatHamburg\"><\/a><br \/>\n<a href=\"http:\/\/mpz-hamburg.de.w020b5ec.kasserver.com\/bestellen\/#20131213washatHamburg\">zur\u00fcck<\/a>\u00a0&#8211;\u00a0<a href=\"#formular\">zum Bestellformular<\/a>\u00a0&#8211;\u00a0<a href=\"http:\/\/mpz-hamburg.de.w020b5ec.kasserver.com\/neu\/wp-content\/uploads\/2011\/05\/2017-Vertriebsbedingungen.pdf\">Vertriebsbedingungen<\/a><\/p>\n<p>Staatliche F\u00fcrsorge und ihre Folgen von der<a href=\"http:\/\/mpz-hamburg.de.w020b5ec.kasserver.com\/neu\/wp-content\/uploads\/2013\/06\/Frareingehenweich-ohne-Kopie.jpg\"><img loading=\"lazy\" decoding=\"async\" class=\"alignright size-medium wp-image-1518\" src=\"http:\/\/mpz-hamburg.de.w020b5ec.kasserver.com\/neu\/wp-content\/uploads\/2013\/06\/Frareingehenweich-ohne-Kopie-300x188.jpg\" alt=\"Frareingehenweich ohne Kopie\" width=\"300\" height=\"188\" srcset=\"http:\/\/mpz-hamburg.de\/neu\/wp-content\/uploads\/2013\/06\/Frareingehenweich-ohne-Kopie-300x188.jpg 300w, http:\/\/mpz-hamburg.de\/neu\/wp-content\/uploads\/2013\/06\/Frareingehenweich-ohne-Kopie.jpg 590w\" sizes=\"auto, (max-width: 300px) 100vw, 300px\" \/><\/a><br \/>\nWeimarer Republik bis in die 1990ger Jahre<\/p>\n<p>90 Min. \/ Farbe + s\/w \/ 4:3 \/ 1992 \/\u00a0 \u00a9\uf87f Projektgruppe f\u00fcr die vergessenen Opfer des NS-Regimes in Hamburg e.V. + mpz Hamburg e.V. ,\u00a0 Christina Kukielka, Christiane Rothmaler, Stefan Corinth \/ Nr.8-0183 \/ 19,90 \u20ac<\/p>\n<p><a href=\"http:\/\/mpz-hamburg.de.w020b5ec.kasserver.com\/neu\/wp-content\/uploads\/2013\/06\/Fr-vorher-weich-Kopie.jpg\"><img loading=\"lazy\" decoding=\"async\" class=\"alignright size-medium wp-image-1517\" src=\"http:\/\/mpz-hamburg.de.w020b5ec.kasserver.com\/neu\/wp-content\/uploads\/2013\/06\/Fr-vorher-weich-Kopie-300x206.jpg\" alt=\"Fr vorher weich Kopie\" width=\"300\" height=\"206\" srcset=\"http:\/\/mpz-hamburg.de\/neu\/wp-content\/uploads\/2013\/06\/Fr-vorher-weich-Kopie-300x206.jpg 300w, http:\/\/mpz-hamburg.de\/neu\/wp-content\/uploads\/2013\/06\/Fr-vorher-weich-Kopie.jpg 885w\" sizes=\"auto, (max-width: 300px) 100vw, 300px\" \/><\/a>Dieser Film zeigt die Kontinuit\u00e4t der sozialen Verfolgung von Frauen von 1920 bis in die 1990ger Jahre. Drei Hamburger Frauen\u00a0 &#8211; Herta B., Anna D. und Olga P. &#8211;\u00a0 erz\u00e4hlen ihr Schicksal als Kinder und Jugendliche in den Hamburger Heimen Averhoffstra\u00dfe, Abendroth-Haus und Feuerbergstra\u00dfe. Fast \u201ezwangsl\u00e4ufig\u201c wurden sie sp\u00e4ter zur \u201eUmerziehung\u201c in die Alsterdorfer Anstalten und in das Arbeitshaus Farmsen der damaligen Hamburger Wohlfahrtsanstalten eingewiesen. Ihre Geschichte steht stellvertretend f\u00fcr das Schicksal tausender deutscher Frauen, die f\u00fcr den\u00a0 &#8211; b\u00fcrgerlichen &#8211;\u00a0 NS-Staat bzw. f\u00fcr die Hamburger F\u00fcrsorge unerw\u00fcnscht waren.<\/p>\n<p>Personelle und inhaltliche Kontinuit\u00e4ten von der Weimarer Republik bis in die Bundesrepublik zeigen, wie sich der Hamburger F\u00fcrsorgeapparat 1933 ohne gro\u00dfe Reibungsverluste in die NS-Ideologie integriert hat und nach 1945 ebenso zur Tagesordnung \u00fcbergegangen ist.<\/p>\n<p>Dass die Denunziation, Ausgrenzung und Verfolgung von Frauen keine Besonderheit des Nationalsozialismus war, zeigen die vergeblichen Versuche der drei Hamburgerinnen, nach 1945 rehabilitiert zu werden. Erst 1988 erhielten sie so etwas wie eine \u201eEntsch\u00e4digung\u201c f\u00fcr die ihnen zugef\u00fcgten k\u00f6rperlichen Verst\u00fcmmelungen und Misshandlungen. Ihre \u00f6ffentliche Rehabilitierung als Verfolgte des NS-Regimes, als Opfer der Hamburger F\u00fcrsorge haben diese Frauen nicht mehr erlebt.<\/p>\n<p>Herta B., Anna D. und Olga P. haben mit viel Mut, aber auch viel Wut und Trauer stellvertretend f\u00fcr viele ihrer Leidensgef\u00e4hrtinnen ihr Lebensschicksal und damit ein St\u00fcck Hamburger Frauengeschichte aus der \u201eVergangenheit\u201c zur\u00fcck in die Erinnerung gerufen. <a href=\"http:\/\/mpz-hamburg.de.w020b5ec.kasserver.com\/neu\/wp-content\/uploads\/2013\/12\/Info-Was-hat-Hamburg...pdf\">info-was-hat-hamburg<\/a>&#8230;<\/p>\n<p>\n<div class=\"wpcf7 no-js\" id=\"wpcf7-f1621-o1\" lang=\"de-DE\" dir=\"ltr\" data-wpcf7-id=\"1621\">\n<div class=\"screen-reader-response\"><p role=\"status\" aria-live=\"polite\" aria-atomic=\"true\"><\/p> <ul><\/ul><\/div>\n<form action=\"\/neu\/wp-json\/wp\/v2\/pages\/1939#wpcf7-f1621-o1\" method=\"post\" class=\"wpcf7-form init\" aria-label=\"Kontaktformular\" novalidate=\"novalidate\" data-status=\"init\">\n<fieldset class=\"hidden-fields-container\"><input type=\"hidden\" name=\"_wpcf7\" value=\"1621\" \/><input type=\"hidden\" name=\"_wpcf7_version\" value=\"6.1.5\" \/><input type=\"hidden\" name=\"_wpcf7_locale\" value=\"de_DE\" \/><input type=\"hidden\" name=\"_wpcf7_unit_tag\" value=\"wpcf7-f1621-o1\" \/><input type=\"hidden\" name=\"_wpcf7_container_post\" value=\"0\" \/><input type=\"hidden\" name=\"_wpcf7_posted_data_hash\" value=\"\" \/><input type=\"hidden\" name=\"_wpcf7dtx_version\" value=\"5.0.5\" \/>\n<\/fieldset>\n<p><span id='formular'><strong>Bestellformuar<\/strong><\/span>\n<\/p>\n<div style='margin-top:-15px; margin-bottom:-10px; text-align:right;'>\n\t<p><a href=\"#wrapper\">Zum Seitenanfang<\/a>\n\t<\/p>\n<\/div>\n<div style='margin-bottom:-10px;'>\n\t<p>Ihr Name (Pflichtfeld)\n\t<\/p>\n\t<p><span class=\"wpcf7-form-control-wrap\" data-name=\"your-name\"><input size=\"40\" maxlength=\"400\" class=\"wpcf7-form-control wpcf7-text wpcf7-validates-as-required\" aria-required=\"true\" aria-invalid=\"false\" value=\"\" type=\"text\" name=\"your-name\" \/><\/span>\n\t<\/p>\n<\/div>\n<div style='margin-bottom:-10px'>\n\t<p>Ihre E-Mail-Adresse (Pflichtfeld)\n\t<\/p>\n\t<p><span class=\"wpcf7-form-control-wrap\" data-name=\"your-email\"><input size=\"40\" maxlength=\"400\" class=\"wpcf7-form-control wpcf7-email wpcf7-validates-as-required wpcf7-text wpcf7-validates-as-email\" aria-required=\"true\" aria-invalid=\"false\" value=\"\" type=\"email\" name=\"your-email\" \/><\/span>\n\t<\/p>\n<\/div>\n<div style='margin-bottom:-10px'>\n\t<p>Stra\u00dfe \/ Hausnummer (Pflichtfeld)\n\t<\/p>\n\t<p><span class=\"wpcf7-form-control-wrap\" data-name=\"strasse\"><input size=\"40\" maxlength=\"400\" class=\"wpcf7-form-control wpcf7-text wpcf7-validates-as-required\" aria-required=\"true\" aria-invalid=\"false\" value=\"\" type=\"text\" name=\"strasse\" \/><\/span>\n\t<\/p>\n<\/div>\n<div style='margin-bottom:-10px'>\n\t<p>PLZ \/ Ort (Pflichtfeld)\n\t<\/p>\n\t<p><span class=\"wpcf7-form-control-wrap\" data-name=\"ort\"><input size=\"40\" maxlength=\"400\" class=\"wpcf7-form-control wpcf7-text wpcf7-validates-as-required\" aria-required=\"true\" aria-invalid=\"false\" value=\"\" type=\"text\" name=\"ort\" \/><\/span>\n\t<\/p>\n<\/div>\n<div style='margin-bottom:-10px'>\n\t<p>Betreff\n\t<\/p>\n\t<p><span id=\"wpcf7-69e5dae153476-wrapper\" class=\"wpcf7-form-control-wrap subject-wrap\" style=\"display:none !important; visibility:hidden !important;\"><input type=\"hidden\" name=\"subject-time-start\" value=\"1776671457\"><input type=\"hidden\" name=\"subject-time-check\" value=\"4\"><label for=\"wpcf7-69e5dae153476-field\" class=\"hp-message\">Bitte lasse dieses Feld leer.<\/label><input id=\"wpcf7-69e5dae153476-field\"  class=\"wpcf7-form-control wpcf7-text\" type=\"text\" name=\"subject\" value=\"\" size=\"40\" tabindex=\"-1\" autocomplete=\"new-password\" \/><\/span>\n\t<\/p>\n<\/div>\n<div style='margin-bottom:-10px'>\n\t<p>Diesen Film m\u00f6chte ich bestellen:\n\t<\/p>\n\t<p><span class=\"wpcf7-form-control-wrap Titel2\" data-name=\"Titel2\"><input type=\"text\" name=\"Titel2\" class=\"wpcf7-form-control wpcf7-text wpcf7dtx wpcf7dtx-text\" aria-invalid=\"false\" value=\"\u201eWas hat Hamburg nur mit Euch Frauen gemacht?\u201c\"><\/span>\n\t<\/p>\n<\/div>\n<div style='margin-bottom:10px'>\n\t<p>Bemerkung\n\t<\/p>\n\t<p><span class=\"wpcf7-form-control-wrap\" data-name=\"your-message\"><textarea cols=\"80\" rows=\"4\" maxlength=\"2000\" class=\"wpcf7-form-control wpcf7-textarea\" aria-invalid=\"false\" name=\"your-message\"><\/textarea><\/span>\n\t<\/p>\n<\/div>\n<div>\n\t<div style='margin-bottom:-14px; color:red;'>\n\t\t<p><span class=\"wpcf7-form-control-wrap\" data-name=\"acceptance-934\"><span class=\"wpcf7-form-control wpcf7-acceptance\"><span class=\"wpcf7-list-item\"><input type=\"checkbox\" name=\"acceptance-934\" value=\"1\" aria-invalid=\"false\" \/><\/span><\/span><\/span><a href=\"http:\/\/mpz-hamburg.de.w020b5ec.kasserver.com\/neu\/wp-content\/uploads\/2011\/05\/Vertriebsbedingungen.pdf\">Vertriebsbedingungen<\/a> akzeptieren.\n\t\t<\/p>\n\t<\/div>\n\t<p><em><span style='font-weight:bold;'>(NUR dann kann das Formular versendet werden!)<\/span><\/em>\n\t<\/p>\n<\/div>\n<div style='margin-top:0px;'>\n\t<p><input class=\"wpcf7-form-control wpcf7-submit has-spinner\" type=\"submit\" value=\"Senden\" \/>\n\t<\/p>\n<\/div><div class=\"wpcf7-response-output\" aria-hidden=\"true\"><\/div>\n<\/form>\n<\/div>\n<br \/>\nSollte die Bestellung \u00fcber dies Formular nicht funktioniert haben, bitte per Mail bestellen: <a href=\"mailto:info@mpz-hamburg.de\">info@mpz-hamburg.de. <\/a>Es tut uns Leid, aber es kommt leider manchmal vor. Wir versuchen den Fehler zu finden.<\/p>\n<p><a href=\"http:\/\/mpz-hamburg.de.w020b5ec.kasserver.com\/bestellen\/#20131213washatHamburg\">zur\u00fcck zur Seite &#8218;bestellen&#8216;<\/a>\u00a0&#8211;\u00a0<a href=\"#wrapper\">Zum Seitenanfang<\/a><br \/>\n<a id=\"\u201c20131213washatHamburg\u201c\" name=\"\u201c20131213washatHamburg\u201c\"><\/a><\/p>\n","protected":false},"excerpt":{"rendered":"<p>zur\u00fcck\u00a0&#8211;\u00a0zum Bestellformular\u00a0&#8211;\u00a0Vertriebsbedingungen Staatliche F\u00fcrsorge und ihre Folgen von der Weimarer Republik bis in die 1990ger Jahre 90 Min. \/ Farbe + s\/w \/ 4:3 \/ 1992 \/\u00a0 \u00a9\uf87f Projektgruppe f\u00fcr die vergessenen Opfer des NS-Regimes in Hamburg e.V. + mpz &hellip; <a href=\"http:\/\/mpz-hamburg.de\/neu\/bestellen\/was-hat-hamburg-nur-mit-euch-frauen-gemacht\/\">Weiterlesen <span class=\"meta-nav\">&rarr;<\/span><\/a><\/p>\n","protected":false},"author":1,"featured_media":0,"parent":706,"menu_order":0,"comment_status":"closed","ping_status":"closed","template":"onecolumn-page.php","meta":{"footnotes":""},"class_list":["post-1939","page","type-page","status-publish","hentry"],"_links":{"self":[{"href":"http:\/\/mpz-hamburg.de\/neu\/wp-json\/wp\/v2\/pages\/1939","targetHints":{"allow":["GET"]}}],"collection":[{"href":"http:\/\/mpz-hamburg.de\/neu\/wp-json\/wp\/v2\/pages"}],"about":[{"href":"http:\/\/mpz-hamburg.de\/neu\/wp-json\/wp\/v2\/types\/page"}],"author":[{"embeddable":true,"href":"http:\/\/mpz-hamburg.de\/neu\/wp-json\/wp\/v2\/users\/1"}],"replies":[{"embeddable":true,"href":"http:\/\/mpz-hamburg.de\/neu\/wp-json\/wp\/v2\/comments?post=1939"}],"version-history":[{"count":14,"href":"http:\/\/mpz-hamburg.de\/neu\/wp-json\/wp\/v2\/pages\/1939\/revisions"}],"predecessor-version":[{"id":7611,"href":"http:\/\/mpz-hamburg.de\/neu\/wp-json\/wp\/v2\/pages\/1939\/revisions\/7611"}],"up":[{"embeddable":true,"href":"http:\/\/mpz-hamburg.de\/neu\/wp-json\/wp\/v2\/pages\/706"}],"wp:attachment":[{"href":"http:\/\/mpz-hamburg.de\/neu\/wp-json\/wp\/v2\/media?parent=1939"}],"curies":[{"name":"wp","href":"https:\/\/api.w.org\/{rel}","templated":true}]}}