{"id":2275,"date":"2014-08-17T21:09:16","date_gmt":"2014-08-17T21:09:16","guid":{"rendered":"http:\/\/mpz-hamburg.de.w020b5ec.kasserver.com\/?page_id=2275"},"modified":"2021-03-15T19:10:20","modified_gmt":"2021-03-15T18:10:20","slug":"fuer-die-zukunft-leben-ein-ort-voller-leben","status":"publish","type":"page","link":"http:\/\/mpz-hamburg.de\/neu\/bestellen\/fuer-die-zukunft-leben-ein-ort-voller-leben\/","title":{"rendered":"F\u00fcr die Zukunft leben + Ein Ort voller Leben"},"content":{"rendered":"<p><a href=\"http:\/\/mpz-hamburg.de.w020b5ec.kasserver.com\/bestellen\/#20140817DoppelHD\">zur\u00fcck<\/a>\u00a0&#8211;\u00a0<a href=\"#formular\">zum Bestellformular<\/a>\u00a0&#8211;\u00a0<a href=\"http:\/\/mpz-hamburg.de.w020b5ec.kasserver.com\/neu\/wp-content\/uploads\/2011\/05\/2017-Vertriebsbedingungen.pdf\">Vertriebsbedingungen<\/a><\/p>\n<p>2 DVDs: 20 \u20ac \/ Nr: 00-0735<\/p>\n<p><strong><a href=\"http:\/\/mpz-hamburg.de.w020b5ec.kasserver.com\/neu\/wp-content\/uploads\/2014\/06\/Hofanlagevon-oben-neu04_6web.jpg\"><img loading=\"lazy\" decoding=\"async\" class=\"alignright wp-image-2170\" src=\"http:\/\/mpz-hamburg.de.w020b5ec.kasserver.com\/neu\/wp-content\/uploads\/2014\/06\/Hofanlagevon-oben-neu04_6web-300x225.jpg\" alt=\"Hofanlagevon oben neu04_6web\" width=\"180\" height=\"135\" srcset=\"http:\/\/mpz-hamburg.de\/neu\/wp-content\/uploads\/2014\/06\/Hofanlagevon-oben-neu04_6web-300x225.jpg 300w, http:\/\/mpz-hamburg.de\/neu\/wp-content\/uploads\/2014\/06\/Hofanlagevon-oben-neu04_6web.jpg 640w\" sizes=\"auto, (max-width: 180px) 100vw, 180px\" \/><\/a><a href=\"http:\/\/mpz-hamburg.de.w020b5ec.kasserver.com\/neu\/wp-content\/uploads\/2011\/05\/verlobung.jpg\"><img loading=\"lazy\" decoding=\"async\" class=\"alignright wp-image-2178\" src=\"http:\/\/mpz-hamburg.de.w020b5ec.kasserver.com\/neu\/wp-content\/uploads\/2011\/05\/verlobung-300x225.jpg\" alt=\"verlobung\" width=\"180\" height=\"135\" srcset=\"http:\/\/mpz-hamburg.de\/neu\/wp-content\/uploads\/2011\/05\/verlobung-300x225.jpg 300w, http:\/\/mpz-hamburg.de\/neu\/wp-content\/uploads\/2011\/05\/verlobung.jpg 772w\" sizes=\"auto, (max-width: 180px) 100vw, 180px\" \/><\/a>F\u00fcr die Zukunft leben<br \/>\n<\/strong>Margret und Dieter Scharmer auf Hof Dannwisch<\/p>\n<p>mpz 2009 Ulrike Gay, Gerd M\u00fcller mit Hof Dannwisch \/ 82 Min. \/ 4:3 \/ Musik: Christoph Delor, Ausschnitte aus der CD Traumwanderung \/ S-8-Filme: Harry Lambertsen \/ \u00a9\uf87f mpz<\/p>\n<p>1957 entschliessen sich Margret und Dieter Scharmer ihren Hof auf die biologisch-dynamische Wirtschaftsweise umzustellen.<br \/>\nSie m\u00fcssen erkennen, dass es ein sehr einsamer Weg ist, denn Nachbarn und ehemalige Mitarbeiter k\u00f6nnen diese neue Art, Landwirtschaft zu betreiben, nicht nachvollziehen. Unterst\u00fctzung und Gleichgesinnte finden sie in dem Zusammenschluss B\u00e4uerliche Gesellschaft.<br \/>\nNachdem nach anf\u00e4nglich schlechten Ernten ihre Situation langsam besser wird, vernichtet ein Gro\u00dfbrand das alte Bauernhaus und kurz darauf ein weiterer Brand Scheune und Stallungen. Doch inzwischen gibt es eine Bewegung um die biologisch-dynamischen H\u00f6fe, die die neue Wirtschaftsweise st\u00fctzt und tr\u00e4gt und die Landwirtschaft nicht als Produktionszweig, sondern als gesellschaftliche Aufgabe begreift.<br \/>\nAls Ergebnis dieses Weges \u00fcbereignen die Scharmers den Hof an einen gemeinn\u00fctzigen Verein, um die Lebensaufgabe, biologisch-dynamisch zu wirtschaften, von den Interessen von Banken und Privatinteressen unabh\u00e4ngig zu machen.<\/p>\n<p>Heute bewirtschaften f\u00fcnf Familien den Hof. Sie f\u00fchren ihn als Betriebsgemeinschaft, die den Hof vom Tr\u00e4gerverein gepachtet hat.<br \/>\n<strong>+<br \/>\n<\/strong><strong>Ein Ort voller Leben &#8211;\u00a0<\/strong>Biologisch-dynamischer Landbau auf Hof Dannwisch<br \/>\n<a href=\"http:\/\/mpz-hamburg.de.w020b5ec.kasserver.com\/neu\/wp-content\/uploads\/2011\/05\/Margret-+-Ferkel-01300509-Kopie.jpg\"><img loading=\"lazy\" decoding=\"async\" class=\"alignright wp-image-2269\" src=\"http:\/\/mpz-hamburg.de.w020b5ec.kasserver.com\/neu\/wp-content\/uploads\/2011\/05\/Margret-+-Ferkel-01300509-Kopie.jpg\" alt=\"Margret + Ferkel 01300509 Kopie\" width=\"116\" height=\"90\" \/><\/a><a href=\"http:\/\/mpz-hamburg.de.w020b5ec.kasserver.com\/neu\/wp-content\/uploads\/2011\/05\/Thomas-+-Lehrlingsf\u00fchrung-01264717-Kopie.jpg\"><img loading=\"lazy\" decoding=\"async\" class=\"alignright wp-image-2270\" src=\"http:\/\/mpz-hamburg.de.w020b5ec.kasserver.com\/neu\/wp-content\/uploads\/2011\/05\/Thomas-+-Lehrlingsf\u00fchrung-01264717-Kopie.jpg\" alt=\"Thomas + Lehrlingsf\u00fchrung 01264717 Kopie\" width=\"116\" height=\"92\" \/><\/a><a href=\"http:\/\/mpz-hamburg.de.w020b5ec.kasserver.com\/neu\/wp-content\/uploads\/2011\/05\/Dieter-+K\u00fche-01165907-Kopie.jpg\"><img loading=\"lazy\" decoding=\"async\" class=\"alignright wp-image-2268\" src=\"http:\/\/mpz-hamburg.de.w020b5ec.kasserver.com\/neu\/wp-content\/uploads\/2011\/05\/Dieter-+K\u00fche-01165907-Kopie.jpg\" alt=\"Dieter +K\u00fche 01165907 Kopie\" width=\"145\" height=\"94\" \/><\/a>Ulrike Gay, Cornelia von Koppenfels, Sabine Stecker 1993\/47 Min\/4:3<\/p>\n<p>Hof Dannwisch \u00a0ist\u00a0ein Hof in Horst, n\u00f6rdlich von Elmshorn, der 300 Jahre im Besitz der Familie Scharmer war und bereits seit 1957 biologisch-dynamisch bewirtschaftet wird. 1986 \u00fcbertrug die Familie den Hof an einen gemeinn\u00fctzigen Verein. 1993\u00a0wird er von einer Betriebsgemeinschaft, die aus drei Familien besteht, gemeinsam bewirtschaftet. Auf dem Hof leben ca. 30 Menschen: Auszubildende (der biologisch-dynamischen und der konventionellen Ausbildung). Behinderte und die Familien mit ihren Kindern. 1993 erhielt der Hof den Agrar-Kulturpreis der Schweisfurth-Stiftung.<\/p>\n<p>Der Film ist eine Einf\u00fchrung in die\u00a0biologisch-dynamische Wirtschaftsweise am Beispiel von Hof Dannwisch.<\/p>\n\n<div class=\"wpcf7 no-js\" id=\"wpcf7-f1621-o1\" lang=\"de-DE\" dir=\"ltr\" data-wpcf7-id=\"1621\">\n<div class=\"screen-reader-response\"><p role=\"status\" aria-live=\"polite\" aria-atomic=\"true\"><\/p> <ul><\/ul><\/div>\n<form action=\"\/neu\/wp-json\/wp\/v2\/pages\/2275#wpcf7-f1621-o1\" method=\"post\" class=\"wpcf7-form init\" aria-label=\"Kontaktformular\" novalidate=\"novalidate\" data-status=\"init\">\n<fieldset class=\"hidden-fields-container\"><input type=\"hidden\" name=\"_wpcf7\" value=\"1621\" \/><input type=\"hidden\" name=\"_wpcf7_version\" value=\"6.1.5\" \/><input type=\"hidden\" name=\"_wpcf7_locale\" value=\"de_DE\" \/><input type=\"hidden\" name=\"_wpcf7_unit_tag\" value=\"wpcf7-f1621-o1\" \/><input type=\"hidden\" name=\"_wpcf7_container_post\" value=\"0\" \/><input type=\"hidden\" name=\"_wpcf7_posted_data_hash\" value=\"\" \/><input type=\"hidden\" name=\"_wpcf7dtx_version\" value=\"5.0.5\" \/>\n<\/fieldset>\n<p><span id='formular'><strong>Bestellformuar<\/strong><\/span>\n<\/p>\n<div style='margin-top:-15px; margin-bottom:-10px; text-align:right;'>\n\t<p><a href=\"#wrapper\">Zum Seitenanfang<\/a>\n\t<\/p>\n<\/div>\n<div style='margin-bottom:-10px;'>\n\t<p>Ihr Name (Pflichtfeld)\n\t<\/p>\n\t<p><span class=\"wpcf7-form-control-wrap\" data-name=\"your-name\"><input size=\"40\" maxlength=\"400\" class=\"wpcf7-form-control wpcf7-text wpcf7-validates-as-required\" aria-required=\"true\" aria-invalid=\"false\" value=\"\" type=\"text\" name=\"your-name\" \/><\/span>\n\t<\/p>\n<\/div>\n<div style='margin-bottom:-10px'>\n\t<p>Ihre E-Mail-Adresse (Pflichtfeld)\n\t<\/p>\n\t<p><span class=\"wpcf7-form-control-wrap\" data-name=\"your-email\"><input size=\"40\" maxlength=\"400\" class=\"wpcf7-form-control wpcf7-email wpcf7-validates-as-required wpcf7-text wpcf7-validates-as-email\" aria-required=\"true\" aria-invalid=\"false\" value=\"\" type=\"email\" name=\"your-email\" \/><\/span>\n\t<\/p>\n<\/div>\n<div style='margin-bottom:-10px'>\n\t<p>Stra\u00dfe \/ Hausnummer (Pflichtfeld)\n\t<\/p>\n\t<p><span class=\"wpcf7-form-control-wrap\" data-name=\"strasse\"><input size=\"40\" maxlength=\"400\" class=\"wpcf7-form-control wpcf7-text wpcf7-validates-as-required\" aria-required=\"true\" aria-invalid=\"false\" value=\"\" type=\"text\" name=\"strasse\" \/><\/span>\n\t<\/p>\n<\/div>\n<div style='margin-bottom:-10px'>\n\t<p>PLZ \/ Ort (Pflichtfeld)\n\t<\/p>\n\t<p><span class=\"wpcf7-form-control-wrap\" data-name=\"ort\"><input size=\"40\" maxlength=\"400\" class=\"wpcf7-form-control wpcf7-text wpcf7-validates-as-required\" aria-required=\"true\" aria-invalid=\"false\" value=\"\" type=\"text\" name=\"ort\" \/><\/span>\n\t<\/p>\n<\/div>\n<div style='margin-bottom:-10px'>\n\t<p>Betreff\n\t<\/p>\n\t<p><span id=\"wpcf7-69e8920ed83b1-wrapper\" class=\"wpcf7-form-control-wrap subject-wrap\" style=\"display:none !important; visibility:hidden !important;\"><input type=\"hidden\" name=\"subject-time-start\" value=\"1776849422\"><input type=\"hidden\" name=\"subject-time-check\" value=\"4\"><label for=\"wpcf7-69e8920ed83b1-field\" class=\"hp-message\">Bitte lasse dieses Feld leer.<\/label><input id=\"wpcf7-69e8920ed83b1-field\"  class=\"wpcf7-form-control wpcf7-text\" type=\"text\" name=\"subject\" value=\"\" size=\"40\" tabindex=\"-1\" autocomplete=\"new-password\" \/><\/span>\n\t<\/p>\n<\/div>\n<div style='margin-bottom:-10px'>\n\t<p>Diesen Film m\u00f6chte ich bestellen:\n\t<\/p>\n\t<p><span class=\"wpcf7-form-control-wrap Titel2\" data-name=\"Titel2\"><input type=\"text\" name=\"Titel2\" class=\"wpcf7-form-control wpcf7-text wpcf7dtx wpcf7dtx-text\" aria-invalid=\"false\" value=\"F\u00fcr die Zukunft leben + Ein Ort voller Leben\"><\/span>\n\t<\/p>\n<\/div>\n<div style='margin-bottom:10px'>\n\t<p>Bemerkung\n\t<\/p>\n\t<p><span class=\"wpcf7-form-control-wrap\" data-name=\"your-message\"><textarea cols=\"80\" rows=\"4\" maxlength=\"2000\" class=\"wpcf7-form-control wpcf7-textarea\" aria-invalid=\"false\" name=\"your-message\"><\/textarea><\/span>\n\t<\/p>\n<\/div>\n<div>\n\t<div style='margin-bottom:-14px; color:red;'>\n\t\t<p><span class=\"wpcf7-form-control-wrap\" data-name=\"acceptance-934\"><span class=\"wpcf7-form-control wpcf7-acceptance\"><span class=\"wpcf7-list-item\"><input type=\"checkbox\" name=\"acceptance-934\" value=\"1\" aria-invalid=\"false\" \/><\/span><\/span><\/span><a href=\"http:\/\/mpz-hamburg.de.w020b5ec.kasserver.com\/neu\/wp-content\/uploads\/2011\/05\/Vertriebsbedingungen.pdf\">Vertriebsbedingungen<\/a> akzeptieren.\n\t\t<\/p>\n\t<\/div>\n\t<p><em><span style='font-weight:bold;'>(NUR dann kann das Formular versendet werden!)<\/span><\/em>\n\t<\/p>\n<\/div>\n<div style='margin-top:0px;'>\n\t<p><input class=\"wpcf7-form-control wpcf7-submit has-spinner\" type=\"submit\" value=\"Senden\" \/>\n\t<\/p>\n<\/div><div class=\"wpcf7-response-output\" aria-hidden=\"true\"><\/div>\n<\/form>\n<\/div>\n\n<p>Sollte die Bestellung \u00fcber dies Formular nicht funktioniert haben, bitte per Mail bestellen: <a href=\"mailto:info@mpz-hamburg.de\">info@mpz-hamburg.de<\/a>. Es tut uns Leid, aber es kommt leider manchmal vor. Wir versuchen den Fehler zu finden.<\/p>\n<p><a href=\"http:\/\/mpz-hamburg.de.w020b5ec.kasserver.com\/bestellen\/#20140817DoppelHD\">zur\u00fcck zur Seite &#8218;bestellen&#8216;<\/a>\u00a0&#8211;\u00a0<a href=\"#wrapper\">Zum Seitenanfang<\/a><\/p>\n<div><\/div>\n","protected":false},"excerpt":{"rendered":"<p>zur\u00fcck\u00a0&#8211;\u00a0zum Bestellformular\u00a0&#8211;\u00a0Vertriebsbedingungen 2 DVDs: 20 \u20ac \/ Nr: 00-0735 F\u00fcr die Zukunft leben Margret und Dieter Scharmer auf Hof Dannwisch mpz 2009 Ulrike Gay, Gerd M\u00fcller mit Hof Dannwisch \/ 82 Min. \/ 4:3 \/ Musik: Christoph Delor, Ausschnitte aus &hellip; <a href=\"http:\/\/mpz-hamburg.de\/neu\/bestellen\/fuer-die-zukunft-leben-ein-ort-voller-leben\/\">Weiterlesen <span class=\"meta-nav\">&rarr;<\/span><\/a><\/p>\n","protected":false},"author":1,"featured_media":0,"parent":706,"menu_order":0,"comment_status":"closed","ping_status":"closed","template":"onecolumn-page.php","meta":{"footnotes":""},"class_list":["post-2275","page","type-page","status-publish","hentry"],"_links":{"self":[{"href":"http:\/\/mpz-hamburg.de\/neu\/wp-json\/wp\/v2\/pages\/2275","targetHints":{"allow":["GET"]}}],"collection":[{"href":"http:\/\/mpz-hamburg.de\/neu\/wp-json\/wp\/v2\/pages"}],"about":[{"href":"http:\/\/mpz-hamburg.de\/neu\/wp-json\/wp\/v2\/types\/page"}],"author":[{"embeddable":true,"href":"http:\/\/mpz-hamburg.de\/neu\/wp-json\/wp\/v2\/users\/1"}],"replies":[{"embeddable":true,"href":"http:\/\/mpz-hamburg.de\/neu\/wp-json\/wp\/v2\/comments?post=2275"}],"version-history":[{"count":13,"href":"http:\/\/mpz-hamburg.de\/neu\/wp-json\/wp\/v2\/pages\/2275\/revisions"}],"predecessor-version":[{"id":4632,"href":"http:\/\/mpz-hamburg.de\/neu\/wp-json\/wp\/v2\/pages\/2275\/revisions\/4632"}],"up":[{"embeddable":true,"href":"http:\/\/mpz-hamburg.de\/neu\/wp-json\/wp\/v2\/pages\/706"}],"wp:attachment":[{"href":"http:\/\/mpz-hamburg.de\/neu\/wp-json\/wp\/v2\/media?parent=2275"}],"curies":[{"name":"wp","href":"https:\/\/api.w.org\/{rel}","templated":true}]}}