{"id":2308,"date":"2014-08-19T15:20:43","date_gmt":"2014-08-19T15:20:43","guid":{"rendered":"http:\/\/mpz-hamburg.de.w020b5ec.kasserver.com\/?page_id=2308"},"modified":"2017-03-23T12:12:59","modified_gmt":"2017-03-23T12:12:59","slug":"der-schnuerboden","status":"publish","type":"page","link":"http:\/\/mpz-hamburg.de\/neu\/bestellen\/der-schnuerboden\/","title":{"rendered":"Der Schn\u00fcrboden"},"content":{"rendered":"<p><a href=\"http:\/\/mpz-hamburg.de.w020b5ec.kasserver.com\/bestellen\/#20140819Schn\u00fcrboden\">zur\u00fcck<\/a>\u00a0&#8211;\u00a0<a href=\"#formular\">zum Bestellformular<\/a>\u00a0&#8211;\u00a0<a href=\"http:\/\/mpz-hamburg.de.w020b5ec.kasserver.com\/neu\/wp-content\/uploads\/2011\/05\/2017-Vertriebsbedingungen.pdf\">Vertriebsbedingungen<\/a><\/p>\n<p><strong><a href=\"http:\/\/mpz-hamburg.de.w020b5ec.kasserver.com\/neu\/wp-content\/uploads\/2011\/05\/Schn\u00fcrbodenMAN2002-003-204-01-Kopie.jpg\"><img loading=\"lazy\" decoding=\"async\" class=\"alignright wp-image-2302\" src=\"http:\/\/mpz-hamburg.de.w020b5ec.kasserver.com\/neu\/wp-content\/uploads\/2011\/05\/Schn\u00fcrbodenMAN2002-003-204-01-Kopie.jpg\" alt=\"Schn\u00fcrbodenMAN2002-003-204-01 Kopie\" width=\"240\" height=\"240\" \/><\/a><\/strong><\/p>\n<p>2 DVDs: Nr: 01-1325 \/ 15 \u20ac:\u00a0<strong><br \/>\nDer Schn\u00fcrboden<\/strong> &#8211; Das Herz der Werft<br \/>\nJ\u00fcrgen Kinter (mpz) f\u00fcr Museum der Arbeit 2012 \/ 36 Min. \/ 4:3 \/ Fotos: MdA<\/p>\n<p>Die Arbeit auf dem Schn\u00fcrboden spielte beim traditionellen Schiffbau eine gro\u00dfe Rolle. Ehemalige Werftbesch\u00e4ftigte und jetzt ehrenamtliche Mitarbeiter des Hafenmuseums haben in der, jetzt als Lagerhalle genutzten, ehemaligen Schiffbauhalle den Schn\u00fcrboden aus den 1950er Jahren entdeckt, auf dem noch vollst\u00e4ndige Aufrisse von Schiffen erhalten sind.<br \/>\nAuf dem Dachboden wurden fr\u00fcher aus den Angaben der Zeichnungen die Linien und Rundungen von Schiffsteilen auf einem Reissboden in originaler Gr\u00f6\u00dfe aufgetragen, um die Abmessungen der Einzelteile und ihr Zusammenpassen vor Ort der Produktion und Montage verf\u00fcgbar zu haben.<br \/>\nEhemalige Schiffbauer und auf der Werft Besch\u00e4ftigte berichten \u00fcber die Arbeit auf dem Schn\u00fcrboden, erkl\u00e4ren Technik und Funktion dieser Konstruktionsarbeit und die daf\u00fcr notwendigen Werkzeuge. Sie erz\u00e4hlen, wie sich die Arbeit durch die Technisierung im Schiffbau schrittweise ver\u00e4ndert hat, sowie die Auswirkungen auf die Qualit\u00e4t des Schiffbaus und die Besch\u00e4ftigtenzahl.<br \/>\n<strong>+<\/strong><\/p>\n<p><strong><a href=\"http:\/\/mpz-hamburg.de.w020b5ec.kasserver.com\/neu\/wp-content\/uploads\/2011\/05\/Schn\u00fcrboden-fertigWeb.jpg\"><img loading=\"lazy\" decoding=\"async\" class=\"alignright wp-image-2305\" src=\"http:\/\/mpz-hamburg.de.w020b5ec.kasserver.com\/neu\/wp-content\/uploads\/2011\/05\/Schn\u00fcrboden-fertigWeb-300x240.jpg\" alt=\"Schn\u00fcrboden fertigWeb\" width=\"240\" height=\"194\" \/><\/a>Ein Schn\u00fcrboden zieht um<\/strong>\u00a0&#8211; Bergung bei HDW<br \/>\nmpz, Ulrike Gay, Gerd M\u00fcller \/ 22 Min. \/ \u00a9\uf87f mpz 2013 \/ 4:3<\/p>\n<p>Im November 2012 zieht der Schn\u00fcrboden von der ehemaligen Werft HDW ins Hafenmuseum um. Auf dem Schn\u00fcrboden \u00fcber der Produktionshalle wurden die Schiffsteile im Ma\u00dfstab 1:1 aufgezeichnet und Schablonen erstellt, nach denen dann die Bauteile des Schiffsrumpfes gefertigt wurden. Diese tonnenschweren und bis zu 12m langen Holzpakete m\u00fcssen durch eine kleine, in die Fassade der Lagerhalle geschnittene Luke m\u00fchselig mit zwei Autokranen herausgezogen, nach unten gebracht und in einen Container geschoben werden. Die 7t schwere gusseiserne Bands\u00e4ge, erweist sich als widerspenstig. Doch gemeinsam wird auch diese Schwierigkeiten bew\u00e4ltigt. Nun lagert der Schn\u00fcrboden im Container am Museum und wartet darauf, wieder aufgebaut zu werden, damit Menschen hautnah erleben k\u00f6nnen, wie es war, ein Schiff zu bauen.<br \/>\n\n<div class=\"wpcf7 no-js\" id=\"wpcf7-f1621-o1\" lang=\"de-DE\" dir=\"ltr\" data-wpcf7-id=\"1621\">\n<div class=\"screen-reader-response\"><p role=\"status\" aria-live=\"polite\" aria-atomic=\"true\"><\/p> <ul><\/ul><\/div>\n<form action=\"\/neu\/wp-json\/wp\/v2\/pages\/2308#wpcf7-f1621-o1\" method=\"post\" class=\"wpcf7-form init\" aria-label=\"Kontaktformular\" novalidate=\"novalidate\" data-status=\"init\">\n<fieldset class=\"hidden-fields-container\"><input type=\"hidden\" name=\"_wpcf7\" value=\"1621\" \/><input type=\"hidden\" name=\"_wpcf7_version\" value=\"6.1.5\" \/><input type=\"hidden\" name=\"_wpcf7_locale\" value=\"de_DE\" \/><input type=\"hidden\" name=\"_wpcf7_unit_tag\" value=\"wpcf7-f1621-o1\" \/><input type=\"hidden\" name=\"_wpcf7_container_post\" value=\"0\" \/><input type=\"hidden\" name=\"_wpcf7_posted_data_hash\" value=\"\" \/><input type=\"hidden\" name=\"_wpcf7dtx_version\" value=\"5.0.5\" \/>\n<\/fieldset>\n<p><span id='formular'><strong>Bestellformuar<\/strong><\/span>\n<\/p>\n<div style='margin-top:-15px; margin-bottom:-10px; text-align:right;'>\n\t<p><a href=\"#wrapper\">Zum Seitenanfang<\/a>\n\t<\/p>\n<\/div>\n<div style='margin-bottom:-10px;'>\n\t<p>Ihr Name (Pflichtfeld)\n\t<\/p>\n\t<p><span class=\"wpcf7-form-control-wrap\" data-name=\"your-name\"><input size=\"40\" maxlength=\"400\" class=\"wpcf7-form-control wpcf7-text wpcf7-validates-as-required\" aria-required=\"true\" aria-invalid=\"false\" value=\"\" type=\"text\" name=\"your-name\" \/><\/span>\n\t<\/p>\n<\/div>\n<div style='margin-bottom:-10px'>\n\t<p>Ihre E-Mail-Adresse (Pflichtfeld)\n\t<\/p>\n\t<p><span class=\"wpcf7-form-control-wrap\" data-name=\"your-email\"><input size=\"40\" maxlength=\"400\" class=\"wpcf7-form-control wpcf7-email wpcf7-validates-as-required wpcf7-text wpcf7-validates-as-email\" aria-required=\"true\" aria-invalid=\"false\" value=\"\" type=\"email\" name=\"your-email\" \/><\/span>\n\t<\/p>\n<\/div>\n<div style='margin-bottom:-10px'>\n\t<p>Stra\u00dfe \/ Hausnummer (Pflichtfeld)\n\t<\/p>\n\t<p><span class=\"wpcf7-form-control-wrap\" data-name=\"strasse\"><input size=\"40\" maxlength=\"400\" class=\"wpcf7-form-control wpcf7-text wpcf7-validates-as-required\" aria-required=\"true\" aria-invalid=\"false\" value=\"\" type=\"text\" name=\"strasse\" \/><\/span>\n\t<\/p>\n<\/div>\n<div style='margin-bottom:-10px'>\n\t<p>PLZ \/ Ort (Pflichtfeld)\n\t<\/p>\n\t<p><span class=\"wpcf7-form-control-wrap\" data-name=\"ort\"><input size=\"40\" maxlength=\"400\" class=\"wpcf7-form-control wpcf7-text wpcf7-validates-as-required\" aria-required=\"true\" aria-invalid=\"false\" value=\"\" type=\"text\" name=\"ort\" \/><\/span>\n\t<\/p>\n<\/div>\n<div style='margin-bottom:-10px'>\n\t<p>Betreff\n\t<\/p>\n\t<p><span id=\"wpcf7-69e5ccf63c127-wrapper\" class=\"wpcf7-form-control-wrap subject-wrap\" style=\"display:none !important; visibility:hidden !important;\"><input type=\"hidden\" name=\"subject-time-start\" value=\"1776667894\"><input type=\"hidden\" name=\"subject-time-check\" value=\"4\"><label for=\"wpcf7-69e5ccf63c127-field\" class=\"hp-message\">Bitte lasse dieses Feld leer.<\/label><input id=\"wpcf7-69e5ccf63c127-field\"  class=\"wpcf7-form-control wpcf7-text\" type=\"text\" name=\"subject\" value=\"\" size=\"40\" tabindex=\"-1\" autocomplete=\"new-password\" \/><\/span>\n\t<\/p>\n<\/div>\n<div style='margin-bottom:-10px'>\n\t<p>Diesen Film m\u00f6chte ich bestellen:\n\t<\/p>\n\t<p><span class=\"wpcf7-form-control-wrap Titel2\" data-name=\"Titel2\"><input type=\"text\" name=\"Titel2\" class=\"wpcf7-form-control wpcf7-text wpcf7dtx wpcf7dtx-text\" aria-invalid=\"false\" value=\"Der Schn\u00fcrboden\"><\/span>\n\t<\/p>\n<\/div>\n<div style='margin-bottom:10px'>\n\t<p>Bemerkung\n\t<\/p>\n\t<p><span class=\"wpcf7-form-control-wrap\" data-name=\"your-message\"><textarea cols=\"80\" rows=\"4\" maxlength=\"2000\" class=\"wpcf7-form-control wpcf7-textarea\" aria-invalid=\"false\" name=\"your-message\"><\/textarea><\/span>\n\t<\/p>\n<\/div>\n<div>\n\t<div style='margin-bottom:-14px; color:red;'>\n\t\t<p><span class=\"wpcf7-form-control-wrap\" data-name=\"acceptance-934\"><span class=\"wpcf7-form-control wpcf7-acceptance\"><span class=\"wpcf7-list-item\"><input type=\"checkbox\" name=\"acceptance-934\" value=\"1\" aria-invalid=\"false\" \/><\/span><\/span><\/span><a href=\"http:\/\/mpz-hamburg.de.w020b5ec.kasserver.com\/neu\/wp-content\/uploads\/2011\/05\/Vertriebsbedingungen.pdf\">Vertriebsbedingungen<\/a> akzeptieren.\n\t\t<\/p>\n\t<\/div>\n\t<p><em><span style='font-weight:bold;'>(NUR dann kann das Formular versendet werden!)<\/span><\/em>\n\t<\/p>\n<\/div>\n<div style='margin-top:0px;'>\n\t<p><input class=\"wpcf7-form-control wpcf7-submit has-spinner\" type=\"submit\" value=\"Senden\" \/>\n\t<\/p>\n<\/div><div class=\"wpcf7-response-output\" aria-hidden=\"true\"><\/div>\n<\/form>\n<\/div>\n<br \/>\nSollte die Bestellung \u00fcber dies Formular nicht funktioniert haben, bitte per Mail bestellen:<a href=\"mailto:info@mpz-hamburg.de\"> info@mpz-hamburg.de<\/a>. Es tut uns Leid, aber es kommt leider manchmal vor. Wir versuchen den Fehler zu finden.<\/p>\n<p><a href=\"http:\/\/mpz-hamburg.de.w020b5ec.kasserver.com\/bestellen\/#20140819Schn\u00fcrboden\">zur\u00fcck zur Seite &#8218;bestellen&#8216;<\/a>\u00a0&#8211;\u00a0<a href=\"#wrapper\">Zum Seitenanfang<\/a><\/p>\n<div><\/div>\n","protected":false},"excerpt":{"rendered":"<p>zur\u00fcck\u00a0&#8211;\u00a0zum Bestellformular\u00a0&#8211;\u00a0Vertriebsbedingungen 2 DVDs: Nr: 01-1325 \/ 15 \u20ac:\u00a0 Der Schn\u00fcrboden &#8211; Das Herz der Werft J\u00fcrgen Kinter (mpz) f\u00fcr Museum der Arbeit 2012 \/ 36 Min. \/ 4:3 \/ Fotos: MdA Die Arbeit auf dem Schn\u00fcrboden spielte beim traditionellen &hellip; <a href=\"http:\/\/mpz-hamburg.de\/neu\/bestellen\/der-schnuerboden\/\">Weiterlesen <span class=\"meta-nav\">&rarr;<\/span><\/a><\/p>\n","protected":false},"author":1,"featured_media":0,"parent":706,"menu_order":0,"comment_status":"closed","ping_status":"closed","template":"onecolumn-page.php","meta":{"footnotes":""},"class_list":["post-2308","page","type-page","status-publish","hentry"],"_links":{"self":[{"href":"http:\/\/mpz-hamburg.de\/neu\/wp-json\/wp\/v2\/pages\/2308","targetHints":{"allow":["GET"]}}],"collection":[{"href":"http:\/\/mpz-hamburg.de\/neu\/wp-json\/wp\/v2\/pages"}],"about":[{"href":"http:\/\/mpz-hamburg.de\/neu\/wp-json\/wp\/v2\/types\/page"}],"author":[{"embeddable":true,"href":"http:\/\/mpz-hamburg.de\/neu\/wp-json\/wp\/v2\/users\/1"}],"replies":[{"embeddable":true,"href":"http:\/\/mpz-hamburg.de\/neu\/wp-json\/wp\/v2\/comments?post=2308"}],"version-history":[{"count":10,"href":"http:\/\/mpz-hamburg.de\/neu\/wp-json\/wp\/v2\/pages\/2308\/revisions"}],"predecessor-version":[{"id":3303,"href":"http:\/\/mpz-hamburg.de\/neu\/wp-json\/wp\/v2\/pages\/2308\/revisions\/3303"}],"up":[{"embeddable":true,"href":"http:\/\/mpz-hamburg.de\/neu\/wp-json\/wp\/v2\/pages\/706"}],"wp:attachment":[{"href":"http:\/\/mpz-hamburg.de\/neu\/wp-json\/wp\/v2\/media?parent=2308"}],"curies":[{"name":"wp","href":"https:\/\/api.w.org\/{rel}","templated":true}]}}