{"id":2419,"date":"2014-12-17T20:04:04","date_gmt":"2014-12-17T20:04:04","guid":{"rendered":"http:\/\/mpz-hamburg.de.w020b5ec.kasserver.com\/?page_id=2419"},"modified":"2017-03-23T12:15:20","modified_gmt":"2017-03-23T12:15:20","slug":"und-ich-weiss-warum-ich-hier-stehe","status":"publish","type":"page","link":"http:\/\/mpz-hamburg.de\/neu\/bestellen\/und-ich-weiss-warum-ich-hier-stehe\/","title":{"rendered":"\u201e&#8230;und ich wei\u00df, warum ich hier stehe.\u201c"},"content":{"rendered":"<p><a href=\"http:\/\/mpz-hamburg.de.w020b5ec.kasserver.com\/bestellen\/#20141216millerntor\">zur\u00fcck<\/a>\u00a0&#8211;\u00a0<a href=\"#formular\">zum Bestellformular<\/a>\u00a0&#8211;\u00a0<a href=\"http:\/\/mpz-hamburg.de.w020b5ec.kasserver.com\/neu\/wp-content\/uploads\/2011\/05\/2017-Vertriebsbedingungen.pdf\">Vertriebsbedingungen<\/a><\/p>\n<p><b><a href=\"http:\/\/mpz-hamburg.de.w020b5ec.kasserver.com\/neu\/wp-content\/uploads\/2014\/12\/cover_1ich-wei\u00df-warum-ich-hier-stehe_Seite_1_Bild_0001-Kopie.jpg\"><img loading=\"lazy\" decoding=\"async\" class=\"alignright size-medium wp-image-2420\" src=\"http:\/\/mpz-hamburg.de.w020b5ec.kasserver.com\/neu\/wp-content\/uploads\/2014\/12\/cover_1ich-wei\u00df-warum-ich-hier-stehe_Seite_1_Bild_0001-Kopie-236x300.jpg\" alt=\"cover_1ich wei\u00df warum ich hier stehe_Seite_1_Bild_0001 Kopie\" width=\"236\" height=\"300\" srcset=\"http:\/\/mpz-hamburg.de\/neu\/wp-content\/uploads\/2014\/12\/cover_1ich-wei\u00df-warum-ich-hier-stehe_Seite_1_Bild_0001-Kopie-236x300.jpg 236w, http:\/\/mpz-hamburg.de\/neu\/wp-content\/uploads\/2014\/12\/cover_1ich-wei\u00df-warum-ich-hier-stehe_Seite_1_Bild_0001-Kopie.jpg 504w\" sizes=\"auto, (max-width: 236px) 100vw, 236px\" \/><\/a>FC St. Pauli und seine Fans<br \/>\n<\/b>mpz, Millerntor Roar und Fans 1991 \/ 90 Min. \/ 4:3 \/ Nr: 06-0214 \/ 16 \u20ac<\/p>\n<p>Tr\u00e4nen liefen \u00fcber die Gesichtern von Spielern und Fans, als der FC St. Pauli im Juli 1991 beim Relegationsspiel gegen die Stuttgarter Kickers mit 3:1 unterlag und den bitteren Weg in die Zweitklassigkeit antreten musste. Drei Jahre lang wurde am Millerntor Bundesliga gelebt, gespielt und gefeiert, wie in keinem anderen Stadion. Die einmalige Zuschauerstruktur verhalf dem FC St. Pauli zu den besten Fans der Liga, die in jedem Stadion gerne gesehen wurden.<\/p>\n<p>Der Film zeigt Erfolge und Niederlagen bei Heim- und Ausw\u00e4rtsspiele in der Spielzeit 1990\/91 sowie die Sonnen- und Schattenseiten des bezahlten Fu\u00dfballs aus der Sicht der Fans vor 25 Jahren. Der Film zeigt\u00a0eine Mischung aus den damaligen Gef\u00fchlen der Fans sowie Kritik an den nach wie vor bestehenden Verh\u00e4ltnissen im Profifu\u00dfball und &#8211; nicht zuletzt eine immer noch w\u00e4hrende Liebeserkl\u00e4rung an den FC St. Pauli, der f\u00fcr seine Fans auch ein viertel Jahrhundert sp\u00e4ter noch immer viel mehr ist als nur ein Fu\u00dfballverein.<\/p>\n<p>\n<div class=\"wpcf7 no-js\" id=\"wpcf7-f1621-o1\" lang=\"de-DE\" dir=\"ltr\" data-wpcf7-id=\"1621\">\n<div class=\"screen-reader-response\"><p role=\"status\" aria-live=\"polite\" aria-atomic=\"true\"><\/p> <ul><\/ul><\/div>\n<form action=\"\/neu\/wp-json\/wp\/v2\/pages\/2419#wpcf7-f1621-o1\" method=\"post\" class=\"wpcf7-form init\" aria-label=\"Kontaktformular\" novalidate=\"novalidate\" data-status=\"init\">\n<fieldset class=\"hidden-fields-container\"><input type=\"hidden\" name=\"_wpcf7\" value=\"1621\" \/><input type=\"hidden\" name=\"_wpcf7_version\" value=\"6.1.5\" \/><input type=\"hidden\" name=\"_wpcf7_locale\" value=\"de_DE\" \/><input type=\"hidden\" name=\"_wpcf7_unit_tag\" value=\"wpcf7-f1621-o1\" \/><input type=\"hidden\" name=\"_wpcf7_container_post\" value=\"0\" \/><input type=\"hidden\" name=\"_wpcf7_posted_data_hash\" value=\"\" \/><input type=\"hidden\" name=\"_wpcf7dtx_version\" value=\"5.0.5\" \/>\n<\/fieldset>\n<p><span id='formular'><strong>Bestellformuar<\/strong><\/span>\n<\/p>\n<div style='margin-top:-15px; margin-bottom:-10px; text-align:right;'>\n\t<p><a href=\"#wrapper\">Zum Seitenanfang<\/a>\n\t<\/p>\n<\/div>\n<div style='margin-bottom:-10px;'>\n\t<p>Ihr Name (Pflichtfeld)\n\t<\/p>\n\t<p><span class=\"wpcf7-form-control-wrap\" data-name=\"your-name\"><input size=\"40\" maxlength=\"400\" class=\"wpcf7-form-control wpcf7-text wpcf7-validates-as-required\" aria-required=\"true\" aria-invalid=\"false\" value=\"\" type=\"text\" name=\"your-name\" \/><\/span>\n\t<\/p>\n<\/div>\n<div style='margin-bottom:-10px'>\n\t<p>Ihre E-Mail-Adresse (Pflichtfeld)\n\t<\/p>\n\t<p><span class=\"wpcf7-form-control-wrap\" data-name=\"your-email\"><input size=\"40\" maxlength=\"400\" class=\"wpcf7-form-control wpcf7-email wpcf7-validates-as-required wpcf7-text wpcf7-validates-as-email\" aria-required=\"true\" aria-invalid=\"false\" value=\"\" type=\"email\" name=\"your-email\" \/><\/span>\n\t<\/p>\n<\/div>\n<div style='margin-bottom:-10px'>\n\t<p>Stra\u00dfe \/ Hausnummer (Pflichtfeld)\n\t<\/p>\n\t<p><span class=\"wpcf7-form-control-wrap\" data-name=\"strasse\"><input size=\"40\" maxlength=\"400\" class=\"wpcf7-form-control wpcf7-text wpcf7-validates-as-required\" aria-required=\"true\" aria-invalid=\"false\" value=\"\" type=\"text\" name=\"strasse\" \/><\/span>\n\t<\/p>\n<\/div>\n<div style='margin-bottom:-10px'>\n\t<p>PLZ \/ Ort (Pflichtfeld)\n\t<\/p>\n\t<p><span class=\"wpcf7-form-control-wrap\" data-name=\"ort\"><input size=\"40\" maxlength=\"400\" class=\"wpcf7-form-control wpcf7-text wpcf7-validates-as-required\" aria-required=\"true\" aria-invalid=\"false\" value=\"\" type=\"text\" name=\"ort\" \/><\/span>\n\t<\/p>\n<\/div>\n<div style='margin-bottom:-10px'>\n\t<p>Betreff\n\t<\/p>\n\t<p><span id=\"wpcf7-69f334f8e3480-wrapper\" class=\"wpcf7-form-control-wrap subject-wrap\" style=\"display:none !important; visibility:hidden !important;\"><input type=\"hidden\" name=\"subject-time-start\" value=\"1777546488\"><input type=\"hidden\" name=\"subject-time-check\" value=\"4\"><label for=\"wpcf7-69f334f8e3480-field\" class=\"hp-message\">Bitte lasse dieses Feld leer.<\/label><input id=\"wpcf7-69f334f8e3480-field\"  class=\"wpcf7-form-control wpcf7-text\" type=\"text\" name=\"subject\" value=\"\" size=\"40\" tabindex=\"-1\" autocomplete=\"new-password\" \/><\/span>\n\t<\/p>\n<\/div>\n<div style='margin-bottom:-10px'>\n\t<p>Diesen Film m\u00f6chte ich bestellen:\n\t<\/p>\n\t<p><span class=\"wpcf7-form-control-wrap Titel2\" data-name=\"Titel2\"><input type=\"text\" name=\"Titel2\" class=\"wpcf7-form-control wpcf7-text wpcf7dtx wpcf7dtx-text\" aria-invalid=\"false\" value=\"\u201e...und ich wei\u00df, warum ich hier stehe.\u201c\"><\/span>\n\t<\/p>\n<\/div>\n<div style='margin-bottom:10px'>\n\t<p>Bemerkung\n\t<\/p>\n\t<p><span class=\"wpcf7-form-control-wrap\" data-name=\"your-message\"><textarea cols=\"80\" rows=\"4\" maxlength=\"2000\" class=\"wpcf7-form-control wpcf7-textarea\" aria-invalid=\"false\" name=\"your-message\"><\/textarea><\/span>\n\t<\/p>\n<\/div>\n<div>\n\t<div style='margin-bottom:-14px; color:red;'>\n\t\t<p><span class=\"wpcf7-form-control-wrap\" data-name=\"acceptance-934\"><span class=\"wpcf7-form-control wpcf7-acceptance\"><span class=\"wpcf7-list-item\"><input type=\"checkbox\" name=\"acceptance-934\" value=\"1\" aria-invalid=\"false\" \/><\/span><\/span><\/span><a href=\"http:\/\/mpz-hamburg.de.w020b5ec.kasserver.com\/neu\/wp-content\/uploads\/2011\/05\/Vertriebsbedingungen.pdf\">Vertriebsbedingungen<\/a> akzeptieren.\n\t\t<\/p>\n\t<\/div>\n\t<p><em><span style='font-weight:bold;'>(NUR dann kann das Formular versendet werden!)<\/span><\/em>\n\t<\/p>\n<\/div>\n<div style='margin-top:0px;'>\n\t<p><input class=\"wpcf7-form-control wpcf7-submit has-spinner\" type=\"submit\" value=\"Senden\" \/>\n\t<\/p>\n<\/div><div class=\"wpcf7-response-output\" aria-hidden=\"true\"><\/div>\n<\/form>\n<\/div>\n<br \/>\nSollte die Bestellung \u00fcber dies Formular nicht funktioniert haben, bitte per Mail bestellen: <a href=\"mailto:info@mpz-hamburg.de\">info@mpz-hamburg.de.<\/a> Es tut uns Leid, aber es kommt leider manchmal vor. Wir versuchen den Fehler zu finden.<\/p>\n<p><a href=\"http:\/\/mpz-hamburg.de.w020b5ec.kasserver.com\/bestellen\/#20141216millerntor\">zur\u00fcck zur Seite &#8218;bestellen&#8216;<\/a>\u00a0&#8211;\u00a0<a href=\"#wrapper\">Zum Seitenanfang<\/a><\/p>\n<div><\/div>\n","protected":false},"excerpt":{"rendered":"<p>zur\u00fcck\u00a0&#8211;\u00a0zum Bestellformular\u00a0&#8211;\u00a0Vertriebsbedingungen FC St. Pauli und seine Fans mpz, Millerntor Roar und Fans 1991 \/ 90 Min. \/ 4:3 \/ Nr: 06-0214 \/ 16 \u20ac Tr\u00e4nen liefen \u00fcber die Gesichtern von Spielern und Fans, als der FC St. Pauli im &hellip; <a href=\"http:\/\/mpz-hamburg.de\/neu\/bestellen\/und-ich-weiss-warum-ich-hier-stehe\/\">Weiterlesen <span class=\"meta-nav\">&rarr;<\/span><\/a><\/p>\n","protected":false},"author":1,"featured_media":0,"parent":706,"menu_order":0,"comment_status":"closed","ping_status":"closed","template":"onecolumn-page.php","meta":{"footnotes":""},"class_list":["post-2419","page","type-page","status-publish","hentry"],"_links":{"self":[{"href":"http:\/\/mpz-hamburg.de\/neu\/wp-json\/wp\/v2\/pages\/2419","targetHints":{"allow":["GET"]}}],"collection":[{"href":"http:\/\/mpz-hamburg.de\/neu\/wp-json\/wp\/v2\/pages"}],"about":[{"href":"http:\/\/mpz-hamburg.de\/neu\/wp-json\/wp\/v2\/types\/page"}],"author":[{"embeddable":true,"href":"http:\/\/mpz-hamburg.de\/neu\/wp-json\/wp\/v2\/users\/1"}],"replies":[{"embeddable":true,"href":"http:\/\/mpz-hamburg.de\/neu\/wp-json\/wp\/v2\/comments?post=2419"}],"version-history":[{"count":9,"href":"http:\/\/mpz-hamburg.de\/neu\/wp-json\/wp\/v2\/pages\/2419\/revisions"}],"predecessor-version":[{"id":3305,"href":"http:\/\/mpz-hamburg.de\/neu\/wp-json\/wp\/v2\/pages\/2419\/revisions\/3305"}],"up":[{"embeddable":true,"href":"http:\/\/mpz-hamburg.de\/neu\/wp-json\/wp\/v2\/pages\/706"}],"wp:attachment":[{"href":"http:\/\/mpz-hamburg.de\/neu\/wp-json\/wp\/v2\/media?parent=2419"}],"curies":[{"name":"wp","href":"https:\/\/api.w.org\/{rel}","templated":true}]}}