{"id":2904,"date":"2016-06-05T20:51:11","date_gmt":"2016-06-05T20:51:11","guid":{"rendered":"http:\/\/mpz-hamburg.de.w020b5ec.kasserver.com\/?page_id=2904"},"modified":"2017-03-23T11:37:30","modified_gmt":"2017-03-23T11:37:30","slug":"das-war-ne-gute-uebung","status":"publish","type":"page","link":"http:\/\/mpz-hamburg.de\/neu\/bestellen\/das-war-ne-gute-uebung\/","title":{"rendered":"&#8222;Das war \u2018ne gute \u00dcbung !&#8220;"},"content":{"rendered":"<p><a href=\"http:\/\/mpz-hamburg.de.w020b5ec.kasserver.com\/bestellen\/#160605HDWBesetzung\">zur\u00fcck<\/a>\u00a0&#8211;\u00a0<a href=\"#formular\">zum Bestellformular<\/a>\u00a0&#8211;<a href=\"http:\/\/mpz-hamburg.de.w020b5ec.kasserver.com\/neu\/wp-content\/uploads\/2011\/05\/2017-Vertriebsbedingungen.pdf\">\u00a0Vertriebsbedingungen<\/a><\/p>\n<p><a href=\"http:\/\/mpz-hamburg.de.w020b5ec.kasserver.com\/neu\/wp-content\/uploads\/2016\/06\/HDWDemo-c-M.Meyborg.jpg\"><img loading=\"lazy\" decoding=\"async\" class=\"alignright size-medium wp-image-2914\" src=\"http:\/\/mpz-hamburg.de.w020b5ec.kasserver.com\/neu\/wp-content\/uploads\/2016\/06\/HDWDemo-c-M.Meyborg-300x196.jpg\" alt=\"HDWDemo-c-M.Meyborg\" width=\"300\" height=\"196\" srcset=\"http:\/\/mpz-hamburg.de\/neu\/wp-content\/uploads\/2016\/06\/HDWDemo-c-M.Meyborg-300x196.jpg 300w, http:\/\/mpz-hamburg.de\/neu\/wp-content\/uploads\/2016\/06\/HDWDemo-c-M.Meyborg-1024x671.jpg 1024w\" sizes=\"auto, (max-width: 300px) 100vw, 300px\" \/><\/a>9 Tage Betriebsbesetzung bei HDW 1983<\/p>\n<p>mpz (Hafengruppe: Axel Becker, Gerhard Brockmann, Ulrike Gay, Gerd M\u00fcller u.a.), + Ingrid Molnar u.a. \/ Material von 1978: Thomas Thielemann \/ \u00a9 mpz 1983 \/ 90 Min. \/ 4:3 \/ s\/w (Jap. Standard 1) \/ Nr. 01-0335 \/ 16 \u20ac<\/p>\n<p>1983 erreichte die deutsche \u201aWerftenkrise\u2019 einen H\u00f6hepunkt: in Hamburg soll der Schiffbau im Werk-Ross der Howaldswerke-Deutsche Werft eingestellt und 1354 Besch\u00e4ftigte entlassen werden.<br \/>\nAls Verhandlungen mit dem Vorstand des bundeseigenen Salzgitter Konzerns, Demonstrationen und Appelle an die Politik wirkungslos bleiben, entschlie\u00dfen sich die Kolleginnen und Kollegen am 12. Sept. 1983 die Werft zu besetzen. Ein Schritt, der f\u00fcr viele nie vorstellbar war.<\/p>\n<p>Auf t\u00e4glichen Versammlungen wird unter \u00c4ngsten und Hoffnungen das \u201awie weiter\u2019 diskutiert. Eine gro\u00dfe Welle der Solidarit\u00e4t in Hamburg st\u00e4rkt die Entschlossenheit, doch Salzgitter Vorstand und Bundesregierung bleiben hart. Nach 9 Tagen wird die Besetzung abgebrochen. Es bleibt bei den Entlassungen. Doch die Erfahrung von Geschlossenheit und Solidarit\u00e4t bleibt.<br \/>\nFazit: \u201aDas war \u2018ne gute \u00dcbung\u2019.<\/p>\n\n<div class=\"wpcf7 no-js\" id=\"wpcf7-f1621-o1\" lang=\"de-DE\" dir=\"ltr\" data-wpcf7-id=\"1621\">\n<div class=\"screen-reader-response\"><p role=\"status\" aria-live=\"polite\" aria-atomic=\"true\"><\/p> <ul><\/ul><\/div>\n<form action=\"\/neu\/wp-json\/wp\/v2\/pages\/2904#wpcf7-f1621-o1\" method=\"post\" class=\"wpcf7-form init\" aria-label=\"Kontaktformular\" novalidate=\"novalidate\" data-status=\"init\">\n<fieldset class=\"hidden-fields-container\"><input type=\"hidden\" name=\"_wpcf7\" value=\"1621\" \/><input type=\"hidden\" name=\"_wpcf7_version\" value=\"6.1.5\" \/><input type=\"hidden\" name=\"_wpcf7_locale\" value=\"de_DE\" \/><input type=\"hidden\" name=\"_wpcf7_unit_tag\" value=\"wpcf7-f1621-o1\" \/><input type=\"hidden\" name=\"_wpcf7_container_post\" value=\"0\" \/><input type=\"hidden\" name=\"_wpcf7_posted_data_hash\" value=\"\" \/><input type=\"hidden\" name=\"_wpcf7dtx_version\" value=\"5.0.5\" \/>\n<\/fieldset>\n<p><span id='formular'><strong>Bestellformuar<\/strong><\/span>\n<\/p>\n<div style='margin-top:-15px; margin-bottom:-10px; text-align:right;'>\n\t<p><a href=\"#wrapper\">Zum Seitenanfang<\/a>\n\t<\/p>\n<\/div>\n<div style='margin-bottom:-10px;'>\n\t<p>Ihr Name (Pflichtfeld)\n\t<\/p>\n\t<p><span class=\"wpcf7-form-control-wrap\" data-name=\"your-name\"><input size=\"40\" maxlength=\"400\" class=\"wpcf7-form-control wpcf7-text wpcf7-validates-as-required\" aria-required=\"true\" aria-invalid=\"false\" value=\"\" type=\"text\" name=\"your-name\" \/><\/span>\n\t<\/p>\n<\/div>\n<div style='margin-bottom:-10px'>\n\t<p>Ihre E-Mail-Adresse (Pflichtfeld)\n\t<\/p>\n\t<p><span class=\"wpcf7-form-control-wrap\" data-name=\"your-email\"><input size=\"40\" maxlength=\"400\" class=\"wpcf7-form-control wpcf7-email wpcf7-validates-as-required wpcf7-text wpcf7-validates-as-email\" aria-required=\"true\" aria-invalid=\"false\" value=\"\" type=\"email\" name=\"your-email\" \/><\/span>\n\t<\/p>\n<\/div>\n<div style='margin-bottom:-10px'>\n\t<p>Stra\u00dfe \/ Hausnummer (Pflichtfeld)\n\t<\/p>\n\t<p><span class=\"wpcf7-form-control-wrap\" data-name=\"strasse\"><input size=\"40\" maxlength=\"400\" class=\"wpcf7-form-control wpcf7-text wpcf7-validates-as-required\" aria-required=\"true\" aria-invalid=\"false\" value=\"\" type=\"text\" name=\"strasse\" \/><\/span>\n\t<\/p>\n<\/div>\n<div style='margin-bottom:-10px'>\n\t<p>PLZ \/ Ort (Pflichtfeld)\n\t<\/p>\n\t<p><span class=\"wpcf7-form-control-wrap\" data-name=\"ort\"><input size=\"40\" maxlength=\"400\" class=\"wpcf7-form-control wpcf7-text wpcf7-validates-as-required\" aria-required=\"true\" aria-invalid=\"false\" value=\"\" type=\"text\" name=\"ort\" \/><\/span>\n\t<\/p>\n<\/div>\n<div style='margin-bottom:-10px'>\n\t<p>Betreff\n\t<\/p>\n\t<p><span id=\"wpcf7-69e5ccbe75663-wrapper\" class=\"wpcf7-form-control-wrap subject-wrap\" style=\"display:none !important; visibility:hidden !important;\"><input type=\"hidden\" name=\"subject-time-start\" value=\"1776667838\"><input type=\"hidden\" name=\"subject-time-check\" value=\"4\"><label for=\"wpcf7-69e5ccbe75663-field\" class=\"hp-message\">Bitte lasse dieses Feld leer.<\/label><input id=\"wpcf7-69e5ccbe75663-field\"  class=\"wpcf7-form-control wpcf7-text\" type=\"text\" name=\"subject\" value=\"\" size=\"40\" tabindex=\"-1\" autocomplete=\"new-password\" \/><\/span>\n\t<\/p>\n<\/div>\n<div style='margin-bottom:-10px'>\n\t<p>Diesen Film m\u00f6chte ich bestellen:\n\t<\/p>\n\t<p><span class=\"wpcf7-form-control-wrap Titel2\" data-name=\"Titel2\"><input type=\"text\" name=\"Titel2\" class=\"wpcf7-form-control wpcf7-text wpcf7dtx wpcf7dtx-text\" aria-invalid=\"false\" value=\"&quot;Das war \u2018ne gute \u00dcbung !&quot;\"><\/span>\n\t<\/p>\n<\/div>\n<div style='margin-bottom:10px'>\n\t<p>Bemerkung\n\t<\/p>\n\t<p><span class=\"wpcf7-form-control-wrap\" data-name=\"your-message\"><textarea cols=\"80\" rows=\"4\" maxlength=\"2000\" class=\"wpcf7-form-control wpcf7-textarea\" aria-invalid=\"false\" name=\"your-message\"><\/textarea><\/span>\n\t<\/p>\n<\/div>\n<div>\n\t<div style='margin-bottom:-14px; color:red;'>\n\t\t<p><span class=\"wpcf7-form-control-wrap\" data-name=\"acceptance-934\"><span class=\"wpcf7-form-control wpcf7-acceptance\"><span class=\"wpcf7-list-item\"><input type=\"checkbox\" name=\"acceptance-934\" value=\"1\" aria-invalid=\"false\" \/><\/span><\/span><\/span><a href=\"http:\/\/mpz-hamburg.de.w020b5ec.kasserver.com\/neu\/wp-content\/uploads\/2011\/05\/Vertriebsbedingungen.pdf\">Vertriebsbedingungen<\/a> akzeptieren.\n\t\t<\/p>\n\t<\/div>\n\t<p><em><span style='font-weight:bold;'>(NUR dann kann das Formular versendet werden!)<\/span><\/em>\n\t<\/p>\n<\/div>\n<div style='margin-top:0px;'>\n\t<p><input class=\"wpcf7-form-control wpcf7-submit has-spinner\" type=\"submit\" value=\"Senden\" \/>\n\t<\/p>\n<\/div><div class=\"wpcf7-response-output\" aria-hidden=\"true\"><\/div>\n<\/form>\n<\/div>\n\n<p>Sollte die Bestellung \u00fcber dies Formular nicht funktioniert haben, bitte per Mail bestellen:<a href=\"mailto:info@mpz-hamburg.de\">\u00a0info@mpz-hamburg.de<\/a>. Es tut uns Leid, aber es kommt leider manchmal vor. Wir versuchen den Fehler zu finden.<\/p>\n<p style=\"text-align: right; margin-top: -25px;\"><a href=\"http:\/\/mpz-hamburg.de.w020b5ec.kasserver.com\/bestellen\/#160605HDWBesetzung\">zur\u00fcck zur Seite &#8218;bestellen&#8216;<\/a>\u00a0&#8211;\u00a0<a href=\"#wrapper\">Zum Seitenanfang<\/a><\/p>\n","protected":false},"excerpt":{"rendered":"<p>zur\u00fcck\u00a0&#8211;\u00a0zum Bestellformular\u00a0&#8211;\u00a0Vertriebsbedingungen 9 Tage Betriebsbesetzung bei HDW 1983 mpz (Hafengruppe: Axel Becker, Gerhard Brockmann, Ulrike Gay, Gerd M\u00fcller u.a.), + Ingrid Molnar u.a. \/ Material von 1978: Thomas Thielemann \/ \u00a9 mpz 1983 \/ 90 Min. \/ 4:3 \/ s\/w &hellip; <a href=\"http:\/\/mpz-hamburg.de\/neu\/bestellen\/das-war-ne-gute-uebung\/\">Weiterlesen <span class=\"meta-nav\">&rarr;<\/span><\/a><\/p>\n","protected":false},"author":1,"featured_media":0,"parent":706,"menu_order":0,"comment_status":"closed","ping_status":"closed","template":"onecolumn-page.php","meta":{"footnotes":""},"class_list":["post-2904","page","type-page","status-publish","hentry"],"_links":{"self":[{"href":"http:\/\/mpz-hamburg.de\/neu\/wp-json\/wp\/v2\/pages\/2904","targetHints":{"allow":["GET"]}}],"collection":[{"href":"http:\/\/mpz-hamburg.de\/neu\/wp-json\/wp\/v2\/pages"}],"about":[{"href":"http:\/\/mpz-hamburg.de\/neu\/wp-json\/wp\/v2\/types\/page"}],"author":[{"embeddable":true,"href":"http:\/\/mpz-hamburg.de\/neu\/wp-json\/wp\/v2\/users\/1"}],"replies":[{"embeddable":true,"href":"http:\/\/mpz-hamburg.de\/neu\/wp-json\/wp\/v2\/comments?post=2904"}],"version-history":[{"count":13,"href":"http:\/\/mpz-hamburg.de\/neu\/wp-json\/wp\/v2\/pages\/2904\/revisions"}],"predecessor-version":[{"id":3282,"href":"http:\/\/mpz-hamburg.de\/neu\/wp-json\/wp\/v2\/pages\/2904\/revisions\/3282"}],"up":[{"embeddable":true,"href":"http:\/\/mpz-hamburg.de\/neu\/wp-json\/wp\/v2\/pages\/706"}],"wp:attachment":[{"href":"http:\/\/mpz-hamburg.de\/neu\/wp-json\/wp\/v2\/media?parent=2904"}],"curies":[{"name":"wp","href":"https:\/\/api.w.org\/{rel}","templated":true}]}}