{"id":106,"date":"2010-12-15T22:53:48","date_gmt":"2010-12-15T22:53:48","guid":{"rendered":"http:\/\/mpz-hamburg.de.w020b5ec.kasserver.com\/neu\/?page_id=106"},"modified":"2025-12-30T18:30:55","modified_gmt":"2025-12-30T17:30:55","slug":"kriegfrieden","status":"publish","type":"page","link":"https:\/\/mpz-hamburg.de\/neu\/mpz-filme\/kriegfrieden\/","title":{"rendered":"krieg\/frieden"},"content":{"rendered":"\n<p>Im <strong>Bereich &#8222;Krieg\/Frieden&#8220;<\/strong> befinden sich Videofilme zur Geschichte der Bundeswehr und der Friedensbewegung, zu den Themen Kriege\/B\u00fcrgerkriege, R\u00fcstung\/Abr\u00fcstung, Zivilschutz, Waffentechnologie und Waffenhandel. Aus diesem mehr als&nbsp;500 Titel umfassenden Archivbereich sind nachfolgend &#8211; in chronologischer Reihenfolge &#8211; die Eigenproduktionen des mpz aufgelistet<strong>. <\/strong>Mehr Informationen zu Produktion, Form und Geschichte der Filme sowie zu Verleih- und Verwendungsm\u00f6glichkeiten geben wir gerne auf konkrete Anfrage<strong>:<\/strong><\/p>\n\n\n\n<div class=\"wp-block-group\"><div class=\"wp-block-group__inner-container is-layout-flow wp-block-group-is-layout-flow\">\n<figure class=\"wp-block-embed aligncenter is-type-video is-provider-vimeo wp-block-embed-vimeo wp-embed-aspect-16-9 wp-has-aspect-ratio\"><div class=\"wp-block-embed__wrapper\">\n<iframe loading=\"lazy\" src=\"https:\/\/player.vimeo.com\/video\/736155103?dnt=1&amp;app_id=122963\" width=\"640\" height=\"360\" frameborder=\"0\" allow=\"autoplay; fullscreen; picture-in-picture; clipboard-write; encrypted-media; web-share\" referrerpolicy=\"strict-origin-when-cross-origin\"><\/iframe>\n<\/div><\/figure>\n<\/div><\/div>\n\n\n\n<p class=\"has-small-font-size\">Aufzeichnung einer Veranstaltung von &#8218;Gewerkschafter:innen gegen Waffenlieferungen&#8216; am 25. Juni 2022 im Gewerkschaftshaus Hamburg mit den Vertretern des Hafenarbeiterkollektivs Colletivo Autonomo Lavoratori Portuali (CALP). mpz 2022 \/ 54&#8242;<br>Am 20. Mai 2019 verhinderten Hafenarbeiter in Genua die Verladung von Generatoren f\u00fcr das saudische Milit\u00e4r und machte deutlich, dass Aktivit\u00e4ten von Arbeiterinnen und Arbeitern zur Verhinderung von Kriegen unerl\u00e4sslich sind. Ihr Boykott war Teil einer Welle von Aktionen von Hafenarbeitern gegen Kriegstransporte, die sich seit 2017 in europ\u00e4ischen H\u00e4fen entwickelt haben. Unter anderem gab es in den H\u00e4fen von Bilbao, Le Havre, Santander, Genua, Fos sur Mer, Antwerpen, Tilbury und Cherbourg Blockade- und Streikaktionen von Hafenarbeitern gegen Waffentransporte.<br>Auch wenn diese Aktionen die Waffentransporte nicht vollst\u00e4ndig verhindern konnten, sind sie ein Stachel in den Augen der Kriegstreiber aller L\u00e4nder. W\u00e4hrend der italienische Staat die Aktivisten mit Ermittlungen und Verfahren \u00fcberzieht, um durch die Repression weitere Blockaden zu verhindern, erhalten sie internationale Solidarit\u00e4t von Gewerkschafter:innen und Bewegungen aus aller Welt &#8211; sogar vom Papst. (Aufrufflyer)<\/p>\n\n\n\n<figure class=\"wp-block-embed is-type-video is-provider-vimeo wp-block-embed-vimeo\"><div class=\"wp-block-embed__wrapper\">\n<iframe loading=\"lazy\" src=\"https:\/\/player.vimeo.com\/video\/830777255?dnt=1&amp;app_id=122963\" width=\"640\" height=\"360\" frameborder=\"0\" allow=\"autoplay; fullscreen; picture-in-picture; clipboard-write; encrypted-media; web-share\" referrerpolicy=\"strict-origin-when-cross-origin\"><\/iframe>\n<\/div><\/figure>\n\n\n\n<p class=\"has-small-font-size\">Aufzeichnung einer Lesung \/ mpz 2021 \/ 23 min.<br>1944 bis Kriegsende 8. Mai 1945 sollen 200.000 Kindersoldaten im Deutschen Reich eingezogen worden sein. Ca 100.000 wurden get\u00f6tet.<br>Die Gruppe ist gerne bereit die Lesung auch an anderen Orten zu wiederholen.  Kontakt \u00fcber: Geschichtswerkstatt St.Georg und mpz Hamburg e.V.<\/p>\n\n\n\n<p><strong>Krieg \u00a9 &#8211; Kurzfilm zum Irakkrieg<\/strong><br>mpz 2003\/ 4 min.<\/p>\n\n\n\n<p><strong>Golfkrieg im Fernsehen &#8211; Zur TV-Berichterstattung<\/strong><br>mpz 1991\/ 28 min.<\/p>\n\n\n\n<p><strong>ZDL-Streik<br><\/strong>mpz 1989\/ 22 min.\/ f<\/p>\n\n\n\n<p><strong>Schreck la\u00df\u00b4 nach &#8211; Abr\u00fcstung und Sicherheitspolitik<\/strong><br>mpz u. Sch\u00fclerInnen 1987\/ 15 min.\/ f<\/p>\n\n\n\n<p><strong>Altonaer Selbstschutztag des Bundesverbandes f\u00fcr Zivilschutz<\/strong><br>mpz 1983\/ 10 min.\/ s\/w<\/p>\n\n\n\n<p><strong>Fr\u00f6hliches Sterben &#8211; Zivilschutz<\/strong><br>mpz 1983\/ 50 min.\/ s\/w<\/p>\n\n\n\n<p><strong>Kommunistische Feiglinge r\u00e4umen auf &#8211; Zum Thema Zivildienst<br><\/strong>mpz u. CoMiRaRa 1983\/&nbsp;60 min.\/&nbsp;s\/w<\/p>\n\n\n\n<p><strong>Unkraut &#8211; Radikaler antimilitaristischer Widerstand in den Niederlanden<\/strong><br>mpz u. Medienzentrum Ruhr 1982\/83 \/ 50 min.\/ s\/w<\/p>\n\n\n\n<p><strong>Denkblockade<br><\/strong>mpz u. Hochschulstudenten 1982\/ 20 min.\/ s\/w<\/p>\n\n\n\n<p><strong>Bundeswehr &#8211; eine sichere Zukunft?<br><\/strong>mpz, Mediengruppe Harburg u. Soldaten 1976\/ 40 min.\/ s\/w<\/p>\n","protected":false},"excerpt":{"rendered":"<p>Im Bereich &#8222;Krieg\/Frieden&#8220; befinden sich Videofilme zur Geschichte der Bundeswehr und der Friedensbewegung, zu den Themen Kriege\/B\u00fcrgerkriege, R\u00fcstung\/Abr\u00fcstung, Zivilschutz, Waffentechnologie und Waffenhandel. Aus diesem mehr als&nbsp;500 Titel umfassenden Archivbereich sind nachfolgend &#8211; in chronologischer Reihenfolge &#8211; die Eigenproduktionen des mpz &hellip; <a href=\"https:\/\/mpz-hamburg.de\/neu\/mpz-filme\/kriegfrieden\/\">Weiterlesen <span class=\"meta-nav\">&rarr;<\/span><\/a><\/p>\n","protected":false},"author":1,"featured_media":0,"parent":19,"menu_order":6,"comment_status":"closed","ping_status":"closed","template":"onecolumn-page.php","meta":{"footnotes":""},"class_list":["post-106","page","type-page","status-publish","hentry"],"_links":{"self":[{"href":"https:\/\/mpz-hamburg.de\/neu\/wp-json\/wp\/v2\/pages\/106","targetHints":{"allow":["GET"]}}],"collection":[{"href":"https:\/\/mpz-hamburg.de\/neu\/wp-json\/wp\/v2\/pages"}],"about":[{"href":"https:\/\/mpz-hamburg.de\/neu\/wp-json\/wp\/v2\/types\/page"}],"author":[{"embeddable":true,"href":"https:\/\/mpz-hamburg.de\/neu\/wp-json\/wp\/v2\/users\/1"}],"replies":[{"embeddable":true,"href":"https:\/\/mpz-hamburg.de\/neu\/wp-json\/wp\/v2\/comments?post=106"}],"version-history":[{"count":30,"href":"https:\/\/mpz-hamburg.de\/neu\/wp-json\/wp\/v2\/pages\/106\/revisions"}],"predecessor-version":[{"id":8035,"href":"https:\/\/mpz-hamburg.de\/neu\/wp-json\/wp\/v2\/pages\/106\/revisions\/8035"}],"up":[{"embeddable":true,"href":"https:\/\/mpz-hamburg.de\/neu\/wp-json\/wp\/v2\/pages\/19"}],"wp:attachment":[{"href":"https:\/\/mpz-hamburg.de\/neu\/wp-json\/wp\/v2\/media?parent=106"}],"curies":[{"name":"wp","href":"https:\/\/api.w.org\/{rel}","templated":true}]}}