{"id":108,"date":"2010-12-15T22:54:22","date_gmt":"2010-12-15T22:54:22","guid":{"rendered":"http:\/\/mpz-hamburg.de.w020b5ec.kasserver.com\/neu\/?page_id=108"},"modified":"2025-01-12T16:32:07","modified_gmt":"2025-01-12T15:32:07","slug":"stadtteil","status":"publish","type":"page","link":"https:\/\/mpz-hamburg.de\/neu\/mpz-filme\/stadtteil\/","title":{"rendered":"stadtteil"},"content":{"rendered":"<p>Im <strong>Bereich &#8222;Stadtteil&#8220;<\/strong> befinden <a href=\"http:\/\/mpz-hamburg.de.w020b5ec.kasserver.com\/neu\/wp-content\/uploads\/2010\/12\/Hafenstra\u00dfeWeb.jpg\"><img loading=\"lazy\" decoding=\"async\" class=\"alignright size-medium wp-image-2041\" src=\"http:\/\/mpz-hamburg.de.w020b5ec.kasserver.com\/neu\/wp-content\/uploads\/2010\/12\/Hafenstra\u00dfeWeb-300x199.jpg\" alt=\"Hafenstra\u00dfeWeb\" width=\"300\" height=\"199\" srcset=\"https:\/\/mpz-hamburg.de\/neu\/wp-content\/uploads\/2010\/12\/Hafenstra\u00dfeWeb-300x199.jpg 300w, https:\/\/mpz-hamburg.de\/neu\/wp-content\/uploads\/2010\/12\/Hafenstra\u00dfeWeb.jpg 640w\" sizes=\"auto, (max-width: 300px) 100vw, 300px\" \/><\/a>sich Videofilme zur Geschichte des Miet- und Wohnungskampfes, zu den Themen Hausbesetzung, Stadtplanung, Umstrukturierung, Gentrification, Stadtteilkultur und Stadtteilgeschichte. Aus diesem mehr als\u00a0350 Titel umfassenden Archivbereich sind nachfolgend &#8211; in chronologischer Reihenfolge &#8211; die Eigen- und Koproduktionen des mpz aufgelistet<strong>. <\/strong>Mehr Informationen zu Produktion, Form und Geschichte der Filme sowie zu Verleih- und Verwendungsm\u00f6glichkeiten geben wir gerne auf konkrete Anfrage<strong>:<\/strong><\/p>\n<p><strong>\u00dcber den Gesch\u00e4ften &#8211; Wohnen in der K\u00f6nigstra\u00dfe Elmshorn<\/strong><br \/>\nIndustriemuseum Elmshorn in Kooperation mit dem mpz 2020,\u00a0Stephan Corinth, Ulrike Gay \/ 58 min<\/p>\n<p><strong>Elmshorn, K\u00f6nigstra\u00dfe 57 &#8211; Vom Ausschank zum\u00a0<\/strong><span style=\"color: #000000;\"><span style=\"caret-color: #000000;\"><b>Reformhaus<\/b><\/span><\/span><br \/>\nIndustriemuseum Elmshorn in Kooperation mit dem mpz 2019,\u00a0Stephan Corinth, Ulrike Gay \/ 28 min<\/p>\n<h4><strong><a href=\"https:\/\/vimeo.com\/232888583\"><img loading=\"lazy\" decoding=\"async\" class=\" wp-image-3565 alignleft\" src=\"http:\/\/mpz-hamburg.de.w020b5ec.kasserver.com\/neu\/wp-content\/uploads\/2011\/02\/Bildschirmfoto-2017-09-08-um-13.53.12-300x193.png\" alt=\"\" width=\"207\" height=\"133\" srcset=\"https:\/\/mpz-hamburg.de\/neu\/wp-content\/uploads\/2011\/02\/Bildschirmfoto-2017-09-08-um-13.53.12-300x193.png 300w, https:\/\/mpz-hamburg.de\/neu\/wp-content\/uploads\/2011\/02\/Bildschirmfoto-2017-09-08-um-13.53.12-768x493.png 768w, https:\/\/mpz-hamburg.de\/neu\/wp-content\/uploads\/2011\/02\/Bildschirmfoto-2017-09-08-um-13.53.12-1024x658.png 1024w, https:\/\/mpz-hamburg.de\/neu\/wp-content\/uploads\/2011\/02\/Bildschirmfoto-2017-09-08-um-13.53.12.png 1283w\" sizes=\"auto, (max-width: 207px) 100vw, 207px\" \/><\/a>Bunte Zone gegen G20<\/strong><br \/>\nEine Nachbarschaftsaktion \u00a0unter vielen<br \/>\nmpz Juli 2017 \/ 6 min \/ <a href=\"https:\/\/vimeo.com\/232888583\">ansehen<\/a><\/h4>\n<h4>.<\/h4>\n<p><strong>Die unaufh\u00f6rliche Stadtparklust &#8211; <\/strong>Ein Rundgang durch den Hamburger Stadtpark<strong><br \/>\n<\/strong>J\u00fcrgen Kinter, Geschichtswerkstatt Barmbek, Barmbeker Schallarchiv, Reinhard Otto, mit Unterst\u00fctzung des mpz 2009\/ Lang- u. Kurzfassung 144 min u. 99 min.<\/p>\n<p><strong>Zwischen Tr\u00e4umen und Tr\u00fcmmern &#8211; Barmbeker Vergn\u00fcgen &#8211; <\/strong>Ein Videofilm-Ausflug in das alte Barmbek rund um die Hamburger Stra\u00dfe<br \/>\nJ\u00fcrgen Kinter, Geschichtswerkstatt Barmbek, mit Unterst\u00fctzung des mpz 2007\/\u00a072 min.<\/p>\n<p><strong>Barmbeker Hobbywelten<\/strong><br \/>\nJ\u00fcrgen Kinter, Harald Ehlers, Geschichtswerktstatt Barmbek, mit Unterst\u00fctzung des mpz \u00a02006\/ 80 min.<\/p>\n<p><strong><a href=\"http:\/\/mpz-hamburg.de.w020b5ec.kasserver.com\/bestellen\/hafenstrasseremix\/\"><img loading=\"lazy\" decoding=\"async\" class=\"alignright wp-image-3464\" src=\"http:\/\/mpz-hamburg.de.w020b5ec.kasserver.com\/neu\/wp-content\/uploads\/2017\/09\/hafenstrNr7-253x300.png\" alt=\"\" width=\"259\" height=\"307\" srcset=\"https:\/\/mpz-hamburg.de\/neu\/wp-content\/uploads\/2017\/09\/hafenstrNr7-253x300.png 253w, https:\/\/mpz-hamburg.de\/neu\/wp-content\/uploads\/2017\/09\/hafenstrNr7.png 366w\" sizes=\"auto, (max-width: 259px) 100vw, 259px\" \/><\/a>Der Kampf um die besetzten H\u00e4user in St. Pauli &#8211; Hafenstra\u00dfe 1981 bis 1994 &#8211;<br \/>\n<\/strong>Remix aus Filmen von mpz+Hafenstra\u00dfe \/ mpz \u00a02004\/ 95 min. \/ 4:3 \/ <a title=\"Hafenstrasse 1981 bis 1994\" href=\"http:\/\/mpz-hamburg.de.w020b5ec.kasserver.com\/bestellen\/hafenstrasseremix\/\">mehr&#8230;<\/a><\/p>\n<p><strong>Hai nun? &#8211; Volksbad St. Pauli<\/strong><br \/>\nInitiative Volksbad St. Pauli u. mpz 2003\/ 3,5 min.<\/p>\n<p><strong>St. Pauli Passion<\/strong><br \/>\nInitiative Stadtteiltheater u. mpz 2001\/ 150 min.<\/p>\n<h4>\u00a0<strong>\u201930 Jahre Rote Flora \u2013 ein R\u00fcckblick aus verschiedenen Blickwinkeln\u2018<br \/>\n<\/strong>mpz u. Rote Flora 2019 \/ca 65min<\/h4>\n<p><strong>Kippt das Schanzenviertel &#8211; Ein Aktionstag gegen Rassismus, Sicherheitswahn und staatliche Drogenpolitik<br \/>\n<\/strong>Vorbereitungskreis des Aktionstages gegen Rassismus, Sicherheitswahn und staatliche Drogenpolitik, Gruppe Demontage, in Zusammenarbeit mit dem mpz \u00a01999\/ 50 min.<\/p>\n<p><strong>Was Dinge erz\u00e4hlen k\u00f6nnen &#8211; Ein Barmbeker Sammelsurium<\/strong><br \/>\nGeschichtswerkstatt Barmbek, J\u00fcrgen Kinter, mit Unterst\u00fctzung des mpz 1995\/ 47 min.<\/p>\n<p><strong><a href=\"http:\/\/mpz-hamburg.de.w020b5ec.kasserver.com\/bestellen\/barrieren-machen-behindert\/\"><img loading=\"lazy\" decoding=\"async\" class=\"alignright wp-image-2463\" src=\"http:\/\/mpz-hamburg.de.w020b5ec.kasserver.com\/neu\/wp-content\/uploads\/2015\/02\/Ladenstufeweb-300x236.jpg\" alt=\"\" width=\"259\" height=\"204\" srcset=\"https:\/\/mpz-hamburg.de\/neu\/wp-content\/uploads\/2015\/02\/Ladenstufeweb-300x236.jpg 300w, https:\/\/mpz-hamburg.de\/neu\/wp-content\/uploads\/2015\/02\/Ladenstufeweb.jpg 640w\" sizes=\"auto, (max-width: 259px) 100vw, 259px\" \/><\/a>Barrieren machen behindert<br \/>\n<\/strong>mpz u. Nachbarschaftsinitiative Lippmannstra\u00dfe 1995\/ 25 min.\/ f \/ <a title=\"Barrieren machen behindert\" href=\"http:\/\/mpz-hamburg.de.w020b5ec.kasserver.com\/bestellen\/barrieren-machen-behindert\/\">mehr&#8230;<\/a><\/p>\n<p><strong>St. Pauli Hafenstra\u00dfe 7<\/strong><br \/>\nmpz u. Hafenstra\u00dfe 1994\/ 60 min.\/ f \/<a href=\"http:\/\/mpz-hamburg.de.w020b5ec.kasserver.com\/bestellen\/hafenstrasse-nr-7\/\"> mehr&#8230;<\/a><\/p>\n<p><strong>Ein Ausflug in die 1950er Jahre<\/strong><br \/>\nKompilationsfilm \/ mpz u. Geschichtswerkstatt Barmbek 1993\/ 70 min.\/ s\/w u. f<\/p>\n<p><strong>&#8222;&#8230;und ich wei\u00df, warum ich hier stehe.&#8220;<\/strong><br \/>\nmpz,\u00a0St. Pauli Fan-Club u. Millerntor Roar! 1991\/ 90 min.\/ f\/ deutsche u. englische Fassung \/\u00a0<a title=\"\u201e\u2026und ich wei\u00df, warum ich hier stehe.\u201c\" href=\"http:\/\/mpz-hamburg.de.w020b5ec.kasserver.com\/bestellen\/und-ich-weiss-warum-ich-hier-stehe\/\">mehr&#8230;<\/a><\/p>\n<p><strong>\u00a0Ole, ole, Pauli<br \/>\n<\/strong>mpz u. Millerntor Roar! \u00a01991\/ 6 min.\/\u00a0f<\/p>\n<p><strong>Selbst das kleinste Licht durchbricht die Dunkelheit\u00a0 &#8211; Sternbesetzung<\/strong><br \/>\nmpz u. Hafenstra\u00dfe 1990\/ 60 min.\/ f \/ <a href=\"http:\/\/mpz-hamburg.de.w020b5ec.kasserver.com\/bestellen\/selbst-das-kleinste-licht-durchbricht-die-dunkelheit\/\">mehr&#8230;<\/a><\/p>\n<p><strong>Irgendwie &#8211; irgendwo &#8211; irgendwann<br \/>\n<\/strong>mpz u. Hafenstra\u00dfenPropagandaBrigade 1988-89 \/ 100\u00a0min. \/ <a href=\"http:\/\/mpz-hamburg.de.w020b5ec.kasserver.com\/bestellen\/irgendwie-irgendwo-irgendwann\/\">mehr&#8230;<\/a><\/p>\n<p><strong>Bauwagen &#8211; weil&#8216; s besser ist<\/strong><br \/>\nAnja Flach, Anke-Christina Br\u00e4secke, Kathrin Wildner mit Unterst\u00fctzung des mpz\u00a01989\/ 25 min.\/ f \/ <a href=\"http:\/\/mpz-hamburg.de.w020b5ec.kasserver.com\/bestellen\/bauwagen-weils-besser-ist\/\">mehr&#8230;<\/a><\/p>\n<p><strong>Alles sch\u00f6ne wird verboten &#8211; Hamburger Wohnungsgesetz<br \/>\n<\/strong>mpz u. a. 1989\/ 50 min.\/ f<\/p>\n<p><strong>Schweine im Weltall &#8211; \u00dcberfall auf die Hafenstra\u00dfe<\/strong><br \/>\nmpz u. Hafenstra\u00dfe 1989\/ 14 min.\/ f<\/p>\n<p><strong>Der Kampf ums Schr\u00f6derstift<\/strong><br \/>\nWaldemar Bartels mit Unterst\u00fctzung des mpz 1989<\/p>\n<p><strong><a href=\"http:\/\/mpz-hamburg.de.w020b5ec.kasserver.com\/bestellen\/und-ich-weiss-warum-ich-hier-stehe\/\"><img loading=\"lazy\" decoding=\"async\" class=\"alignright size-medium wp-image-2420\" src=\"http:\/\/mpz-hamburg.de.w020b5ec.kasserver.com\/neu\/wp-content\/uploads\/2014\/12\/cover_1ich-wei\u00df-warum-ich-hier-stehe_Seite_1_Bild_0001-Kopie-236x300.jpg\" alt=\"\" width=\"236\" height=\"300\" srcset=\"https:\/\/mpz-hamburg.de\/neu\/wp-content\/uploads\/2014\/12\/cover_1ich-wei\u00df-warum-ich-hier-stehe_Seite_1_Bild_0001-Kopie-236x300.jpg 236w, https:\/\/mpz-hamburg.de\/neu\/wp-content\/uploads\/2014\/12\/cover_1ich-wei\u00df-warum-ich-hier-stehe_Seite_1_Bild_0001-Kopie.jpg 504w\" sizes=\"auto, (max-width: 236px) 100vw, 236px\" \/><\/a>Polizei\u00fcberfall<\/strong><br \/>\nmpz u. Hafenstra\u00dfe 1989\/ 21 min.\/ f<\/p>\n<p><strong>Platzbesetzung &#8211; Flora<\/strong><br \/>\nmpz 1988\/ 12 min.\/ f<\/p>\n<p><strong>Schanze kommt<br \/>\n<\/strong>mpz u. Schanzeninitiative 1988\/ 25 min.\/ f<\/p>\n<p><strong>Ich tausch mit keinem K\u00f6nig &#8211; 68 Jahre Schuster in Hamburg-Barmbek<\/strong><br \/>\nRalf Stratmann, Stefan Corinth, mit Unterst\u00fctzung des mpz 1987\/\u00a060 min.\/ f<\/p>\n<p><strong>Die Augen schlie\u00dfen, um besser zu sehen<\/strong><br \/>\nmpz u. Hafenstra\u00dfe 1986\/ 23 min.\/ f\/ deutsche Fassung u. spanische Fassung<\/p>\n<p><strong>Gewalt<br \/>\n<\/strong>mpz u. Hafenstra\u00dfe 1985\/ 5 min.\/ f<\/p>\n<p><strong>Terrible Houses in Danger<\/strong><br \/>\nmpz u. Hafenstra\u00dfe 1985\/ 45 min.\/ f \/ <a title=\"Terrible Houses in Danger\" href=\"http:\/\/mpz-hamburg.de.w020b5ec.kasserver.com\/bestellen\/terrible-houses-in-danger\/\">mehr&#8230;<\/a><\/p>\n<p><strong>Zwischen Dachziegel und Pflasterstrand<\/strong><br \/>\nmpz u. Hafenstra\u00dfe 1985\/ 50 min. f\/ <a title=\"Zwischen Dachziegel und Plasterstein\" href=\"http:\/\/mpz-hamburg.de.w020b5ec.kasserver.com\/bestellen\/zwischen-dachziegel-und-pflasterstein\/\">mehr&#8230;<\/a><\/p>\n<p><strong>Mottenburg<\/strong><br \/>\nmpz u. Mottenburginitiative 1985\/ 12 min.\/ s\/w<\/p>\n<p><strong>Amandastra\u00dfe 83 &#8211; Hausbesetzung<\/strong><br \/>\nmpz, Die Thede u. Stadtjournal 1981\/ 15 min.\/ s\/w \/ <a href=\"https:\/\/www.diethede.de\/554-0-Online.html\">ansehen..<\/a><\/p>\n<p><strong>Hospitalstra\u00dfe &#8211; Hausbesetzung<br \/>\n<\/strong>mpz u. Die Thede 1980\/ 50 Min.\/ s\/w \/<a href=\"https:\/\/www.diethede.de\/550-0-Online.html\"> ansehen..<\/a><\/p>\n<p><strong>Kein Abriss der Adolph-Passage<\/strong><br \/>\nmpz u. Mieterinitiative Thadenstr.\/Bernstorffstr. 1979\/ 25 min.\/\u00a0s\/w<\/p>\n<p><strong>Wir wollen eine Ampel<\/strong><br \/>\nmpz u. Bewohner 1978\/ 15 min.\/ s\/w<\/p>\n<p><strong>Gesch\u00e4fte des H. Spekulatius &#8211; Mietertheaterst\u00fcck<\/strong><br \/>\nmpz u. Mieterinitiative Haynstr.\/Hegestr. 1976, 20 min.\/ s\/w<\/p>\n<p><strong>Wohnungen besetzen<br \/>\n<\/strong>mpz u. Mieterinitiative Eppendorf 1974\/ 10 min.\/ s\/w<\/p>\n","protected":false},"excerpt":{"rendered":"<p>Im Bereich &#8222;Stadtteil&#8220; befinden sich Videofilme zur Geschichte des Miet- und Wohnungskampfes, zu den Themen Hausbesetzung, Stadtplanung, Umstrukturierung, Gentrification, Stadtteilkultur und Stadtteilgeschichte. Aus diesem mehr als\u00a0350 Titel umfassenden Archivbereich sind nachfolgend &#8211; in chronologischer Reihenfolge &#8211; die Eigen- und Koproduktionen &hellip; <a href=\"https:\/\/mpz-hamburg.de\/neu\/mpz-filme\/stadtteil\/\">Weiterlesen <span class=\"meta-nav\">&rarr;<\/span><\/a><\/p>\n","protected":false},"author":1,"featured_media":0,"parent":19,"menu_order":7,"comment_status":"closed","ping_status":"closed","template":"onecolumn-page.php","meta":{"footnotes":""},"class_list":["post-108","page","type-page","status-publish","hentry"],"_links":{"self":[{"href":"https:\/\/mpz-hamburg.de\/neu\/wp-json\/wp\/v2\/pages\/108","targetHints":{"allow":["GET"]}}],"collection":[{"href":"https:\/\/mpz-hamburg.de\/neu\/wp-json\/wp\/v2\/pages"}],"about":[{"href":"https:\/\/mpz-hamburg.de\/neu\/wp-json\/wp\/v2\/types\/page"}],"author":[{"embeddable":true,"href":"https:\/\/mpz-hamburg.de\/neu\/wp-json\/wp\/v2\/users\/1"}],"replies":[{"embeddable":true,"href":"https:\/\/mpz-hamburg.de\/neu\/wp-json\/wp\/v2\/comments?post=108"}],"version-history":[{"count":49,"href":"https:\/\/mpz-hamburg.de\/neu\/wp-json\/wp\/v2\/pages\/108\/revisions"}],"predecessor-version":[{"id":7777,"href":"https:\/\/mpz-hamburg.de\/neu\/wp-json\/wp\/v2\/pages\/108\/revisions\/7777"}],"up":[{"embeddable":true,"href":"https:\/\/mpz-hamburg.de\/neu\/wp-json\/wp\/v2\/pages\/19"}],"wp:attachment":[{"href":"https:\/\/mpz-hamburg.de\/neu\/wp-json\/wp\/v2\/media?parent=108"}],"curies":[{"name":"wp","href":"https:\/\/api.w.org\/{rel}","templated":true}]}}