{"id":113,"date":"2010-12-16T22:21:43","date_gmt":"2010-12-16T22:21:43","guid":{"rendered":"http:\/\/mpz-hamburg.de.w020b5ec.kasserver.com\/neu\/?page_id=113"},"modified":"2023-12-31T16:47:24","modified_gmt":"2023-12-31T15:47:24","slug":"mpz","status":"publish","type":"page","link":"https:\/\/mpz-hamburg.de\/neu\/","title":{"rendered":"mpz"},"content":{"rendered":"<div class=\"slider\">\n<div id=\"slide1\" class=\"slide\">\n<p>Gegen\u00f6ffentlichkeit und Selbstt\u00e4tigkeit &#8211; eine medienpolitische Utopie.<\/p>\n<p><small>mpz<\/small><\/p>\n<\/div>\n<div id=\"slide2\" class=\"slide\">\n<p>Wo Fernsehen aufh\u00f6rt, f\u00e4ngt Video an.<\/p>\n<p><small>Gruppe Telewissen<\/small><\/p>\n<\/div>\n<div id=\"slide3\" class=\"slide\">\n<p>Ruhest\u00f6rung &#8211; Aufbruch &#8211; Blickwechsel.<\/p>\n<p><small>mpz<\/small><\/p>\n<\/div>\n<div id=\"slide4\" class=\"slide\">\n<p>Wir fragen nicht mehr um Erlaubnis.<\/p>\n<p><small>R. Faenza<\/small><\/p>\n<\/div>\n<div id=\"slide5\" class=\"slide\">\n<p>Avanti dilettanti.<\/p>\n<p><small>Ausspruch im Dadaismus<\/small><\/p>\n<\/div>\n<div id=\"slide6\" class=\"slide\">\n<p>Unter dem operativen Charakter meiner Werke verstehe ich ihre unmittelbare Wirksamkeit<\/p>\n<p><small>S.M. Tretjakow<\/small><\/p>\n<\/div>\n<div id=\"slide7\" class=\"slide\">\n<p>Idee gegen Idee, Produkt gegen Produkt, Produktionszusammenhang gegen Produktionszusammenhang.<\/p>\n<p><small>O. Negt\/A. Kluge<\/small><\/p>\n<\/div>\n<div id=\"slide8\" class=\"slide\">\n<p>Bewegte Bilder k\u00f6nnen Bewegungen nicht ersetzen.<\/p>\n<p><small>C. Does<\/small><\/p>\n<\/div>\n<div id=\"slide9\" class=\"slide\">\n<p>Die wichtigsten Kommunikationsmedien sind wir selbst.<\/p>\n<p><small>R. Faenza<\/small><\/p>\n<\/div>\n<\/div>\n","protected":false},"excerpt":{"rendered":"<p>Gegen\u00f6ffentlichkeit und Selbstt\u00e4tigkeit &#8211; eine medienpolitische Utopie. mpz Wo Fernsehen aufh\u00f6rt, f\u00e4ngt Video an. Gruppe Telewissen Ruhest\u00f6rung &#8211; Aufbruch &#8211; Blickwechsel. mpz Wir fragen nicht mehr um Erlaubnis. R. Faenza Avanti dilettanti. Ausspruch im Dadaismus Unter dem operativen Charakter meiner &hellip; <a href=\"https:\/\/mpz-hamburg.de\/neu\/\">Weiterlesen <span class=\"meta-nav\">&rarr;<\/span><\/a><\/p>\n","protected":false},"author":1,"featured_media":0,"parent":0,"menu_order":0,"comment_status":"closed","ping_status":"closed","template":"onecolumn-page.php","meta":{"footnotes":""},"class_list":["post-113","page","type-page","status-publish","hentry"],"_links":{"self":[{"href":"https:\/\/mpz-hamburg.de\/neu\/wp-json\/wp\/v2\/pages\/113","targetHints":{"allow":["GET"]}}],"collection":[{"href":"https:\/\/mpz-hamburg.de\/neu\/wp-json\/wp\/v2\/pages"}],"about":[{"href":"https:\/\/mpz-hamburg.de\/neu\/wp-json\/wp\/v2\/types\/page"}],"author":[{"embeddable":true,"href":"https:\/\/mpz-hamburg.de\/neu\/wp-json\/wp\/v2\/users\/1"}],"replies":[{"embeddable":true,"href":"https:\/\/mpz-hamburg.de\/neu\/wp-json\/wp\/v2\/comments?post=113"}],"version-history":[{"count":143,"href":"https:\/\/mpz-hamburg.de\/neu\/wp-json\/wp\/v2\/pages\/113\/revisions"}],"predecessor-version":[{"id":7190,"href":"https:\/\/mpz-hamburg.de\/neu\/wp-json\/wp\/v2\/pages\/113\/revisions\/7190"}],"wp:attachment":[{"href":"https:\/\/mpz-hamburg.de\/neu\/wp-json\/wp\/v2\/media?parent=113"}],"curies":[{"name":"wp","href":"https:\/\/api.w.org\/{rel}","templated":true}]}}