{"id":15,"date":"2010-12-13T14:28:29","date_gmt":"2010-12-13T14:28:29","guid":{"rendered":"http:\/\/mpz-hamburg.de.w020b5ec.kasserver.com\/neu\/?page_id=15"},"modified":"2022-01-15T19:39:00","modified_gmt":"2022-01-15T18:39:00","slug":"konzeption","status":"publish","type":"page","link":"https:\/\/mpz-hamburg.de\/neu\/eine-seite\/konzeption\/","title":{"rendered":"konzeption"},"content":{"rendered":"<p><img loading=\"lazy\" decoding=\"async\" class=\"alignright wp-image-862\" title=\"mpz Konzeption: Selbstt\u00e4tigkeit\" src=\"http:\/\/mpz-hamburg.de.w020b5ec.kasserver.com\/neu\/wp-content\/uploads\/2010\/12\/mpz_konzeption.jpg\" alt=\"\" width=\"240\" height=\"160\" \/>Das mpz ist ein selbstorganisiertes alternatives Medienzentrum, das erste und \u00e4lteste in Deutschland. Die anf\u00e4ngliche Konzeption (1973) bezog sich erstmal auf den Bereich Schule und setzte sich zum Ziel, die schulische und politische Arbeit von Lehrer*innen und Sch\u00fcler*innen zu unterst\u00fctzen und einen gemeinsamen Arbeitszusammenhang f\u00fcr die praktische Medienarbeit zu schaffen. Bereits ab 1974 \u00a0<a href=\"http:\/\/mpz-hamburg.de.w020b5ec.kasserver.com\/neu\/wp-content\/uploads\/2010\/12\/Filmarbeit-Arbeitslose-LehrerInnen.jpg\"><img loading=\"lazy\" decoding=\"async\" class=\"alignright wp-image-2128\" src=\"http:\/\/mpz-hamburg.de.w020b5ec.kasserver.com\/neu\/wp-content\/uploads\/2010\/12\/Filmarbeit-Arbeitslose-LehrerInnen-300x219.jpg\" alt=\"Filmarbeit-Arbeitslose LehrerInnen\" width=\"243\" height=\"177\" srcset=\"https:\/\/mpz-hamburg.de\/neu\/wp-content\/uploads\/2010\/12\/Filmarbeit-Arbeitslose-LehrerInnen-300x219.jpg 300w, https:\/\/mpz-hamburg.de\/neu\/wp-content\/uploads\/2010\/12\/Filmarbeit-Arbeitslose-LehrerInnen.jpg 320w\" sizes=\"auto, (max-width: 243px) 100vw, 243px\" \/><\/a>f\u00fchrten Projekte in anderen gesellschaftlichen Bereichen und die personelle Erweiterung des mpz zur Ausweitung der Konzeption und der Arbeitsbereiche (z.B. Stadtteil, Arbeitswelt, Umwelt, Frauen). Politisches Bezugsfeld waren neben der Schule\/Hochschule vor allem die damalige B\u00fcrgerinitiativenbewegung (Miet- und Umweltinitiativen, Anti-Atomkraftbewegung), oppositionelle Gewerkschafts- und Betriebsgruppen <a href=\"http:\/\/mpz-hamburg.de.w020b5ec.kasserver.com\/neu\/wp-content\/uploads\/2010\/12\/Filmarbeit-Hafenarbeiterstreik-1951.jpg\"><img loading=\"lazy\" decoding=\"async\" class=\"alignright wp-image-2129\" src=\"http:\/\/mpz-hamburg.de.w020b5ec.kasserver.com\/neu\/wp-content\/uploads\/2010\/12\/Filmarbeit-Hafenarbeiterstreik-1951-300x194.jpg\" alt=\"Filmarbeit Hafenarbeiterstreik 1951\" width=\"243\" height=\"158\" srcset=\"https:\/\/mpz-hamburg.de\/neu\/wp-content\/uploads\/2010\/12\/Filmarbeit-Hafenarbeiterstreik-1951-300x194.jpg 300w, https:\/\/mpz-hamburg.de\/neu\/wp-content\/uploads\/2010\/12\/Filmarbeit-Hafenarbeiterstreik-1951.jpg 320w\" sizes=\"auto, (max-width: 243px) 100vw, 243px\" \/><\/a>und soziale Bewegungen (Frauengruppen, Jugendzentrumsinitiativen). Mit Hilfe von Medien\u00a0 (insbesondere mit Video) sollten gesellschaftspolitische Konflikte aufgegriffen und Initiativen in ihrer \u00d6ffentlichkeitsarbeit unterst\u00fctzt werden. Ausgehend von der Erfahrung, dass sich die herrschenden Massenmedien vom realen erfahrbaren Leben entfernt hatten oder das Leben nur in seinen Sensationen und Ausnahmen darstellten und den &#8222;einfachen Menschen&#8220; keine M\u00f6glichkeit gaben, ihre Meinung zu \u00e4u\u00dfern, ging es darum, die &#8222;Benachteiligten&#8220;, die &#8222;Betroffenen&#8220; zu Wort und ins Bild kommen zu lassen.<\/p>\n<p><a href=\"http:\/\/mpz-hamburg.de.w020b5ec.kasserver.com\/neu\/wp-content\/uploads\/2010\/12\/mpz-material-1-102MB.pdf\"><img loading=\"lazy\" decoding=\"async\" class=\"alignright wp-image-734\" src=\"http:\/\/mpz-hamburg.de.w020b5ec.kasserver.com\/neu\/wp-content\/uploads\/2010\/12\/cover_mpz-materialien_nr1.jpg\" alt=\"Cover der ersten Ausgabe mpz materialien 1973\" width=\"135\" height=\"185\" \/><\/a>In unserem medientheoretischen Selbstverst\u00e4ndnis kn\u00fcpften wir an der Konzeption einer eingreifenden und selbstt\u00e4tigen Kulturarbeit und Gegen\u00f6ffentlichkeit an, wie sie von Tretjakow, Brecht, Benjamin im Kontext der Arbeiterkulturbewegung in den 1920er\/30er Jahren und von Enzensberger, Negt, Kluge in den 1970er Jahren formuliert worden war. Kultur sollte nicht l\u00e4nger von der Wirklichkeit abgehoben und aus dem Arbeits- und Lebenszusammenhang herausgel\u00f6st sein, sondern integraler Bestandteil des allt\u00e4glichen Lebens der Menschen und in dieses ver\u00e4ndernd eingreifen. Die kulturelle T\u00e4tigkeit sollte zudem nicht nur Sache von Spezialist*innen, Profis sein, sondern zu einer produktiven T\u00e4tigkeit aller Menschen werden. Gegen\u00f6ffentlichkeit sollte sich nicht auf Medienkritik und Gegeninformationen mit aufkl\u00e4rerischem Inhalt beschr\u00e4nken, sondern sich in eigenen Produktionsformen von \u00d6ffentlichkeit, in kollektiven und selbstbestimmten Zusammenh\u00e4ngen artikulieren. An dieser medienpolitischen Utopie einer eingreifenden und selbstt\u00e4tigen Kultur- und Medienarbeit orientiert sich auch heute noch unsere Medienzentrumsarbeit.<\/p>\n<p>Inzwischen sind Medienzentren &#8222;gesellschaftsf\u00e4hig&#8220; geworden. Jede Stadt, jede Firma hat heute ihr Medienzentrum, das jedoch mit den Medienzentrums-Utopien der 1970er\/80er Jahre wenig zu tun hat. Daher m\u00f6chten wir einige Unterscheidungsmerkmale in Erinnerung rufen, die wir f\u00fcr alternative Medienzentren wichtig finden: Selbstorganisation, politische und \u00f6konomische Unabh\u00e4ngigkeit, Unterst\u00fctzung politischer, sozialer und kultureller Bewegungen, Parteilichkeit f\u00fcr die Benachteiligten in dieser Gesellschaft, offener Zugang zu den Medien, mediale Selbstt\u00e4tigkeit, Verwendung relativ einfacher und billiger Medien, kollektive und nichthierarchische Arbeitsstrukturen, dezentrale Produktion und Verbreitung.<\/p>\n<p><strong>Anf\u00e4nge des mpz 1973 &#8211; 1982<br \/>\n<\/strong>mpz 2021<strong> \/ <\/strong>25 min \/ Eine Zusammenstellung aus Fotos von uns und unserer Arbeit und Ausschnitten aus einigen unserer Filme aus der Zeit. Alle Filmbeispiele sind damals mit den ersten Videoger\u00e4ten mit offenen Spulen (Japan Standard1) aufgenommen. <a href=\"https:\/\/vimeo.com\/616515553\">ansehen<\/a><\/p>\n<p>Mehr Informationen zu Selbstverst\u00e4ndnis, Arbeitsweise und F\u00f6rderm\u00f6glichkeiten des mpz &#8211; kurz zusammengefasst auf unserem\u00a0<a href=\"http:\/\/mpz-hamburg.de.w020b5ec.kasserver.com\/neu\/wp-content\/uploads\/2010\/12\/2017-04dasmpzweb.pdf\">Faltblatt<\/a>.<\/p>\n","protected":false},"excerpt":{"rendered":"<p>Das mpz ist ein selbstorganisiertes alternatives Medienzentrum, das erste und \u00e4lteste in Deutschland. Die anf\u00e4ngliche Konzeption (1973) bezog sich erstmal auf den Bereich Schule und setzte sich zum Ziel, die schulische und politische Arbeit von Lehrer*innen und Sch\u00fcler*innen zu unterst\u00fctzen &hellip; <a href=\"https:\/\/mpz-hamburg.de\/neu\/eine-seite\/konzeption\/\">Weiterlesen <span class=\"meta-nav\">&rarr;<\/span><\/a><\/p>\n","protected":false},"author":1,"featured_media":0,"parent":2,"menu_order":0,"comment_status":"closed","ping_status":"closed","template":"onecolumn-page.php","meta":{"footnotes":""},"class_list":["post-15","page","type-page","status-publish","hentry"],"_links":{"self":[{"href":"https:\/\/mpz-hamburg.de\/neu\/wp-json\/wp\/v2\/pages\/15","targetHints":{"allow":["GET"]}}],"collection":[{"href":"https:\/\/mpz-hamburg.de\/neu\/wp-json\/wp\/v2\/pages"}],"about":[{"href":"https:\/\/mpz-hamburg.de\/neu\/wp-json\/wp\/v2\/types\/page"}],"author":[{"embeddable":true,"href":"https:\/\/mpz-hamburg.de\/neu\/wp-json\/wp\/v2\/users\/1"}],"replies":[{"embeddable":true,"href":"https:\/\/mpz-hamburg.de\/neu\/wp-json\/wp\/v2\/comments?post=15"}],"version-history":[{"count":32,"href":"https:\/\/mpz-hamburg.de\/neu\/wp-json\/wp\/v2\/pages\/15\/revisions"}],"predecessor-version":[{"id":4845,"href":"https:\/\/mpz-hamburg.de\/neu\/wp-json\/wp\/v2\/pages\/15\/revisions\/4845"}],"up":[{"embeddable":true,"href":"https:\/\/mpz-hamburg.de\/neu\/wp-json\/wp\/v2\/pages\/2"}],"wp:attachment":[{"href":"https:\/\/mpz-hamburg.de\/neu\/wp-json\/wp\/v2\/media?parent=15"}],"curies":[{"name":"wp","href":"https:\/\/api.w.org\/{rel}","templated":true}]}}