{"id":1604,"date":"2013-08-30T08:32:37","date_gmt":"2013-08-30T08:32:37","guid":{"rendered":"http:\/\/mpz-hamburg.de.w020b5ec.kasserver.com\/?page_id=1604"},"modified":"2017-02-22T17:26:27","modified_gmt":"2017-02-22T17:26:27","slug":"mpzimpressum","status":"publish","type":"page","link":"https:\/\/mpz-hamburg.de\/neu\/mpzimpressum\/","title":{"rendered":"impressum"},"content":{"rendered":"<p><strong>mpz &#8211; Medienp\u00e4dagogik Zentrum Hamburg e.V.<\/strong><br \/>\nSternstra\u00dfe 4, 1. Stock<br \/>\n20357 Hamburg<br \/>\nTelefon: +49 (0)40\/4397259<br \/>\nemail: <a title=\"eMail-Kontakt zum Medienp\u00e4dagogik Zentrum Hamburg e. V.\" href=\"mailto:info@mpz-hamburg.de\">info@mpz-hamburg.de<\/a><br \/>\ninternet: <a title=\"Homepage des Medienp\u00e4dagogik Zentrum Hamburg e. V.\" href=\"http:\/\/mpz-hamburg.de.w020b5ec.kasserver.com\" target=\"_self\">www.mpz-hamburg.de<\/a><\/p>\n<p><strong>Vertretungsberechtigter Vorstand:<\/strong><br \/>\nUlrike Gay (Vorsitzende), Gerhard Brockmann, J\u00fcrgen Kinter<br \/>\n<strong>Registergericht:<br \/>\n<\/strong>Amtsgericht Hamburg<br \/>\n<strong> Registernummer:<\/strong><br \/>\nVR 8216<\/p>\n<p><strong>Unsere Bankverbindung:<br \/>\n<\/strong>GLS Bank Hamburg<br \/>\nIBAN DE15 4306 0967 2068 5756 00<br \/>\nBIC GENODEM1GLS<\/p>\n<p><strong>Haftungshinweis:<\/strong><br \/>\nTrotz sorgf\u00e4ltiger inhaltlicher Kontrolle \u00fcbernehmen wir keine Haftung f\u00fcr die Inhalte externer Links. F\u00fcr den Inhalt der verlinkten Seiten sind ausschlie\u00dflich deren Betreiber verantwortlich.<\/p>\n<p><em>(Quelle: <a title=\"Zur Datenschutzbeauftragter-info.de Internetseite\" href=\"https:\/\/www.datenschutzbeauftragter-info.de\/\">www.datenschutzbeauftragter-info.de\/<\/a>)<\/em><\/p>\n","protected":false},"excerpt":{"rendered":"<p>mpz &#8211; Medienp\u00e4dagogik Zentrum Hamburg e.V. Sternstra\u00dfe 4, 1. Stock 20357 Hamburg Telefon: +49 (0)40\/4397259 email: info@mpz-hamburg.de internet: www.mpz-hamburg.de Vertretungsberechtigter Vorstand: Ulrike Gay (Vorsitzende), Gerhard Brockmann, J\u00fcrgen Kinter Registergericht: Amtsgericht Hamburg Registernummer: VR 8216 Unsere Bankverbindung: GLS Bank Hamburg IBAN &hellip; <a href=\"https:\/\/mpz-hamburg.de\/neu\/mpzimpressum\/\">Weiterlesen <span class=\"meta-nav\">&rarr;<\/span><\/a><\/p>\n","protected":false},"author":1,"featured_media":0,"parent":0,"menu_order":0,"comment_status":"closed","ping_status":"closed","template":"onecolumn-page.php","meta":{"footnotes":""},"class_list":["post-1604","page","type-page","status-publish","hentry"],"_links":{"self":[{"href":"https:\/\/mpz-hamburg.de\/neu\/wp-json\/wp\/v2\/pages\/1604","targetHints":{"allow":["GET"]}}],"collection":[{"href":"https:\/\/mpz-hamburg.de\/neu\/wp-json\/wp\/v2\/pages"}],"about":[{"href":"https:\/\/mpz-hamburg.de\/neu\/wp-json\/wp\/v2\/types\/page"}],"author":[{"embeddable":true,"href":"https:\/\/mpz-hamburg.de\/neu\/wp-json\/wp\/v2\/users\/1"}],"replies":[{"embeddable":true,"href":"https:\/\/mpz-hamburg.de\/neu\/wp-json\/wp\/v2\/comments?post=1604"}],"version-history":[{"count":14,"href":"https:\/\/mpz-hamburg.de\/neu\/wp-json\/wp\/v2\/pages\/1604\/revisions"}],"predecessor-version":[{"id":3247,"href":"https:\/\/mpz-hamburg.de\/neu\/wp-json\/wp\/v2\/pages\/1604\/revisions\/3247"}],"wp:attachment":[{"href":"https:\/\/mpz-hamburg.de\/neu\/wp-json\/wp\/v2\/media?parent=1604"}],"curies":[{"name":"wp","href":"https:\/\/api.w.org\/{rel}","templated":true}]}}