{"id":1898,"date":"2013-12-12T00:57:15","date_gmt":"2013-12-12T00:57:15","guid":{"rendered":"http:\/\/mpz-hamburg.de.w020b5ec.kasserver.com\/?page_id=1898"},"modified":"2017-03-23T12:11:39","modified_gmt":"2017-03-23T12:11:39","slug":"nicht-nur-galionsfigur","status":"publish","type":"page","link":"https:\/\/mpz-hamburg.de\/neu\/bestellen\/nicht-nur-galionsfigur\/","title":{"rendered":"\u2026nicht nur Galionsfigur"},"content":{"rendered":"<p><a href=\"http:\/\/mpz-hamburg.de.w020b5ec.kasserver.com\/bestellen\/#20121212Galionsfigur\">zur\u00fcck<\/a>\u00a0&#8211;\u00a0<a href=\"#formular\">zum Bestellformular<\/a>\u00a0&#8211;\u00a0<a href=\"http:\/\/mpz-hamburg.de.w020b5ec.kasserver.com\/neu\/wp-content\/uploads\/2011\/05\/2017-Vertriebsbedingungen.pdf\">Vertriebsbedingungen<\/a><\/p>\n<p><strong><img loading=\"lazy\" decoding=\"async\" class=\"alignright\" src=\"http:\/\/mpz-hamburg.de.w020b5ec.kasserver.com\/neu\/wp-content\/uploads\/2011\/05\/Kranfahrerinsw-e1365237290170-300x198.jpg\" alt=\"Kranfahrerins:w\" width=\"300\" height=\"198\" \/><span class=\"Apple-style-span\" style=\"color: #444444; font-style: normal; font-weight: normal;\"><strong><span class=\"Apple-style-span\" style=\"color: #444444; font-style: normal; font-weight: normal;\">Frauenarbeit im Hamburger Hafen<\/span><\/strong><\/span><\/strong><\/p>\n<p>1991 \/ 53 Min. \/ 4:3 \/ Farbe \/ mpz + Arbeitskreis Frauen im Museum der Arbeit: Ulrike Gay, Sabine von Kessel, Elisabeth von D\u00fccker \/ Nr. 1-0563 \/ 16,00 \u20ac<\/p>\n<p>Frauen im Hamburger Hafen. Es gab und gibt sie wirklich, auch wenn sie bisher kaum wahrgenommen wurden.\u00a0Der Film zeigt am Beispiel von vier Arbeitspl\u00e4tzen einen kleinen Ausschnitt der Frauenarbeit im Hafen: Kranfahrerin, Putzfrauen, Fischarbeiterinnen, Sekre\u00adt\u00e4rin.<\/p>\n<p>Ida Gellert ist seit 1957 Kranfahrerin. sie machte ihre Ausbildung in der DDR, wo dieser Beruf meistens von Frauen ausge\u00fcbt wurde. : \u201cWenn ich den Hafen seh\u2019, die Kr\u00e4ne, die Schiffe, bin ich gl\u00fccklich. Ich h\u00e4nge so am Kranfahren, das glaubt kein Mensch. Meine Kinder sagen schon immer, Mutti, wenn Du zu Hause bleibst, ich glaub\u2019, dann wirst Du krank. Und das, wo ich doch nun bald das Rentenalter habe. Ich komm hier schlecht weg, ich wei\u00df\u2019 auch nicht.\u201d<\/p>\n<p>Karin Wohlert und Helga P\u00fcttcher sind zwei der letzten fest Angestellten Arbeitskr\u00e4fte im gr\u00f6\u00dften Hamburger Hafenbetrieb. Sie werden zwar kaum wahrgenommen, aber was w\u00e4re ohne sie.\u00a0\u201dF\u00fcnfzehn Jahre bin ich jetzt hier und vorher habe ich acht Jahre im Finanzamt sauber gemacht. Und zu Hause putzt man ja auch wieder. Also man putzt sein Leben lang. Das h\u00e4ngt einem irgend\u00adwann zum Halse raus.\u201d\u00a0Schlimm finden beide die Reinigungsinstitute, die zunehmend eingesetzt werden \u201cda machen sich andere Leute reich und die Frauen werden richtiggehend ausgenutzt.\u201c<\/p>\n<p>Helga B\u00f6tel filetiert seit 28 Jahren Heringe. \u201cWenn die Matjessaison ist, dann schneide ich 5 F\u00e4sser am Tag, 500 Filets sind ungef\u00e4hr in einem Fass\u201d<br \/>\nHelga B\u00f6tel ist im Betriebsrat und im Gesamt\u00adbetriebsrat. \u201cIch habe nicht geh\u00f6rt, dass die Frauen\u00adl\u00f6hne angeglichen sind, der Unterschied ist immer noch geblieben. Er betr\u00e4gt etwa vier bis f\u00fcnf Mark zwischen M\u00e4nner- und Frauenl\u00f6hnen.\u201d<\/p>\n<p>Celeste Demirel arbeitet zusammen mit Mayia Zampaki aus Griechenland. Wie alle berufst\u00e4tigen M\u00fctter ist das Problem der Kinderversorgung gro\u00df: \u201cWenn Kinder klein sind, haben sie alle Krankheiten. Wenn sie krank sind, dann weinen sie nachts und man muss trotzdem fr\u00fch aufste\u00adhen, alles fertig machen und zur Arbeit gehen, manch\u00admal nur zwei Stunden Schlaf und trotzdem acht Stun\u00adden arbeiten gehen, das war sehr hart, sehr schwer. Wir haben Kinder, aber wir wissen, dass wir arbeiten gehen m\u00fcssen, trotz der Kinder.\u201d<\/p>\n<p>Frauen \u201edrau\u00dfen im Au\u00dfenbetrieb\u201c an der Kai sind selten. Anneliese Moeckel arbeitet seit 18 Jahren dort als Sekret\u00e4rin. \u201eAls einzige Frau unter den Hafenarbeitern ist es oft nicht leicht, auch als Betriebsr\u00e4tin nicht. Aber ich muss sagen, ich hab\u2019 eigentlich nie irgendwelche Schwierigkeiten gehabt. Es ist eher so, dass die Kollegen mich maskottchenartig sehen\u2026.Aber ich w\u00fcrde auch ganz gerne mal ein Kleid tragen und, das habe ich festgestellt, dass das irgendwie v\u00f6llig ver\u00e4ndert. Ich kann das nicht begreifen, aber man wirkt auf m\u00e4nnliche Kollegen oder die Hafenarbeiter mit \u2018nem Kleid komischerweise anders, als wenn man als Frau \u2018ne Hose anhat.\u201c<\/p>\n<p>Es ist nur ein kleiner Ausschnitt aus dem Leben der Frauen, denn: acht bis zehn Minuten k\u00f6nnen keinem Frauenleben gerecht werden. Wir konnten sie nicht alle zeigen, all die Frauen, ohne die im Hafen nichts l\u00e4uft: die Frauen in den EDV-Abteilungen, in Kantinen, im LKW, die Prostituierten, die Schwei\u00ad\u00dferinnen, die Funkerinnen, die (Ehe-)Frauen von Ha\u00adfen- und\u00a0 Werftarbeitern, die Binnenschifferinnen \u2026 aber wir zeigen einen Einblick in die Frauenarbeit im Hafen.\u00a0<a href=\"http:\/\/mpz-hamburg.de.w020b5ec.kasserver.com\/neu\/wp-content\/uploads\/2011\/05\/InfoWandbild.pdf\">InfoWandbild<\/a><br \/>\n\n<div class=\"wpcf7 no-js\" id=\"wpcf7-f1621-o1\" lang=\"de-DE\" dir=\"ltr\" data-wpcf7-id=\"1621\">\n<div class=\"screen-reader-response\"><p role=\"status\" aria-live=\"polite\" aria-atomic=\"true\"><\/p> <ul><\/ul><\/div>\n<form action=\"\/neu\/wp-json\/wp\/v2\/pages\/1898#wpcf7-f1621-o1\" method=\"post\" class=\"wpcf7-form init\" aria-label=\"Kontaktformular\" novalidate=\"novalidate\" data-status=\"init\">\n<fieldset class=\"hidden-fields-container\"><input type=\"hidden\" name=\"_wpcf7\" value=\"1621\" \/><input type=\"hidden\" name=\"_wpcf7_version\" value=\"6.1.5\" \/><input type=\"hidden\" name=\"_wpcf7_locale\" value=\"de_DE\" \/><input type=\"hidden\" name=\"_wpcf7_unit_tag\" value=\"wpcf7-f1621-o1\" \/><input type=\"hidden\" name=\"_wpcf7_container_post\" value=\"0\" \/><input type=\"hidden\" name=\"_wpcf7_posted_data_hash\" value=\"\" \/><input type=\"hidden\" name=\"_wpcf7dtx_version\" value=\"5.0.5\" \/>\n<\/fieldset>\n<p><span id='formular'><strong>Bestellformuar<\/strong><\/span>\n<\/p>\n<div style='margin-top:-15px; margin-bottom:-10px; text-align:right;'>\n\t<p><a href=\"#wrapper\">Zum Seitenanfang<\/a>\n\t<\/p>\n<\/div>\n<div style='margin-bottom:-10px;'>\n\t<p>Ihr Name (Pflichtfeld)\n\t<\/p>\n\t<p><span class=\"wpcf7-form-control-wrap\" data-name=\"your-name\"><input size=\"40\" maxlength=\"400\" class=\"wpcf7-form-control wpcf7-text wpcf7-validates-as-required\" aria-required=\"true\" aria-invalid=\"false\" value=\"\" type=\"text\" name=\"your-name\" \/><\/span>\n\t<\/p>\n<\/div>\n<div style='margin-bottom:-10px'>\n\t<p>Ihre E-Mail-Adresse (Pflichtfeld)\n\t<\/p>\n\t<p><span class=\"wpcf7-form-control-wrap\" data-name=\"your-email\"><input size=\"40\" maxlength=\"400\" class=\"wpcf7-form-control wpcf7-email wpcf7-validates-as-required wpcf7-text wpcf7-validates-as-email\" aria-required=\"true\" aria-invalid=\"false\" value=\"\" type=\"email\" name=\"your-email\" \/><\/span>\n\t<\/p>\n<\/div>\n<div style='margin-bottom:-10px'>\n\t<p>Stra\u00dfe \/ Hausnummer (Pflichtfeld)\n\t<\/p>\n\t<p><span class=\"wpcf7-form-control-wrap\" data-name=\"strasse\"><input size=\"40\" maxlength=\"400\" class=\"wpcf7-form-control wpcf7-text wpcf7-validates-as-required\" aria-required=\"true\" aria-invalid=\"false\" value=\"\" type=\"text\" name=\"strasse\" \/><\/span>\n\t<\/p>\n<\/div>\n<div style='margin-bottom:-10px'>\n\t<p>PLZ \/ Ort (Pflichtfeld)\n\t<\/p>\n\t<p><span class=\"wpcf7-form-control-wrap\" data-name=\"ort\"><input size=\"40\" maxlength=\"400\" class=\"wpcf7-form-control wpcf7-text wpcf7-validates-as-required\" aria-required=\"true\" aria-invalid=\"false\" value=\"\" type=\"text\" name=\"ort\" \/><\/span>\n\t<\/p>\n<\/div>\n<div style='margin-bottom:-10px'>\n\t<p>Betreff\n\t<\/p>\n\t<p><span id=\"wpcf7-69dcc6673d9e1-wrapper\" class=\"wpcf7-form-control-wrap subject-wrap\" style=\"display:none !important; visibility:hidden !important;\"><input type=\"hidden\" name=\"subject-time-start\" value=\"1776076391\"><input type=\"hidden\" name=\"subject-time-check\" value=\"4\"><label for=\"wpcf7-69dcc6673d9e1-field\" class=\"hp-message\">Bitte lasse dieses Feld leer.<\/label><input id=\"wpcf7-69dcc6673d9e1-field\"  class=\"wpcf7-form-control wpcf7-text\" type=\"text\" name=\"subject\" value=\"\" size=\"40\" tabindex=\"-1\" autocomplete=\"new-password\" \/><\/span>\n\t<\/p>\n<\/div>\n<div style='margin-bottom:-10px'>\n\t<p>Diesen Film m\u00f6chte ich bestellen:\n\t<\/p>\n\t<p><span class=\"wpcf7-form-control-wrap Titel2\" data-name=\"Titel2\"><input type=\"text\" name=\"Titel2\" class=\"wpcf7-form-control wpcf7-text wpcf7dtx wpcf7dtx-text\" aria-invalid=\"false\" value=\"\u2026nicht nur Galionsfigur\"><\/span>\n\t<\/p>\n<\/div>\n<div style='margin-bottom:10px'>\n\t<p>Bemerkung\n\t<\/p>\n\t<p><span class=\"wpcf7-form-control-wrap\" data-name=\"your-message\"><textarea cols=\"80\" rows=\"4\" maxlength=\"2000\" class=\"wpcf7-form-control wpcf7-textarea\" aria-invalid=\"false\" name=\"your-message\"><\/textarea><\/span>\n\t<\/p>\n<\/div>\n<div>\n\t<div style='margin-bottom:-14px; color:red;'>\n\t\t<p><span class=\"wpcf7-form-control-wrap\" data-name=\"acceptance-934\"><span class=\"wpcf7-form-control wpcf7-acceptance\"><span class=\"wpcf7-list-item\"><input type=\"checkbox\" name=\"acceptance-934\" value=\"1\" aria-invalid=\"false\" \/><\/span><\/span><\/span><a href=\"http:\/\/mpz-hamburg.de.w020b5ec.kasserver.com\/neu\/wp-content\/uploads\/2011\/05\/Vertriebsbedingungen.pdf\">Vertriebsbedingungen<\/a> akzeptieren.\n\t\t<\/p>\n\t<\/div>\n\t<p><em><span style='font-weight:bold;'>(NUR dann kann das Formular versendet werden!)<\/span><\/em>\n\t<\/p>\n<\/div>\n<div style='margin-top:0px;'>\n\t<p><input class=\"wpcf7-form-control wpcf7-submit has-spinner\" type=\"submit\" value=\"Senden\" \/>\n\t<\/p>\n<\/div><div class=\"wpcf7-response-output\" aria-hidden=\"true\"><\/div>\n<\/form>\n<\/div>\n<br \/>\nSollte die Bestellung \u00fcber dies Formular nicht funktioniert haben, bitte per Mail bestellen: <a href=\"mailto:info@mpz-hamburg.de\">info@mpz-hamburg.de. <\/a>Es tut uns Leid, aber es kommt leider manchmal vor. Wir versuchen den Fehler zu finden.<\/p>\n<p><a href=\"http:\/\/mpz-hamburg.de.w020b5ec.kasserver.com\/bestellen\/#20121212Galionsfigur\">zur\u00fcck zur Seite &#8218;bestellen&#8216;<\/a>\u00a0&#8211;\u00a0<a href=\"#wrapper\">Zum Seitenanfang<\/a><\/p>\n","protected":false},"excerpt":{"rendered":"<p>zur\u00fcck\u00a0&#8211;\u00a0zum Bestellformular\u00a0&#8211;\u00a0Vertriebsbedingungen Frauenarbeit im Hamburger Hafen 1991 \/ 53 Min. \/ 4:3 \/ Farbe \/ mpz + Arbeitskreis Frauen im Museum der Arbeit: Ulrike Gay, Sabine von Kessel, Elisabeth von D\u00fccker \/ Nr. 1-0563 \/ 16,00 \u20ac Frauen im Hamburger &hellip; <a href=\"https:\/\/mpz-hamburg.de\/neu\/bestellen\/nicht-nur-galionsfigur\/\">Weiterlesen <span class=\"meta-nav\">&rarr;<\/span><\/a><\/p>\n","protected":false},"author":1,"featured_media":0,"parent":706,"menu_order":0,"comment_status":"closed","ping_status":"closed","template":"onecolumn-page.php","meta":{"footnotes":""},"class_list":["post-1898","page","type-page","status-publish","hentry"],"_links":{"self":[{"href":"https:\/\/mpz-hamburg.de\/neu\/wp-json\/wp\/v2\/pages\/1898","targetHints":{"allow":["GET"]}}],"collection":[{"href":"https:\/\/mpz-hamburg.de\/neu\/wp-json\/wp\/v2\/pages"}],"about":[{"href":"https:\/\/mpz-hamburg.de\/neu\/wp-json\/wp\/v2\/types\/page"}],"author":[{"embeddable":true,"href":"https:\/\/mpz-hamburg.de\/neu\/wp-json\/wp\/v2\/users\/1"}],"replies":[{"embeddable":true,"href":"https:\/\/mpz-hamburg.de\/neu\/wp-json\/wp\/v2\/comments?post=1898"}],"version-history":[{"count":9,"href":"https:\/\/mpz-hamburg.de\/neu\/wp-json\/wp\/v2\/pages\/1898\/revisions"}],"predecessor-version":[{"id":3301,"href":"https:\/\/mpz-hamburg.de\/neu\/wp-json\/wp\/v2\/pages\/1898\/revisions\/3301"}],"up":[{"embeddable":true,"href":"https:\/\/mpz-hamburg.de\/neu\/wp-json\/wp\/v2\/pages\/706"}],"wp:attachment":[{"href":"https:\/\/mpz-hamburg.de\/neu\/wp-json\/wp\/v2\/media?parent=1898"}],"curies":[{"name":"wp","href":"https:\/\/api.w.org\/{rel}","templated":true}]}}