{"id":2,"date":"2010-12-09T10:59:20","date_gmt":"2010-12-09T10:59:20","guid":{"rendered":"http:\/\/mpz-hamburg.de.w020b5ec.kasserver.com\/neu\/?page_id=2"},"modified":"2022-01-15T17:46:53","modified_gmt":"2022-01-15T16:46:53","slug":"eine-seite","status":"publish","type":"page","link":"https:\/\/mpz-hamburg.de\/neu\/eine-seite\/","title":{"rendered":"selbstverst\u00e4ndnis"},"content":{"rendered":"<p><a href=\"http:\/\/mpz-hamburg.de.w020b5ec.kasserver.com\/neu\/wp-content\/uploads\/2010\/12\/2Sternstrau\u00dfen-mit-mpz.jpg\"><img loading=\"lazy\" decoding=\"async\" class=\"alignright wp-image-3233\" src=\"http:\/\/mpz-hamburg.de.w020b5ec.kasserver.com\/neu\/wp-content\/uploads\/2010\/12\/2Sternstrau\u00dfen-mit-mpz-300x225.jpg\" alt=\"\" width=\"334\" height=\"251\" srcset=\"https:\/\/mpz-hamburg.de\/neu\/wp-content\/uploads\/2010\/12\/2Sternstrau\u00dfen-mit-mpz-300x225.jpg 300w, https:\/\/mpz-hamburg.de\/neu\/wp-content\/uploads\/2010\/12\/2Sternstrau\u00dfen-mit-mpz-768x576.jpg 768w, https:\/\/mpz-hamburg.de\/neu\/wp-content\/uploads\/2010\/12\/2Sternstrau\u00dfen-mit-mpz-1024x768.jpg 1024w\" sizes=\"auto, (max-width: 334px) 100vw, 334px\" \/><\/a>Das <strong>mpz &#8211; Medienp\u00e4dagogik Zentrum Hamburg e. V.<\/strong> ist ein selbstorganisiertes, unabh\u00e4ngiges Medienzentrum in Hamburg, das 1973 gegr\u00fcndet wurde. Wir produzieren, verleihen&nbsp;und verkaufen Videofilme, sammeln und ver\u00f6ffentlichen Literatur zur Geschichte alternativer Medienarbeit, organisieren Veranstaltungen, sind Treffpunkt f\u00fcr Gruppen. Wir machen monatlich <a href=\"http:\/\/mpz-hamburg.de.w020b5ec.kasserver.com\/veranstaltungen\">mpz-salons<\/a> mit Filmen und anschlie\u00dfender Diskussion zu verschiedenen Themen.<br \/>\nWir versuchen dabei, mit Medien in politische und allt\u00e4gliche Auseinandersetzungen einzugreifen und \u00d6ffentlichkeit\/Gegen\u00f6ffentlichkeit herzustellen.<br \/>\nWir versuchen auch nach M\u00f6glichkeit Initiativen und Projekte zu unterst\u00fctzen, selbst mit Medien aktiv zu werden und ihre eigene Kultur- und \u00d6ffentlichkeitsarbeit zu entwickeln.<br \/>\nWir haben ein gro\u00dfes <a title=\"mpz archiv \/ verleih\" href=\"http:\/\/mpz-hamburg.de.w020b5ec.kasserver.com\/?page_id=19\">Videoarchiv<\/a> &#8211; ein unsch\u00e4tzbares Ged\u00e4chtnis der sozialen und politischen Bewegungen seit den 70er Jahren.<br \/>\nDas mpz ist in seiner <a title=\"mpz organisationsform\" href=\"http:\/\/mpz-hamburg.de.w020b5ec.kasserver.com\/?page_id=17\">Organisationsform<\/a> ein gemeinn\u00fctziger Verein, die Mitarbeit ist ehrenamtlich. Wir versuchen, Abh\u00e4ngigkeiten zu vermeiden und finanzieren unsere Medienarbeit deshalb \u00fcber Spenden und F\u00f6rderbeitr\u00e4ge sowie Einnahmen aus dem DVD-Verkauf und Videoverleih. Damit wir auch weiterhin unabh\u00e4ngig von staatlichen Geldern und anderen Institutionen existieren k\u00f6nnen, brauchen wir eine sichere Basisfinanzierung. Deshalb freuen wir uns \u00fcber jede Form von Unterst\u00fctzung durch Nutzer*innnen, F\u00f6rder*innen und Spender*innen, die uns finanziell unterst\u00fctzen &#8211; bspw. \u00fcber <a title=\"F\u00f6rderschaft und Spenden\" href=\"http:\/\/mpz-hamburg.de.w020b5ec.kasserver.com\/?page_id=372\">F\u00f6rderbeitr\u00e4ge oder Spenden<\/a>.<\/p>\n<p>Mehr Informationen zu Selbstverst\u00e4ndnis, Arbeitsweise und F\u00f6rderm\u00f6glichkeiten des mpz &#8211; kurz zusammengefasst auf unserem <a href=\"http:\/\/mpz-hamburg.de.w020b5ec.kasserver.com\/neu\/wp-content\/uploads\/2010\/12\/2017-04dasmpzweb.pdf\">Faltblatt<\/a>.<\/p>\n","protected":false},"excerpt":{"rendered":"<p>Das mpz &#8211; Medienp\u00e4dagogik Zentrum Hamburg e. V. ist ein selbstorganisiertes, unabh\u00e4ngiges Medienzentrum in Hamburg, das 1973 gegr\u00fcndet wurde. Wir produzieren, verleihen&nbsp;und verkaufen Videofilme, sammeln und ver\u00f6ffentlichen Literatur zur Geschichte alternativer Medienarbeit, organisieren Veranstaltungen, sind Treffpunkt f\u00fcr Gruppen. Wir machen &hellip; <a href=\"https:\/\/mpz-hamburg.de\/neu\/eine-seite\/\">Weiterlesen <span class=\"meta-nav\">&rarr;<\/span><\/a><\/p>\n","protected":false},"author":1,"featured_media":0,"parent":0,"menu_order":1,"comment_status":"closed","ping_status":"closed","template":"onecolumn-page.php","meta":{"footnotes":""},"class_list":["post-2","page","type-page","status-publish","hentry"],"_links":{"self":[{"href":"https:\/\/mpz-hamburg.de\/neu\/wp-json\/wp\/v2\/pages\/2","targetHints":{"allow":["GET"]}}],"collection":[{"href":"https:\/\/mpz-hamburg.de\/neu\/wp-json\/wp\/v2\/pages"}],"about":[{"href":"https:\/\/mpz-hamburg.de\/neu\/wp-json\/wp\/v2\/types\/page"}],"author":[{"embeddable":true,"href":"https:\/\/mpz-hamburg.de\/neu\/wp-json\/wp\/v2\/users\/1"}],"replies":[{"embeddable":true,"href":"https:\/\/mpz-hamburg.de\/neu\/wp-json\/wp\/v2\/comments?post=2"}],"version-history":[{"count":42,"href":"https:\/\/mpz-hamburg.de\/neu\/wp-json\/wp\/v2\/pages\/2\/revisions"}],"predecessor-version":[{"id":4810,"href":"https:\/\/mpz-hamburg.de\/neu\/wp-json\/wp\/v2\/pages\/2\/revisions\/4810"}],"wp:attachment":[{"href":"https:\/\/mpz-hamburg.de\/neu\/wp-json\/wp\/v2\/media?parent=2"}],"curies":[{"name":"wp","href":"https:\/\/api.w.org\/{rel}","templated":true}]}}