{"id":2168,"date":"2014-06-16T18:46:50","date_gmt":"2014-06-16T18:46:50","guid":{"rendered":"http:\/\/mpz-hamburg.de.w020b5ec.kasserver.com\/?page_id=2168"},"modified":"2021-03-15T19:09:23","modified_gmt":"2021-03-15T18:09:23","slug":"fuer-die-zukunft-leben","status":"publish","type":"page","link":"https:\/\/mpz-hamburg.de\/neu\/bestellen\/fuer-die-zukunft-leben\/","title":{"rendered":"F\u00fcr die Zukunft leben"},"content":{"rendered":"<p><a href=\"http:\/\/mpz-hamburg.de.w020b5ec.kasserver.com\/bestellen\/#20140616fuerdieZukunftleben\">zur\u00fcck<\/a>\u00a0&#8211;\u00a0<a href=\"#formular\">zum Bestellformular<\/a>\u00a0&#8211;<a href=\"http:\/\/mpz-hamburg.de.w020b5ec.kasserver.com\/neu\/wp-content\/uploads\/2011\/05\/2017-Vertriebsbedingungen.pdf\">\u00a0Vertriebsbedingungen<\/a><\/p>\n<p><a href=\"http:\/\/mpz-hamburg.de.w020b5ec.kasserver.com\/neu\/wp-content\/uploads\/2011\/05\/verlobung.jpg\"><img loading=\"lazy\" decoding=\"async\" class=\"alignright wp-image-2178\" src=\"http:\/\/mpz-hamburg.de.w020b5ec.kasserver.com\/neu\/wp-content\/uploads\/2011\/05\/verlobung-300x225.jpg\" alt=\"verlobung\" width=\"243\" height=\"183\" srcset=\"https:\/\/mpz-hamburg.de\/neu\/wp-content\/uploads\/2011\/05\/verlobung-300x225.jpg 300w, https:\/\/mpz-hamburg.de\/neu\/wp-content\/uploads\/2011\/05\/verlobung.jpg 772w\" sizes=\"auto, (max-width: 243px) 100vw, 243px\" \/><\/a>Margret und Dieter Scharmer\u00a0<span class=\"Apple-style-span\" style=\"color: #333333; font-family: Georgia, 'Times New Roman', 'Bitstream Charter', Times, serif; font-size: 12px; line-height: 18px;\"><span class=\"Apple-style-span\" style=\"font-size: 16px; color: #444444; font-family: Georgia, 'Bitstream Charter', serif; line-height: 24px;\">auf Hof Dannwisch<\/span><\/span><\/p>\n<p>mpz, Ulrike Gay, Gerd M\u00fcller 2009 mit Hof Dannwisch \/ 84 Min. \/ S8-Filme: Harry Lampertsen \/ Musik: Christoph Delor \/ 4:3 \/ Nr.: 00-0699 \/ 16 \u20ac<\/p>\n<p>1957 entschlie\u00dfen sich Margret und Dieter Scharmer den Hof Dannwisch, der seit dem 17. Jahrhundert in Familienbesitz ist, auf die <a href=\"http:\/\/mpz-hamburg.de.w020b5ec.kasserver.com\/neu\/wp-content\/uploads\/2014\/06\/Luftaufn-Hofanlage-von-S\u00fcdosten_2_2web_2.jpg\"><img loading=\"lazy\" decoding=\"async\" class=\"alignright wp-image-2169\" src=\"http:\/\/mpz-hamburg.de.w020b5ec.kasserver.com\/neu\/wp-content\/uploads\/2014\/06\/Luftaufn-Hofanlage-von-S\u00fcdosten_2_2web_2-300x225.jpg\" alt=\"Luftaufn-Hofanlage von S\u00fcdosten_2_2web_2\" width=\"243\" height=\"183\" srcset=\"https:\/\/mpz-hamburg.de\/neu\/wp-content\/uploads\/2014\/06\/Luftaufn-Hofanlage-von-S\u00fcdosten_2_2web_2-300x225.jpg 300w, https:\/\/mpz-hamburg.de\/neu\/wp-content\/uploads\/2014\/06\/Luftaufn-Hofanlage-von-S\u00fcdosten_2_2web_2.jpg 640w\" sizes=\"auto, (max-width: 243px) 100vw, 243px\" \/><\/a>biologisch-dynamische Wirtschaftsweise umzustellen und in eine neue Zukunft zu f\u00fchren.<\/p>\n<p>Sie m\u00fcssen erkennen, dass es ein sehr einsamer Weg ist, denn Nachbarn und ehemalige Mitarbeiter k\u00f6nnen diesen neuen Weg, Landwirtschaft zu betreiben, nicht nachvollziehen. Unterst\u00fctzung und Gleichgesinnte finden Sie in dem Zusammenschluss B\u00e4uerliche Gesellschaft.<a href=\"http:\/\/mpz-hamburg.de.w020b5ec.kasserver.com\/neu\/wp-content\/uploads\/2014\/06\/Hofanlagevon-oben-neu04_6web.jpg\"><img loading=\"lazy\" decoding=\"async\" class=\"alignright wp-image-2170\" src=\"http:\/\/mpz-hamburg.de.w020b5ec.kasserver.com\/neu\/wp-content\/uploads\/2014\/06\/Hofanlagevon-oben-neu04_6web-300x225.jpg\" alt=\"Hofanlagevon oben neu04_6web\" width=\"243\" height=\"183\" srcset=\"https:\/\/mpz-hamburg.de\/neu\/wp-content\/uploads\/2014\/06\/Hofanlagevon-oben-neu04_6web-300x225.jpg 300w, https:\/\/mpz-hamburg.de\/neu\/wp-content\/uploads\/2014\/06\/Hofanlagevon-oben-neu04_6web.jpg 640w\" sizes=\"auto, (max-width: 243px) 100vw, 243px\" \/><\/a><\/p>\n<div>\n<p>Als die Ernten und damit auch ihre Situation langsam besser werden vernichtet ein Gro\u00dfbrand das alte Bauernhaus und kurz darauf ein weiterer Brand Scheune und Stallungen. Doch inzwischen gibt es eine Bewegung um die biologisch-dynamischen H\u00f6fe, die die neue Wirtschaftsweise st\u00fctzt und tr\u00e4gt und die Landwirtschaft nicht als Produktionszweig, sondern als gesellschaftliche Aufgabe begreift. Auch die GLS Bank unterst\u00fctzt sie beim Neuaufbau.<\/p>\n<p>Als Ergebnis dieses Weges \u00fcbereignen die Scharmers den Hof einem gemeinn\u00fctzigen Verein, um die Lebensaufgabe, biologisch-dynamisch zu wirtschaften, von den Interessen der Banken und von Privatinteressen unabh\u00e4ngig zu machen. Bewirtschaftet wird er nun von der Betriebsgemeinschaft, die den Hof vom Tr\u00e4gerverein gepachtet hat.<\/p>\n<p>Margret und Dieter Scharmer haben als Landwirtsfamilie die ersten Schritte der Umstellung und der Sozialisierung gewagt und bew\u00e4ltigt. Die Weiterentwicklung des Hofes mit seinen sozialen Aufgaben in der heutigen Gesellschaft liegt jetzt in den H\u00e4nden der n\u00e4chsten Generation.<\/p>\n\n<div class=\"wpcf7 no-js\" id=\"wpcf7-f1621-o1\" lang=\"de-DE\" dir=\"ltr\" data-wpcf7-id=\"1621\">\n<div class=\"screen-reader-response\"><p role=\"status\" aria-live=\"polite\" aria-atomic=\"true\"><\/p> <ul><\/ul><\/div>\n<form action=\"\/neu\/wp-json\/wp\/v2\/pages\/2168#wpcf7-f1621-o1\" method=\"post\" class=\"wpcf7-form init\" aria-label=\"Kontaktformular\" novalidate=\"novalidate\" data-status=\"init\">\n<fieldset class=\"hidden-fields-container\"><input type=\"hidden\" name=\"_wpcf7\" value=\"1621\" \/><input type=\"hidden\" name=\"_wpcf7_version\" value=\"6.1.5\" \/><input type=\"hidden\" name=\"_wpcf7_locale\" value=\"de_DE\" \/><input type=\"hidden\" name=\"_wpcf7_unit_tag\" value=\"wpcf7-f1621-o1\" \/><input type=\"hidden\" name=\"_wpcf7_container_post\" value=\"0\" \/><input type=\"hidden\" name=\"_wpcf7_posted_data_hash\" value=\"\" \/><input type=\"hidden\" name=\"_wpcf7dtx_version\" value=\"5.0.5\" \/>\n<\/fieldset>\n<p><span id='formular'><strong>Bestellformuar<\/strong><\/span>\n<\/p>\n<div style='margin-top:-15px; margin-bottom:-10px; text-align:right;'>\n\t<p><a href=\"#wrapper\">Zum Seitenanfang<\/a>\n\t<\/p>\n<\/div>\n<div style='margin-bottom:-10px;'>\n\t<p>Ihr Name (Pflichtfeld)\n\t<\/p>\n\t<p><span class=\"wpcf7-form-control-wrap\" data-name=\"your-name\"><input size=\"40\" maxlength=\"400\" class=\"wpcf7-form-control wpcf7-text wpcf7-validates-as-required\" aria-required=\"true\" aria-invalid=\"false\" value=\"\" type=\"text\" name=\"your-name\" \/><\/span>\n\t<\/p>\n<\/div>\n<div style='margin-bottom:-10px'>\n\t<p>Ihre E-Mail-Adresse (Pflichtfeld)\n\t<\/p>\n\t<p><span class=\"wpcf7-form-control-wrap\" data-name=\"your-email\"><input size=\"40\" maxlength=\"400\" class=\"wpcf7-form-control wpcf7-email wpcf7-validates-as-required wpcf7-text wpcf7-validates-as-email\" aria-required=\"true\" aria-invalid=\"false\" value=\"\" type=\"email\" name=\"your-email\" \/><\/span>\n\t<\/p>\n<\/div>\n<div style='margin-bottom:-10px'>\n\t<p>Stra\u00dfe \/ Hausnummer (Pflichtfeld)\n\t<\/p>\n\t<p><span class=\"wpcf7-form-control-wrap\" data-name=\"strasse\"><input size=\"40\" maxlength=\"400\" class=\"wpcf7-form-control wpcf7-text wpcf7-validates-as-required\" aria-required=\"true\" aria-invalid=\"false\" value=\"\" type=\"text\" name=\"strasse\" \/><\/span>\n\t<\/p>\n<\/div>\n<div style='margin-bottom:-10px'>\n\t<p>PLZ \/ Ort (Pflichtfeld)\n\t<\/p>\n\t<p><span class=\"wpcf7-form-control-wrap\" data-name=\"ort\"><input size=\"40\" maxlength=\"400\" class=\"wpcf7-form-control wpcf7-text wpcf7-validates-as-required\" aria-required=\"true\" aria-invalid=\"false\" value=\"\" type=\"text\" name=\"ort\" \/><\/span>\n\t<\/p>\n<\/div>\n<div style='margin-bottom:-10px'>\n\t<p>Betreff\n\t<\/p>\n\t<p><span id=\"wpcf7-69f35de00c7b0-wrapper\" class=\"wpcf7-form-control-wrap subject-wrap\" style=\"display:none !important; visibility:hidden !important;\"><input type=\"hidden\" name=\"subject-time-start\" value=\"1777556960\"><input type=\"hidden\" name=\"subject-time-check\" value=\"4\"><label for=\"wpcf7-69f35de00c7b0-field\" class=\"hp-message\">Bitte lasse dieses Feld leer.<\/label><input id=\"wpcf7-69f35de00c7b0-field\"  class=\"wpcf7-form-control wpcf7-text\" type=\"text\" name=\"subject\" value=\"\" size=\"40\" tabindex=\"-1\" autocomplete=\"new-password\" \/><\/span>\n\t<\/p>\n<\/div>\n<div style='margin-bottom:-10px'>\n\t<p>Diesen Film m\u00f6chte ich bestellen:\n\t<\/p>\n\t<p><span class=\"wpcf7-form-control-wrap Titel2\" data-name=\"Titel2\"><input type=\"text\" name=\"Titel2\" class=\"wpcf7-form-control wpcf7-text wpcf7dtx wpcf7dtx-text\" aria-invalid=\"false\" value=\"F\u00fcr die Zukunft leben\"><\/span>\n\t<\/p>\n<\/div>\n<div style='margin-bottom:10px'>\n\t<p>Bemerkung\n\t<\/p>\n\t<p><span class=\"wpcf7-form-control-wrap\" data-name=\"your-message\"><textarea cols=\"80\" rows=\"4\" maxlength=\"2000\" class=\"wpcf7-form-control wpcf7-textarea\" aria-invalid=\"false\" name=\"your-message\"><\/textarea><\/span>\n\t<\/p>\n<\/div>\n<div>\n\t<div style='margin-bottom:-14px; color:red;'>\n\t\t<p><span class=\"wpcf7-form-control-wrap\" data-name=\"acceptance-934\"><span class=\"wpcf7-form-control wpcf7-acceptance\"><span class=\"wpcf7-list-item\"><input type=\"checkbox\" name=\"acceptance-934\" value=\"1\" aria-invalid=\"false\" \/><\/span><\/span><\/span><a href=\"http:\/\/mpz-hamburg.de.w020b5ec.kasserver.com\/neu\/wp-content\/uploads\/2011\/05\/Vertriebsbedingungen.pdf\">Vertriebsbedingungen<\/a> akzeptieren.\n\t\t<\/p>\n\t<\/div>\n\t<p><em><span style='font-weight:bold;'>(NUR dann kann das Formular versendet werden!)<\/span><\/em>\n\t<\/p>\n<\/div>\n<div style='margin-top:0px;'>\n\t<p><input class=\"wpcf7-form-control wpcf7-submit has-spinner\" type=\"submit\" value=\"Senden\" \/>\n\t<\/p>\n<\/div><div class=\"wpcf7-response-output\" aria-hidden=\"true\"><\/div>\n<\/form>\n<\/div>\n\n<p>Sollte die Bestellung \u00fcber dies Formular nicht funktioniert haben, bitte per Mail bestellen: <a href=\"mailto:info@mpz-hamburg.de\">info@mpz-hamburg.de<\/a>. Es tut uns Leid, aber es kommt leider manchmal vor. Wir versuchen den Fehler zu finden.<\/p>\n<p><a href=\"http:\/\/mpz-hamburg.de.w020b5ec.kasserver.com\/bestellen\/#20140616fuerdieZukunftleben\">zur\u00fcck zur Seite &#8218;bestellen&#8216;<\/a>\u00a0&#8211;\u00a0<a href=\"#wrapper\">Zum Seitenanfang<\/a><\/p>\n<\/div>\n","protected":false},"excerpt":{"rendered":"<p>zur\u00fcck\u00a0&#8211;\u00a0zum Bestellformular\u00a0&#8211;\u00a0Vertriebsbedingungen Margret und Dieter Scharmer\u00a0auf Hof Dannwisch mpz, Ulrike Gay, Gerd M\u00fcller 2009 mit Hof Dannwisch \/ 84 Min. \/ S8-Filme: Harry Lampertsen \/ Musik: Christoph Delor \/ 4:3 \/ Nr.: 00-0699 \/ 16 \u20ac 1957 entschlie\u00dfen sich Margret &hellip; <a href=\"https:\/\/mpz-hamburg.de\/neu\/bestellen\/fuer-die-zukunft-leben\/\">Weiterlesen <span class=\"meta-nav\">&rarr;<\/span><\/a><\/p>\n","protected":false},"author":1,"featured_media":0,"parent":706,"menu_order":0,"comment_status":"closed","ping_status":"closed","template":"onecolumn-page.php","meta":{"footnotes":""},"class_list":["post-2168","page","type-page","status-publish","hentry"],"_links":{"self":[{"href":"https:\/\/mpz-hamburg.de\/neu\/wp-json\/wp\/v2\/pages\/2168","targetHints":{"allow":["GET"]}}],"collection":[{"href":"https:\/\/mpz-hamburg.de\/neu\/wp-json\/wp\/v2\/pages"}],"about":[{"href":"https:\/\/mpz-hamburg.de\/neu\/wp-json\/wp\/v2\/types\/page"}],"author":[{"embeddable":true,"href":"https:\/\/mpz-hamburg.de\/neu\/wp-json\/wp\/v2\/users\/1"}],"replies":[{"embeddable":true,"href":"https:\/\/mpz-hamburg.de\/neu\/wp-json\/wp\/v2\/comments?post=2168"}],"version-history":[{"count":17,"href":"https:\/\/mpz-hamburg.de\/neu\/wp-json\/wp\/v2\/pages\/2168\/revisions"}],"predecessor-version":[{"id":4631,"href":"https:\/\/mpz-hamburg.de\/neu\/wp-json\/wp\/v2\/pages\/2168\/revisions\/4631"}],"up":[{"embeddable":true,"href":"https:\/\/mpz-hamburg.de\/neu\/wp-json\/wp\/v2\/pages\/706"}],"wp:attachment":[{"href":"https:\/\/mpz-hamburg.de\/neu\/wp-json\/wp\/v2\/media?parent=2168"}],"curies":[{"name":"wp","href":"https:\/\/api.w.org\/{rel}","templated":true}]}}