{"id":23,"date":"2010-12-13T14:36:23","date_gmt":"2010-12-13T14:36:23","guid":{"rendered":"http:\/\/mpz-hamburg.de.w020b5ec.kasserver.com\/neu\/?page_id=23"},"modified":"2025-12-30T18:39:34","modified_gmt":"2025-12-30T17:39:34","slug":"umwelt","status":"publish","type":"page","link":"https:\/\/mpz-hamburg.de\/neu\/mpz-filme\/umwelt\/","title":{"rendered":"umwelt"},"content":{"rendered":"<p><a href=\"http:\/\/mpz-hamburg.de.w020b5ec.kasserver.com\/neu\/wp-content\/uploads\/2010\/12\/mpzUlli-+Brokdorf11.jpg\"><img loading=\"lazy\" decoding=\"async\" class=\"alignright size-medium wp-image-1811\" src=\"http:\/\/mpz-hamburg.de.w020b5ec.kasserver.com\/neu\/wp-content\/uploads\/2010\/12\/mpzUlli-+Brokdorf11-300x254.jpg\" alt=\"\" width=\"300\" height=\"254\" srcset=\"https:\/\/mpz-hamburg.de\/neu\/wp-content\/uploads\/2010\/12\/mpzUlli-+Brokdorf11-300x254.jpg 300w, https:\/\/mpz-hamburg.de\/neu\/wp-content\/uploads\/2010\/12\/mpzUlli-+Brokdorf11.jpg 640w\" sizes=\"auto, (max-width: 300px) 100vw, 300px\" \/><\/a>Im <strong>Bereich &#8222;Umwelt&#8220;<\/strong> befinden sich Videofilme zur Umwelt- und Klimapolitik, zu der Anti-Atomkraftwerk-Bewegung, zu\u00a0Gentechnologie, Alternativenergien und anderen Themen. Aus diesem mehr als 1000\u00a0Titel umfassenden Archivbereich sind nachfolgend &#8211; in chronologischer Reihenfolge &#8211; die Eigenproduktionen des mpz aufgelistet<strong>. <\/strong>Ein Kurzfilm ist\u00a0direkt anzusehen.<strong>\u00a0<\/strong>Mehr Informationen zu Produktion, Form und Geschichte der Filme sowie zu Verleih- und Verwendungs-m\u00f6glichkeiten geben wir gerne auf konkrete Anfrage<span style=\"color: #000000;\">.<\/span><\/p>\n<p><strong><a href=\"https:\/\/vimeo.com\/98473374\"><img loading=\"lazy\" decoding=\"async\" class=\"wp-image-3095 alignleft\" src=\"http:\/\/mpz-hamburg.de.w020b5ec.kasserver.com\/neu\/wp-content\/uploads\/2010\/12\/KeinFrackinginSaal-300x232.jpg\" alt=\"keinfrackinginsaal\" width=\"107\" height=\"83\" srcset=\"https:\/\/mpz-hamburg.de\/neu\/wp-content\/uploads\/2010\/12\/KeinFrackinginSaal-300x232.jpg 300w, https:\/\/mpz-hamburg.de\/neu\/wp-content\/uploads\/2010\/12\/KeinFrackinginSaal.jpg 509w\" sizes=\"auto, (max-width: 107px) 100vw, 107px\" \/><\/a>Kein Fracking in Saal<br \/>\n<\/strong>mpz 2014 \/ 20 Min. \/ Musik: Andreas Senf \/ <a title=\"Kein Fracking in Saal und auch nicht anderswo!\" href=\"http:\/\/mpz-hamburg.de.w020b5ec.kasserver.com\/bestellen\/kein-fracking-in-saal-und-auch-nicht-anderswo\/\">mehr<\/a>\u00a0\/ <a href=\"https:\/\/vimeo.com\/98473374\">ansehen<\/a><\/p>\n<p>.<\/p>\n<p><b><a href=\"http:\/\/mpz-hamburg.de.w020b5ec.kasserver.com\/bestellen\/fuer-die-zukunft-leben-ein-ort-voller-leben\/\"><img loading=\"lazy\" decoding=\"async\" class=\"alignright wp-image-2170\" src=\"http:\/\/mpz-hamburg.de.w020b5ec.kasserver.com\/neu\/wp-content\/uploads\/2014\/06\/Hofanlagevon-oben-neu04_6web-300x225.jpg\" alt=\"Hofanlagevon oben neu04_6web\" width=\"272\" height=\"204\" srcset=\"https:\/\/mpz-hamburg.de\/neu\/wp-content\/uploads\/2014\/06\/Hofanlagevon-oben-neu04_6web-300x225.jpg 300w, https:\/\/mpz-hamburg.de\/neu\/wp-content\/uploads\/2014\/06\/Hofanlagevon-oben-neu04_6web.jpg 640w\" sizes=\"auto, (max-width: 272px) 100vw, 272px\" \/><\/a><\/b><\/p>\n<p><b>F\u00fcr die Zukunft leben &#8211; Margret und Dieter Scharmer auf Hof Dannwisch<br \/>\n<\/b>mpz mit Hof Dannwisch 2009 \/ 84 min. \/ 4:3 \/\u00a0<a title=\"F\u00fcr die Zukunft leben\" href=\"http:\/\/mpz-hamburg.de.w020b5ec.kasserver.com\/bestellen\/fuer-die-zukunft-leben\/\">mehr&#8230;<\/a><\/p>\n<p>2 DVDs in einem Cover:<b><br \/>\n<\/b><b>F\u00fcr die Zukunft leben\u00a0<\/b><strong>&#8211; Margret und Dieter Scharmer auf Hof Dannwisch<br \/>\n<\/strong>mpz\u00a0mit Hof Dannwisch 2009 \/ 84 min. \/ 4:3 \/ \u00a0 \u00a0 \u00a0<strong>+<\/strong><br \/>\n<strong>Ein Ort voller Leben &#8211; Biologisch-dynamischer Landbau auf Hof Dannwisch<br \/>\n<\/strong>Ulrike Gay, Cornelia von Koppenfels, Sabine Stecker 1993 \/47 Min. \/ 4:3 \/ \u00a0<a title=\"F\u00fcr die Zukunft leben + Ein Ort voller Leben\" href=\"http:\/\/mpz-hamburg.de.w020b5ec.kasserver.com\/bestellen\/fuer-die-zukunft-leben-ein-ort-voller-leben\/\">mehr&#8230;<\/a><\/p>\n<p><strong><a href=\"http:\/\/mpz-hamburg.de.w020b5ec.kasserver.com\/bestellen\/kein-akw-in-brokdorf-und-auch-nicht-anderswo\/\"><img loading=\"lazy\" decoding=\"async\" class=\"alignright wp-image-2630\" src=\"http:\/\/mpz-hamburg.de.w020b5ec.kasserver.com\/neu\/wp-content\/uploads\/2015\/04\/Hier-entsteht-300x235.jpg\" alt=\"\" width=\"268\" height=\"210\" srcset=\"https:\/\/mpz-hamburg.de\/neu\/wp-content\/uploads\/2015\/04\/Hier-entsteht-300x235.jpg 300w, https:\/\/mpz-hamburg.de\/neu\/wp-content\/uploads\/2015\/04\/Hier-entsteht.jpg 702w\" sizes=\"auto, (max-width: 268px) 100vw, 268px\" \/><\/a>Kein AKW in Brokdorf und auch sonst nirgendwo<\/strong><br \/>\nZusammenfassung unserer Videofilme zu Brokdorf: &#8230;und bist du nicht willig&#8230;, Wehrt Euch, Vorsicht Lebensgefahr \/ mpz 2004 \/ 80 min.\/ s\/w u. f.\u00a0<a title=\"Kein AKW in Brokdorf\" href=\"http:\/\/mpz-hamburg.de.w020b5ec.kasserver.com\/bestellen\/kein-akw-in-brokdorf-und-auch-nicht-anderswo\/\">mehr&#8230;<\/a><\/p>\n<p><strong>Stadt und Umwelt &#8211; ein Widerspruch?<\/strong><br \/>\nTon-Dia auf Video \/ Die Werkstadt und mpz 1989\/ 26 min.<\/p>\n<p><strong>F\u00e4sser ohne Boden &#8211; Atomm\u00fclltransporte in L\u00fcbeck<\/strong><br \/>\nmpz u. L\u00fcbecker Initiativen gegen Atomanlangen (liga) 1988\/ 75 Min.\/ f<\/p>\n<p><strong>Vorsicht Lebensgefahr<\/strong><br \/>\nmpz u. Hamburger Medienzentren 1986\/ 45 min. <a href=\"http:\/\/mpz-hamburg.de.w020b5ec.kasserver.com\/bestellen\/vorsicht-lebensgefahr-alle-gewalt-geht-vom-staat-aus\/\">mehr&#8230;<\/a><\/p>\n<p><strong>Nach dem heutigen Stand unseres Wissens &#8211; Der Giftm\u00fcllberg Georgswerder<\/strong><br \/>\nmpz 1985\/ 40 min.\/ s\/w<\/p>\n<p><strong>Kutterfahrt von Kr\u00fcmmel nach Brunsb\u00fcttel<\/strong><br \/>\nmpz 1984<\/p>\n<p><strong>Schluss jetzt<\/strong><br \/>\nTrickfilm\/ mpz 1982\/ 6 min.<\/p>\n<p><strong>Der Lindwurm von Altenwerder<\/strong><em><br \/>\n<\/em>mpz 1982\/ 15 min.\/ s\/w<\/p>\n<p><strong>Die Elbekutterfahrt<\/strong><br \/>\nmpz u. Hamburger Umweltinitiativen 1981\/ 60 min.\/ s\/w<\/p>\n<p><strong>Gespr\u00e4ch mit Rudolf Jark, Obstbauer aus B\u00fctzfleet bei Stade<br \/>\n<\/strong>mpz 1981<\/p>\n<p><strong>Fischer K\u00f6the aus Gorleben<\/strong><br \/>\nmpz 1981\/ 10 min. s\/w<\/p>\n<p><strong>B\u00fcrgermeister Sachse zur Industrieansiedlung in der Wilster Marsch<\/strong><br \/>\nmpz 1981<\/p>\n<p><strong>Alternative Hafenrundfahrt<\/strong><br \/>\nmpz 1981<\/p>\n<p><strong>Rettet die Elbe &#8211; Maueraktion<\/strong><br \/>\nmpz 1981\/ 10 min.\/ s\/w<\/p>\n<p><strong>Aktion Dreibein &#8211; Emden<\/strong><br \/>\nmpz u. Stadtjournal 1981<\/p>\n<p><strong>Interviews mit Altenwerder Elbfischern<\/strong><br \/>\nmpz 1981\/ 20 min.\/ s\/w<\/p>\n<p><strong>Klaus Ostermann &#8211; Fischer aus Kollmar<\/strong><br \/>\nmpz 1981\/ 8 min.\/ s\/w<\/p>\n<p><strong>Videobrief aus dem Wendland<\/strong><br \/>\nmpz u. Stadtjournal 1981<\/p>\n<p><strong><a href=\"http:\/\/mpz-hamburg.de.w020b5ec.kasserver.com\/bestellen\/cadmium-bringt-aale-um-oder-die-elbfischer-merkens-zuerst\/\"><img loading=\"lazy\" decoding=\"async\" class=\"alignright wp-image-3648\" src=\"http:\/\/mpz-hamburg.de.w020b5ec.kasserver.com\/neu\/wp-content\/uploads\/2010\/12\/Heinz-FischkisteWeb-300x245.jpg\" alt=\"\" width=\"251\" height=\"205\" srcset=\"https:\/\/mpz-hamburg.de\/neu\/wp-content\/uploads\/2010\/12\/Heinz-FischkisteWeb-300x245.jpg 300w, https:\/\/mpz-hamburg.de\/neu\/wp-content\/uploads\/2010\/12\/Heinz-FischkisteWeb.jpg 456w\" sizes=\"auto, (max-width: 251px) 100vw, 251px\" \/><\/a>Cadmium bringt Aale um &#8211; oder die Elbfischer merken&#8216; s zuerst<br \/>\n<\/strong>mpz (Jutta Hercher, Hans-J\u00f6rg Heinrich, u.a.) u. Michael Rabe 1980\/ 60 min.\/ s\/w \/ 4:3 \/ <a href=\"http:\/\/mpz-hamburg.de.w020b5ec.kasserver.com\/bestellen\/cadmium-bringt-aale-um-oder-die-elbfischer-merkens-zuerst\/\">mehr&#8230;<\/a><\/p>\n<p><strong>Gorlebentreck<\/strong><br \/>\nmpz 1979\/ 35 min.\/ s\/w<\/p>\n<p><strong>Atomm\u00fcll-Wiederaufbereitung und -Entsorgung in Gorleben<\/strong><br \/>\nKompilationsfilm 1979<\/p>\n<p><strong>&#8222;Die Herren machen das selber, dass ihnen der arme Mann Feyndt wird&#8220;<br \/>\n<\/strong>Videoproduktion der Medienwerkstatt Linden mit Unterst\u00fctzung des mpz 1979<\/p>\n<p><strong>Tvindkraft &#8211; Windenergieprojekt in der Tvindschule D\u00e4nemark<\/strong><br \/>\nmpz und Kinderhauskinder 1979\/ 15 min.\/ s\/w<\/p>\n<p><strong>Ans\u00e4tze zum Widerstand &#8211; WAA in Gorleben<\/strong><em><br \/>\n<\/em>mpz u. TeilnehmerInnen des Sommercamps in Gorleben 1978\/ 50 min.\/ s\/w<\/p>\n<p><strong>Wehrt euch &#8211; Brokdorf 19.2.77<\/strong><br \/>\nmpz 1977\/ 40 min.\/ s\/w<\/p>\n<p><strong>Planspiel zum Thema Kernenergie<\/strong><br \/>\nmpz u. Sch\u00fclerInnen u. LehrerInnen der Julius-Leber Schule Hamburg 1977\/ 50 min.\/ s\/w<\/p>\n<p><strong>Brokdorf &#8211; und bis du nicht willig, so brauch ich Gewalt<br \/>\n<\/strong>mpz, HfbK-Studenten und Druckerkollege 1976\/ 25 min.\/ s\/w <a href=\"https:\/\/mpz-hamburg.de\/neu\/bestellen\/kein-akw-in-brokdorf-und-auch-nicht-anderswo\/\">mehr&#8230;<\/a><\/p>\n<p><span style=\"color: #000000;\"><b>\u00a0<\/b><\/span><\/p>\n<p><span style=\"color: #000000;\"><b>\u00a0<\/b><\/span><\/p>\n","protected":false},"excerpt":{"rendered":"<p>Im Bereich &#8222;Umwelt&#8220; befinden sich Videofilme zur Umwelt- und Klimapolitik, zu der Anti-Atomkraftwerk-Bewegung, zu\u00a0Gentechnologie, Alternativenergien und anderen Themen. Aus diesem mehr als 1000\u00a0Titel umfassenden Archivbereich sind nachfolgend &#8211; in chronologischer Reihenfolge &#8211; die Eigenproduktionen des mpz aufgelistet. Ein Kurzfilm ist\u00a0direkt &hellip; <a href=\"https:\/\/mpz-hamburg.de\/neu\/mpz-filme\/umwelt\/\">Weiterlesen <span class=\"meta-nav\">&rarr;<\/span><\/a><\/p>\n","protected":false},"author":1,"featured_media":0,"parent":19,"menu_order":1,"comment_status":"closed","ping_status":"closed","template":"onecolumn-page.php","meta":{"footnotes":""},"class_list":["post-23","page","type-page","status-publish","hentry"],"_links":{"self":[{"href":"https:\/\/mpz-hamburg.de\/neu\/wp-json\/wp\/v2\/pages\/23","targetHints":{"allow":["GET"]}}],"collection":[{"href":"https:\/\/mpz-hamburg.de\/neu\/wp-json\/wp\/v2\/pages"}],"about":[{"href":"https:\/\/mpz-hamburg.de\/neu\/wp-json\/wp\/v2\/types\/page"}],"author":[{"embeddable":true,"href":"https:\/\/mpz-hamburg.de\/neu\/wp-json\/wp\/v2\/users\/1"}],"replies":[{"embeddable":true,"href":"https:\/\/mpz-hamburg.de\/neu\/wp-json\/wp\/v2\/comments?post=23"}],"version-history":[{"count":70,"href":"https:\/\/mpz-hamburg.de\/neu\/wp-json\/wp\/v2\/pages\/23\/revisions"}],"predecessor-version":[{"id":8037,"href":"https:\/\/mpz-hamburg.de\/neu\/wp-json\/wp\/v2\/pages\/23\/revisions\/8037"}],"up":[{"embeddable":true,"href":"https:\/\/mpz-hamburg.de\/neu\/wp-json\/wp\/v2\/pages\/19"}],"wp:attachment":[{"href":"https:\/\/mpz-hamburg.de\/neu\/wp-json\/wp\/v2\/media?parent=23"}],"curies":[{"name":"wp","href":"https:\/\/api.w.org\/{rel}","templated":true}]}}