{"id":285,"date":"2011-02-16T07:34:59","date_gmt":"2011-02-16T07:34:59","guid":{"rendered":"http:\/\/mpz-hamburg.de.w020b5ec.kasserver.com\/neu\/?page_id=285"},"modified":"2018-02-14T19:45:17","modified_gmt":"2018-02-14T19:45:17","slug":"mitmachen","status":"publish","type":"page","link":"https:\/\/mpz-hamburg.de\/neu\/eine-seite\/mitmachen\/","title":{"rendered":"mitmachen"},"content":{"rendered":"<p>Wer bei der Medienzentrumsarbeit oder einem Projekt mitmachen m\u00f6chte, oder eigene Ideen f\u00fcr Projekte und Veranstaltungen hat, kann gerne Kontakt zu uns aufnehmen oder pers\u00f6nlich zu unseren Besuchs- und \u00d6ffnungszeiten ins mpz kommen, um uns anzusprechen.<\/p>\n<p>Mehr Informationen zu Anfahrt, \u00d6ffnungszeiten und weiteren Kontaktm\u00f6glichkeiten finden sich auf unserer <a title=\"Kontaktinformationen mpz\" href=\"http:\/\/mpz-hamburg.de.w020b5ec.kasserver.com\/?page_id=76\">Kontaktseite<\/a>.<\/p>\n<p>Mehr Informationen zu Selbstverst\u00e4ndnis, Arbeitsweise und F\u00f6rderm\u00f6glichkeiten des mpz &#8211; kurz zusammengefasst auf unserem\u00a0<a href=\"http:\/\/mpz-hamburg.de.w020b5ec.kasserver.com\/neu\/wp-content\/uploads\/2010\/12\/2017-04dasmpzweb.pdf\">Faltblatt<\/a>.<\/p>\n","protected":false},"excerpt":{"rendered":"<p>Wer bei der Medienzentrumsarbeit oder einem Projekt mitmachen m\u00f6chte, oder eigene Ideen f\u00fcr Projekte und Veranstaltungen hat, kann gerne Kontakt zu uns aufnehmen oder pers\u00f6nlich zu unseren Besuchs- und \u00d6ffnungszeiten ins mpz kommen, um uns anzusprechen. Mehr Informationen zu Anfahrt, &hellip; <a href=\"https:\/\/mpz-hamburg.de\/neu\/eine-seite\/mitmachen\/\">Weiterlesen <span class=\"meta-nav\">&rarr;<\/span><\/a><\/p>\n","protected":false},"author":1,"featured_media":3511,"parent":2,"menu_order":4,"comment_status":"closed","ping_status":"closed","template":"onecolumn-page.php","meta":{"footnotes":""},"class_list":["post-285","page","type-page","status-publish","has-post-thumbnail","hentry"],"_links":{"self":[{"href":"https:\/\/mpz-hamburg.de\/neu\/wp-json\/wp\/v2\/pages\/285","targetHints":{"allow":["GET"]}}],"collection":[{"href":"https:\/\/mpz-hamburg.de\/neu\/wp-json\/wp\/v2\/pages"}],"about":[{"href":"https:\/\/mpz-hamburg.de\/neu\/wp-json\/wp\/v2\/types\/page"}],"author":[{"embeddable":true,"href":"https:\/\/mpz-hamburg.de\/neu\/wp-json\/wp\/v2\/users\/1"}],"replies":[{"embeddable":true,"href":"https:\/\/mpz-hamburg.de\/neu\/wp-json\/wp\/v2\/comments?post=285"}],"version-history":[{"count":27,"href":"https:\/\/mpz-hamburg.de\/neu\/wp-json\/wp\/v2\/pages\/285\/revisions"}],"predecessor-version":[{"id":3351,"href":"https:\/\/mpz-hamburg.de\/neu\/wp-json\/wp\/v2\/pages\/285\/revisions\/3351"}],"up":[{"embeddable":true,"href":"https:\/\/mpz-hamburg.de\/neu\/wp-json\/wp\/v2\/pages\/2"}],"wp:featuredmedia":[{"embeddable":true,"href":"https:\/\/mpz-hamburg.de\/neu\/wp-json\/wp\/v2\/media\/3511"}],"wp:attachment":[{"href":"https:\/\/mpz-hamburg.de\/neu\/wp-json\/wp\/v2\/media?parent=285"}],"curies":[{"name":"wp","href":"https:\/\/api.w.org\/{rel}","templated":true}]}}