{"id":3126,"date":"2017-01-07T21:14:25","date_gmt":"2017-01-07T21:14:25","guid":{"rendered":"http:\/\/mpz-hamburg.de.w020b5ec.kasserver.com\/?page_id=3126"},"modified":"2018-12-31T16:57:40","modified_gmt":"2018-12-31T16:57:40","slug":"hdwman-frauen-keiner-schiebt-uns-weg","status":"publish","type":"page","link":"https:\/\/mpz-hamburg.de\/neu\/bestellen\/hdwman-frauen-keiner-schiebt-uns-weg\/","title":{"rendered":"HDW &#038; MAN Frauen &#8211; Keiner schiebt uns weg"},"content":{"rendered":"<p><a href=\"http:\/\/mpz-hamburg.de.w020b5ec.kasserver.com\/bestellen\/#70117HDWHungerstreik\">zur\u00fcck<\/a>\u00a0&#8211;\u00a0<a href=\"#formular\">zum Bestellformular<\/a>\u00a0&#8211;\u00a0<a href=\"http:\/\/mpz-hamburg.de.w020b5ec.kasserver.com\/neu\/wp-content\/uploads\/2011\/05\/2017-Vertriebsbedingungen.pdf\">Vertriebsbedingungen<\/a><\/p>\n<p><a href=\"http:\/\/mpz-hamburg.de.w020b5ec.kasserver.com\/neu\/wp-content\/uploads\/2011\/05\/HDWFrauenDemoWebseite.jpg\"><img loading=\"lazy\" decoding=\"async\" class=\"alignright size-medium wp-image-3123\" src=\"http:\/\/mpz-hamburg.de.w020b5ec.kasserver.com\/neu\/wp-content\/uploads\/2011\/05\/HDWFrauenDemoWebseite-300x243.jpg\" alt=\"hdwfrauendemowebseite\" width=\"300\" height=\"243\" srcset=\"https:\/\/mpz-hamburg.de\/neu\/wp-content\/uploads\/2011\/05\/HDWFrauenDemoWebseite-300x243.jpg 300w, https:\/\/mpz-hamburg.de\/neu\/wp-content\/uploads\/2011\/05\/HDWFrauenDemoWebseite.jpg 567w\" sizes=\"auto, (max-width: 300px) 100vw, 300px\" \/><\/a>von Ingrid Molnar und Katrin Meier 1983 \/ 54 Min. \/ 4:3 \/ S\/W \/ Musik: Fasia Jansen \/<br \/>\nNr. 01-0317 \/ 16 \u20ac<\/p>\n<p>\u201eEhefrauen und Freundinnen von Werftarbeitern der Hamburger Traditionswerft\u00a0Howaldtswerke-Deutsche Werft GmbH kurz HDW und deren benachbarten\u00a0Zulieferfirma MAN (eine Niederlassung der Maschinenfabrik Augsburg-N\u00fcrnberg\u00a0GmbH) entwickeln eine Strategie zur Mobilisation der Medien, um auf\u00a0geplante Massenentlassungen hinzuweisen.\u00a0Ein mehrt\u00e4giger Hungerstreik in der ersten Septemberwoche 1983 tags\u00fcber\u00a0an den Landungsbr\u00fccken und nachts in den R\u00e4umen der Hauptkirche\u00a0St. Michaelis, verbunden mit Verteilung von Flugbl\u00e4ttern sollte genug\u00a0Medienwirksamtkeit und Solidarit\u00e4t bewirken, um die Arbeiter in ihrem\u00a0Vorhaben zu streiken oder zum Einsatz des seit 1976 illegalen\u00a0Arbeitskampfmittels \u201eBesetzung\u201c best\u00e4rken.<\/p>\n<p>Die in Hamburg geborene S\u00e4ngerin und Friedensaktivistin Fasia Jansen kam\u00a0als musikalische Unterst\u00fctzung dazu. Thomas, der die Belegschaft der HDW\u00a0bereits fr\u00fcher bei Aktionen unterst\u00fctzte, \u00fcberliess den Frauen Material aus\u00a0seinem Filmarchiv. Katrin Meier und Ingrid Molnar montierten u. a. daraus\u00a0einen Video-Flyer, der von Studienkolleginnen auf Wochenm\u00e4rkten von der\u00a0Ladefl\u00e4che eines Lieferwagens gezeigt wurde.<br \/>\nDer vorliegende Film auf DVD\u00a0ist die erweiterte Version davon, die in Rohfassung ihre Premiere in einem\u00a0Zelt vor der besetzten Werft feierte.<br \/>\nDas Coverfoto entstand am 12. September 1983 w\u00e4hrend der Demonstration\u00a0mit ca. 4.000 Teilnehmern zum Rathausplatz. Danach kehrte die Belegschaft\u00a0zur Werft zur\u00fcck und besetzte sie f\u00fcr 9 Tage.\u201c Ingrid Molnar<\/p>\n\n<div class=\"wpcf7 no-js\" id=\"wpcf7-f1621-o1\" lang=\"de-DE\" dir=\"ltr\" data-wpcf7-id=\"1621\">\n<div class=\"screen-reader-response\"><p role=\"status\" aria-live=\"polite\" aria-atomic=\"true\"><\/p> <ul><\/ul><\/div>\n<form action=\"\/neu\/wp-json\/wp\/v2\/pages\/3126#wpcf7-f1621-o1\" method=\"post\" class=\"wpcf7-form init\" aria-label=\"Kontaktformular\" novalidate=\"novalidate\" data-status=\"init\">\n<fieldset class=\"hidden-fields-container\"><input type=\"hidden\" name=\"_wpcf7\" value=\"1621\" \/><input type=\"hidden\" name=\"_wpcf7_version\" value=\"6.1.5\" \/><input type=\"hidden\" name=\"_wpcf7_locale\" value=\"de_DE\" \/><input type=\"hidden\" name=\"_wpcf7_unit_tag\" value=\"wpcf7-f1621-o1\" \/><input type=\"hidden\" name=\"_wpcf7_container_post\" value=\"0\" \/><input type=\"hidden\" name=\"_wpcf7_posted_data_hash\" value=\"\" \/><input type=\"hidden\" name=\"_wpcf7dtx_version\" value=\"5.0.5\" \/>\n<\/fieldset>\n<p><span id='formular'><strong>Bestellformuar<\/strong><\/span>\n<\/p>\n<div style='margin-top:-15px; margin-bottom:-10px; text-align:right;'>\n\t<p><a href=\"#wrapper\">Zum Seitenanfang<\/a>\n\t<\/p>\n<\/div>\n<div style='margin-bottom:-10px;'>\n\t<p>Ihr Name (Pflichtfeld)\n\t<\/p>\n\t<p><span class=\"wpcf7-form-control-wrap\" data-name=\"your-name\"><input size=\"40\" maxlength=\"400\" class=\"wpcf7-form-control wpcf7-text wpcf7-validates-as-required\" aria-required=\"true\" aria-invalid=\"false\" value=\"\" type=\"text\" name=\"your-name\" \/><\/span>\n\t<\/p>\n<\/div>\n<div style='margin-bottom:-10px'>\n\t<p>Ihre E-Mail-Adresse (Pflichtfeld)\n\t<\/p>\n\t<p><span class=\"wpcf7-form-control-wrap\" data-name=\"your-email\"><input size=\"40\" maxlength=\"400\" class=\"wpcf7-form-control wpcf7-email wpcf7-validates-as-required wpcf7-text wpcf7-validates-as-email\" aria-required=\"true\" aria-invalid=\"false\" value=\"\" type=\"email\" name=\"your-email\" \/><\/span>\n\t<\/p>\n<\/div>\n<div style='margin-bottom:-10px'>\n\t<p>Stra\u00dfe \/ Hausnummer (Pflichtfeld)\n\t<\/p>\n\t<p><span class=\"wpcf7-form-control-wrap\" data-name=\"strasse\"><input size=\"40\" maxlength=\"400\" class=\"wpcf7-form-control wpcf7-text wpcf7-validates-as-required\" aria-required=\"true\" aria-invalid=\"false\" value=\"\" type=\"text\" name=\"strasse\" \/><\/span>\n\t<\/p>\n<\/div>\n<div style='margin-bottom:-10px'>\n\t<p>PLZ \/ Ort (Pflichtfeld)\n\t<\/p>\n\t<p><span class=\"wpcf7-form-control-wrap\" data-name=\"ort\"><input size=\"40\" maxlength=\"400\" class=\"wpcf7-form-control wpcf7-text wpcf7-validates-as-required\" aria-required=\"true\" aria-invalid=\"false\" value=\"\" type=\"text\" name=\"ort\" \/><\/span>\n\t<\/p>\n<\/div>\n<div style='margin-bottom:-10px'>\n\t<p>Betreff\n\t<\/p>\n\t<p><span id=\"wpcf7-69f3ae2a20736-wrapper\" class=\"wpcf7-form-control-wrap subject-wrap\" style=\"display:none !important; visibility:hidden !important;\"><input type=\"hidden\" name=\"subject-time-start\" value=\"1777577514\"><input type=\"hidden\" name=\"subject-time-check\" value=\"4\"><label for=\"wpcf7-69f3ae2a20736-field\" class=\"hp-message\">Bitte lasse dieses Feld leer.<\/label><input id=\"wpcf7-69f3ae2a20736-field\"  class=\"wpcf7-form-control wpcf7-text\" type=\"text\" name=\"subject\" value=\"\" size=\"40\" tabindex=\"-1\" autocomplete=\"new-password\" \/><\/span>\n\t<\/p>\n<\/div>\n<div style='margin-bottom:-10px'>\n\t<p>Diesen Film m\u00f6chte ich bestellen:\n\t<\/p>\n\t<p><span class=\"wpcf7-form-control-wrap Titel2\" data-name=\"Titel2\"><input type=\"text\" name=\"Titel2\" class=\"wpcf7-form-control wpcf7-text wpcf7dtx wpcf7dtx-text\" aria-invalid=\"false\" value=\"HDW &amp; MAN Frauen - Keiner schiebt uns weg\"><\/span>\n\t<\/p>\n<\/div>\n<div style='margin-bottom:10px'>\n\t<p>Bemerkung\n\t<\/p>\n\t<p><span class=\"wpcf7-form-control-wrap\" data-name=\"your-message\"><textarea cols=\"80\" rows=\"4\" maxlength=\"2000\" class=\"wpcf7-form-control wpcf7-textarea\" aria-invalid=\"false\" name=\"your-message\"><\/textarea><\/span>\n\t<\/p>\n<\/div>\n<div>\n\t<div style='margin-bottom:-14px; color:red;'>\n\t\t<p><span class=\"wpcf7-form-control-wrap\" data-name=\"acceptance-934\"><span class=\"wpcf7-form-control wpcf7-acceptance\"><span class=\"wpcf7-list-item\"><input type=\"checkbox\" name=\"acceptance-934\" value=\"1\" aria-invalid=\"false\" \/><\/span><\/span><\/span><a href=\"http:\/\/mpz-hamburg.de.w020b5ec.kasserver.com\/neu\/wp-content\/uploads\/2011\/05\/Vertriebsbedingungen.pdf\">Vertriebsbedingungen<\/a> akzeptieren.\n\t\t<\/p>\n\t<\/div>\n\t<p><em><span style='font-weight:bold;'>(NUR dann kann das Formular versendet werden!)<\/span><\/em>\n\t<\/p>\n<\/div>\n<div style='margin-top:0px;'>\n\t<p><input class=\"wpcf7-form-control wpcf7-submit has-spinner\" type=\"submit\" value=\"Senden\" \/>\n\t<\/p>\n<\/div><div class=\"wpcf7-response-output\" aria-hidden=\"true\"><\/div>\n<\/form>\n<\/div>\n\n<p>Sollte die Bestellung \u00fcber dies Formular nicht funktioniert haben, bitte per Mail bestellen:\u00a0<a href=\"mailto:info@mpz-hamburg.de\">info@mpz-hamburg.de.<\/a>\u00a0Es tut uns Leid, aber es kommt leider manchmal vor. Wir versuchen den Fehler zu finden.<\/p>\n<p style=\"text-align: right; margin-top: -25px;\"><a href=\"http:\/\/mpz-hamburg.de.w020b5ec.kasserver.com\/bestellen\/#70117HDWHungerstreik\">zur\u00fcck zur Seite &#8218;bestellen&#8216;<\/a>\u00a0&#8211;\u00a0<a href=\"#wrapper\">Zum Seitenanfang<\/a><\/p>\n<p style=\"margin-top: -25px; text-align: left;\">\n","protected":false},"excerpt":{"rendered":"<p>zur\u00fcck\u00a0&#8211;\u00a0zum Bestellformular\u00a0&#8211;\u00a0Vertriebsbedingungen von Ingrid Molnar und Katrin Meier 1983 \/ 54 Min. \/ 4:3 \/ S\/W \/ Musik: Fasia Jansen \/ Nr. 01-0317 \/ 16 \u20ac \u201eEhefrauen und Freundinnen von Werftarbeitern der Hamburger Traditionswerft\u00a0Howaldtswerke-Deutsche Werft GmbH kurz HDW und deren &hellip; <a href=\"https:\/\/mpz-hamburg.de\/neu\/bestellen\/hdwman-frauen-keiner-schiebt-uns-weg\/\">Weiterlesen <span class=\"meta-nav\">&rarr;<\/span><\/a><\/p>\n","protected":false},"author":1,"featured_media":0,"parent":706,"menu_order":0,"comment_status":"closed","ping_status":"closed","template":"onecolumn-page.php","meta":{"footnotes":""},"class_list":["post-3126","page","type-page","status-publish","hentry"],"_links":{"self":[{"href":"https:\/\/mpz-hamburg.de\/neu\/wp-json\/wp\/v2\/pages\/3126","targetHints":{"allow":["GET"]}}],"collection":[{"href":"https:\/\/mpz-hamburg.de\/neu\/wp-json\/wp\/v2\/pages"}],"about":[{"href":"https:\/\/mpz-hamburg.de\/neu\/wp-json\/wp\/v2\/types\/page"}],"author":[{"embeddable":true,"href":"https:\/\/mpz-hamburg.de\/neu\/wp-json\/wp\/v2\/users\/1"}],"replies":[{"embeddable":true,"href":"https:\/\/mpz-hamburg.de\/neu\/wp-json\/wp\/v2\/comments?post=3126"}],"version-history":[{"count":10,"href":"https:\/\/mpz-hamburg.de\/neu\/wp-json\/wp\/v2\/pages\/3126\/revisions"}],"predecessor-version":[{"id":4093,"href":"https:\/\/mpz-hamburg.de\/neu\/wp-json\/wp\/v2\/pages\/3126\/revisions\/4093"}],"up":[{"embeddable":true,"href":"https:\/\/mpz-hamburg.de\/neu\/wp-json\/wp\/v2\/pages\/706"}],"wp:attachment":[{"href":"https:\/\/mpz-hamburg.de\/neu\/wp-json\/wp\/v2\/media?parent=3126"}],"curies":[{"name":"wp","href":"https:\/\/api.w.org\/{rel}","templated":true}]}}