{"id":3263,"date":"2017-03-22T17:20:37","date_gmt":"2017-03-22T17:20:37","guid":{"rendered":"http:\/\/mpz-hamburg.de.w020b5ec.kasserver.com\/?page_id=3263"},"modified":"2017-03-23T12:02:55","modified_gmt":"2017-03-23T12:02:55","slug":"selbst-das-kleinste-licht-durchbricht-die-dunkelheit","status":"publish","type":"page","link":"https:\/\/mpz-hamburg.de\/neu\/bestellen\/selbst-das-kleinste-licht-durchbricht-die-dunkelheit\/","title":{"rendered":"Selbst das kleinste Licht durchbricht die Dunkelheit"},"content":{"rendered":"<p><a href=\"http:\/\/mpz-hamburg.de.w020b5ec.kasserver.com\/bestellen\/#220317SelbstdaskleinsteLicht\">zur\u00fcck<\/a>\u00a0&#8211;\u00a0<a href=\"#formular\">zum Bestellformular<\/a>\u00a0&#8211;\u00a0<a href=\"http:\/\/mpz-hamburg.de.w020b5ec.kasserver.com\/neu\/wp-content\/uploads\/2011\/05\/2017-Vertriebsbedingungen.pdf\">Vertriebsbedingungen<\/a><\/p>\n<p><b><a href=\"http:\/\/mpz-hamburg.de.w020b5ec.kasserver.com\/neu\/wp-content\/uploads\/2011\/05\/SelbstdaskleinsteLicht-Kopie.jpg\"><img loading=\"lazy\" decoding=\"async\" class=\"alignright size-medium wp-image-3265\" src=\"http:\/\/mpz-hamburg.de.w020b5ec.kasserver.com\/neu\/wp-content\/uploads\/2011\/05\/SelbstdaskleinsteLicht-Kopie-263x300.jpg\" alt=\"\" width=\"263\" height=\"300\" srcset=\"https:\/\/mpz-hamburg.de\/neu\/wp-content\/uploads\/2011\/05\/SelbstdaskleinsteLicht-Kopie-263x300.jpg 263w, https:\/\/mpz-hamburg.de\/neu\/wp-content\/uploads\/2011\/05\/SelbstdaskleinsteLicht-Kopie-768x877.jpg 768w, https:\/\/mpz-hamburg.de\/neu\/wp-content\/uploads\/2011\/05\/SelbstdaskleinsteLicht-Kopie.jpg 814w\" sizes=\"auto, (max-width: 263px) 100vw, 263px\" \/><\/a>Hafenstra\u00dfe &#8211; Hamburg St.Pauli<br \/>\n<\/b>mpz und Hafenstra\u00dfe Dez. 1990 \/ 60 Min. \/ 4:3 \/ Nr. 06-0093 \/ 16 \u20ac<\/p>\n<p>\u201eDie Hafenstra\u00dfe\u00a0 gibt es seit fast zehn Jahren. Unsere Geschichte ist von gescheiterten R\u00e4umungsversuchen gepr\u00e4gt. Am 15.5.1990 st\u00fcrmen Polizei und BGS unsere H\u00e4user. Die Bundesanwaltschaft l\u00e4\u00dft durchsuchen und beschlagnahmen. Der \u201cStern\u201d erscheint mit dem Aufmacher \u201cRAF in der Hafenstra\u00dfe\u201d.<\/p>\n<p>Um uns gegen die L\u00fcgen zu wehren, besetzen wir die Kantine von Gruner und Jahr und fordern den Abdruck einer eigenen Erkl\u00e4rung im Stern. Es geht nicht nur um die R\u00e4umung der H\u00e4user. F\u00fcr \u201cMitglieder einer terroristische Vereinigung\u201d drohen bis zu 10 Jahren Knast.<\/p>\n<p>Gegen diesen Angriff auf einzelne von uns setzen wir die Ver\u00f6ffentlichung der Probleme und unserer Diskussionen. Noch gibt es keine L\u00f6sung. Der Film endet im Rauschen.\u201c<\/p>\n<p>\u201eSelbst das kleinste Licht durchbricht die Dunkelheit\u201c ist der 6. Videofilm, der in Zusammenarbeit von mpz und Hafenstra\u00dfe entstanden ist:<br \/>\n&#8211; Mai 1985, Terrible Houses in Danger, 45 Min.<br \/>\n&#8211; Dezember 1985, Zwischen Dachziegel und Plasterstrand, 60 Min.<br \/>\n&#8211; Dezember 1986, Die Augen schlie\u00dfen um besser zu sehen, 20 Min.<br \/>\n&#8211; 1988\/89, Irgendwie, Irgendwo, Irgendwann, 99 Min.<br \/>\n&#8211; Juni 1989, Polizei\u00fcberfall auf die Hafenstra\u00dfe, 20 Min.<\/p>\n<p>&nbsp;<\/p>\n\n<div class=\"wpcf7 no-js\" id=\"wpcf7-f1621-o1\" lang=\"de-DE\" dir=\"ltr\" data-wpcf7-id=\"1621\">\n<div class=\"screen-reader-response\"><p role=\"status\" aria-live=\"polite\" aria-atomic=\"true\"><\/p> <ul><\/ul><\/div>\n<form action=\"\/neu\/wp-json\/wp\/v2\/pages\/3263#wpcf7-f1621-o1\" method=\"post\" class=\"wpcf7-form init\" aria-label=\"Kontaktformular\" novalidate=\"novalidate\" data-status=\"init\">\n<fieldset class=\"hidden-fields-container\"><input type=\"hidden\" name=\"_wpcf7\" value=\"1621\" \/><input type=\"hidden\" name=\"_wpcf7_version\" value=\"6.1.5\" \/><input type=\"hidden\" name=\"_wpcf7_locale\" value=\"de_DE\" \/><input type=\"hidden\" name=\"_wpcf7_unit_tag\" value=\"wpcf7-f1621-o1\" \/><input type=\"hidden\" name=\"_wpcf7_container_post\" value=\"0\" \/><input type=\"hidden\" name=\"_wpcf7_posted_data_hash\" value=\"\" \/><input type=\"hidden\" name=\"_wpcf7dtx_version\" value=\"5.0.5\" \/>\n<\/fieldset>\n<p><span id='formular'><strong>Bestellformuar<\/strong><\/span>\n<\/p>\n<div style='margin-top:-15px; margin-bottom:-10px; text-align:right;'>\n\t<p><a href=\"#wrapper\">Zum Seitenanfang<\/a>\n\t<\/p>\n<\/div>\n<div style='margin-bottom:-10px;'>\n\t<p>Ihr Name (Pflichtfeld)\n\t<\/p>\n\t<p><span class=\"wpcf7-form-control-wrap\" data-name=\"your-name\"><input size=\"40\" maxlength=\"400\" class=\"wpcf7-form-control wpcf7-text wpcf7-validates-as-required\" aria-required=\"true\" aria-invalid=\"false\" value=\"\" type=\"text\" name=\"your-name\" \/><\/span>\n\t<\/p>\n<\/div>\n<div style='margin-bottom:-10px'>\n\t<p>Ihre E-Mail-Adresse (Pflichtfeld)\n\t<\/p>\n\t<p><span class=\"wpcf7-form-control-wrap\" data-name=\"your-email\"><input size=\"40\" maxlength=\"400\" class=\"wpcf7-form-control wpcf7-email wpcf7-validates-as-required wpcf7-text wpcf7-validates-as-email\" aria-required=\"true\" aria-invalid=\"false\" value=\"\" type=\"email\" name=\"your-email\" \/><\/span>\n\t<\/p>\n<\/div>\n<div style='margin-bottom:-10px'>\n\t<p>Stra\u00dfe \/ Hausnummer (Pflichtfeld)\n\t<\/p>\n\t<p><span class=\"wpcf7-form-control-wrap\" data-name=\"strasse\"><input size=\"40\" maxlength=\"400\" class=\"wpcf7-form-control wpcf7-text wpcf7-validates-as-required\" aria-required=\"true\" aria-invalid=\"false\" value=\"\" type=\"text\" name=\"strasse\" \/><\/span>\n\t<\/p>\n<\/div>\n<div style='margin-bottom:-10px'>\n\t<p>PLZ \/ Ort (Pflichtfeld)\n\t<\/p>\n\t<p><span class=\"wpcf7-form-control-wrap\" data-name=\"ort\"><input size=\"40\" maxlength=\"400\" class=\"wpcf7-form-control wpcf7-text wpcf7-validates-as-required\" aria-required=\"true\" aria-invalid=\"false\" value=\"\" type=\"text\" name=\"ort\" \/><\/span>\n\t<\/p>\n<\/div>\n<div style='margin-bottom:-10px'>\n\t<p>Betreff\n\t<\/p>\n\t<p><span id=\"wpcf7-69da578ecf2c3-wrapper\" class=\"wpcf7-form-control-wrap subject-wrap\" style=\"display:none !important; visibility:hidden !important;\"><input type=\"hidden\" name=\"subject-time-start\" value=\"1775916942\"><input type=\"hidden\" name=\"subject-time-check\" value=\"4\"><label for=\"wpcf7-69da578ecf2c3-field\" class=\"hp-message\">Bitte lasse dieses Feld leer.<\/label><input id=\"wpcf7-69da578ecf2c3-field\"  class=\"wpcf7-form-control wpcf7-text\" type=\"text\" name=\"subject\" value=\"\" size=\"40\" tabindex=\"-1\" autocomplete=\"new-password\" \/><\/span>\n\t<\/p>\n<\/div>\n<div style='margin-bottom:-10px'>\n\t<p>Diesen Film m\u00f6chte ich bestellen:\n\t<\/p>\n\t<p><span class=\"wpcf7-form-control-wrap Titel2\" data-name=\"Titel2\"><input type=\"text\" name=\"Titel2\" class=\"wpcf7-form-control wpcf7-text wpcf7dtx wpcf7dtx-text\" aria-invalid=\"false\" value=\"Selbst das kleinste Licht durchbricht die Dunkelheit\"><\/span>\n\t<\/p>\n<\/div>\n<div style='margin-bottom:10px'>\n\t<p>Bemerkung\n\t<\/p>\n\t<p><span class=\"wpcf7-form-control-wrap\" data-name=\"your-message\"><textarea cols=\"80\" rows=\"4\" maxlength=\"2000\" class=\"wpcf7-form-control wpcf7-textarea\" aria-invalid=\"false\" name=\"your-message\"><\/textarea><\/span>\n\t<\/p>\n<\/div>\n<div>\n\t<div style='margin-bottom:-14px; color:red;'>\n\t\t<p><span class=\"wpcf7-form-control-wrap\" data-name=\"acceptance-934\"><span class=\"wpcf7-form-control wpcf7-acceptance\"><span class=\"wpcf7-list-item\"><input type=\"checkbox\" name=\"acceptance-934\" value=\"1\" aria-invalid=\"false\" \/><\/span><\/span><\/span><a href=\"http:\/\/mpz-hamburg.de.w020b5ec.kasserver.com\/neu\/wp-content\/uploads\/2011\/05\/Vertriebsbedingungen.pdf\">Vertriebsbedingungen<\/a> akzeptieren.\n\t\t<\/p>\n\t<\/div>\n\t<p><em><span style='font-weight:bold;'>(NUR dann kann das Formular versendet werden!)<\/span><\/em>\n\t<\/p>\n<\/div>\n<div style='margin-top:0px;'>\n\t<p><input class=\"wpcf7-form-control wpcf7-submit has-spinner\" type=\"submit\" value=\"Senden\" \/>\n\t<\/p>\n<\/div><div class=\"wpcf7-response-output\" aria-hidden=\"true\"><\/div>\n<\/form>\n<\/div>\n\n<p>Sollte die Bestellung \u00fcber dies Formular nicht funktioniert haben, bitte per Mail bestellen:<a href=\"mailto:info@mpz-hamburg.de\">info@mpz-hamburg.de<\/a>. Es tut uns Leid, aber es kommt leider manchmal vor. Wir versuchen den Fehler zu finden.<\/p>\n<p style=\"text-align: right; margin-top: -25px;\"><a href=\"http:\/\/mpz-hamburg.de.w020b5ec.kasserver.com\/bestellen\/#220317SelbstdaskleinsteLicht\">zur\u00fcck zur Seite &#8218;bestellen&#8216;<\/a>\u00a0&#8211;\u00a0<a href=\"#wrapper\">Zum Seitenanfang<\/a><\/p>\n<p style=\"margin-top: -25px; text-align: left;\">\n","protected":false},"excerpt":{"rendered":"<p>zur\u00fcck\u00a0&#8211;\u00a0zum Bestellformular\u00a0&#8211;\u00a0Vertriebsbedingungen Hafenstra\u00dfe &#8211; Hamburg St.Pauli mpz und Hafenstra\u00dfe Dez. 1990 \/ 60 Min. \/ 4:3 \/ Nr. 06-0093 \/ 16 \u20ac \u201eDie Hafenstra\u00dfe\u00a0 gibt es seit fast zehn Jahren. Unsere Geschichte ist von gescheiterten R\u00e4umungsversuchen gepr\u00e4gt. Am 15.5.1990 st\u00fcrmen &hellip; <a href=\"https:\/\/mpz-hamburg.de\/neu\/bestellen\/selbst-das-kleinste-licht-durchbricht-die-dunkelheit\/\">Weiterlesen <span class=\"meta-nav\">&rarr;<\/span><\/a><\/p>\n","protected":false},"author":1,"featured_media":0,"parent":706,"menu_order":0,"comment_status":"closed","ping_status":"closed","template":"onecolumn-page.php","meta":{"footnotes":""},"class_list":["post-3263","page","type-page","status-publish","hentry"],"_links":{"self":[{"href":"https:\/\/mpz-hamburg.de\/neu\/wp-json\/wp\/v2\/pages\/3263","targetHints":{"allow":["GET"]}}],"collection":[{"href":"https:\/\/mpz-hamburg.de\/neu\/wp-json\/wp\/v2\/pages"}],"about":[{"href":"https:\/\/mpz-hamburg.de\/neu\/wp-json\/wp\/v2\/types\/page"}],"author":[{"embeddable":true,"href":"https:\/\/mpz-hamburg.de\/neu\/wp-json\/wp\/v2\/users\/1"}],"replies":[{"embeddable":true,"href":"https:\/\/mpz-hamburg.de\/neu\/wp-json\/wp\/v2\/comments?post=3263"}],"version-history":[{"count":7,"href":"https:\/\/mpz-hamburg.de\/neu\/wp-json\/wp\/v2\/pages\/3263\/revisions"}],"predecessor-version":[{"id":3276,"href":"https:\/\/mpz-hamburg.de\/neu\/wp-json\/wp\/v2\/pages\/3263\/revisions\/3276"}],"up":[{"embeddable":true,"href":"https:\/\/mpz-hamburg.de\/neu\/wp-json\/wp\/v2\/pages\/706"}],"wp:attachment":[{"href":"https:\/\/mpz-hamburg.de\/neu\/wp-json\/wp\/v2\/media?parent=3263"}],"curies":[{"name":"wp","href":"https:\/\/api.w.org\/{rel}","templated":true}]}}