{"id":4926,"date":"2022-05-30T15:00:02","date_gmt":"2022-05-30T13:00:02","guid":{"rendered":"http:\/\/mpz-hamburg.de.w020b5ec.kasserver.com\/?page_id=4926"},"modified":"2022-11-20T23:12:15","modified_gmt":"2022-11-20T22:12:15","slug":"die-sind-ja-alle-arbeitsscheu","status":"publish","type":"page","link":"https:\/\/mpz-hamburg.de\/neu\/die-sind-ja-alle-arbeitsscheu\/","title":{"rendered":"\u201eDie sind ja alle arbeitsscheu\u201c"},"content":{"rendered":"\n<p><a href=\"http:\/\/mpz-hamburg.de.w020b5ec.kasserver.com\/bestellen\/#220530Berzeliusstr\">zur\u00fcck<\/a> &#8211; <a href=\"http:\/\/mpz-hamburg.de.w020b5ec.kasserver.com\/neu\/wp-admin\/post.php?post=1791&amp;action=edit#formular\">zum Bestellformular<\/a> &#8211; <a href=\"http:\/\/mpz-hamburg.de.w020b5ec.kasserver.com\/neu\/wp-content\/uploads\/2011\/05\/2017-Vertriebsbedingungen.pdf\">Vertriebsbedingungen<\/a><\/p>\n\n\n\n<p>Ein Film \u00fcber das &#8218;Obdachlosenlager &#8218;Berzeliusstra\u00dfe<\/p>\n\n\n\n<div class=\"wp-block-media-text alignwide is-stacked-on-mobile\"><figure class=\"wp-block-media-text__media\"><img loading=\"lazy\" decoding=\"async\" width=\"1024\" height=\"458\" src=\"http:\/\/mpz-hamburg.de.w020b5ec.kasserver.com\/neu\/wp-content\/uploads\/2022\/05\/Berzeliusstr-3-1024x458.jpg\" alt=\"\" class=\"wp-image-4933 size-full\" srcset=\"https:\/\/mpz-hamburg.de\/neu\/wp-content\/uploads\/2022\/05\/Berzeliusstr-3-1024x458.jpg 1024w, https:\/\/mpz-hamburg.de\/neu\/wp-content\/uploads\/2022\/05\/Berzeliusstr-3-300x134.jpg 300w, https:\/\/mpz-hamburg.de\/neu\/wp-content\/uploads\/2022\/05\/Berzeliusstr-3-768x343.jpg 768w, https:\/\/mpz-hamburg.de\/neu\/wp-content\/uploads\/2022\/05\/Berzeliusstr-3.jpg 1085w\" sizes=\"auto, (max-width: 1024px) 100vw, 1024px\" \/><\/figure><div class=\"wp-block-media-text__content\">\n<p class=\"has-small-font-size\">BewohnerInnen des Lagers + mpz Hamburg e.V. (Gerd Breitbart u.a.) 1977\/78 \/ Teil 1: 75 min \/ Teil 2: 44 min \/ s\/w \/ 4:3 \/ JapanStandard 1 jetzt DVD \/ \u00a9 mpz 2022 \/ 10-0005 \/ 16 \u20ac<\/p>\n<\/div><\/div>\n\n\n\n<p>Teil 1: W\u00e4hrend der Arbeit f\u00fcr einen Videofilm \u00fcber Wohnungslosigkeit in der Lagersiedlung Berzeliusstra\u00dfe entstand in der Siedlung eine Elterninitiative, die gegen einen Fernsehfilm, in dem Bewohner der Siedlung als arbeitsscheue und nur trinkende Menschen dargestellt worden waren, etwas unternehmen wollte.<br>Zu Beginn des Videofilms werden Ausschnitte aus dem Fernsehfilm gezeigt und die Elterninitiative stellt ihre Kritik an dem Film dar. Es werden dann die Auswirkungen des Fernsehfilms geschildert, wie sie einige Bewohner*innen direkt zu sp\u00fcren bekamen, z.B. bei der Wohnungs- und Arbeitssuche.<br>Der Videofilm versucht weiter die wirkliche Situation und Probleme der Bewohner*innen, die schlechte Wohnsituation, die Schwierigkeiten bei der Arbeitssuche, darzustellen. In Spielszenen zeigen Jugendliche ihre Erlebnisse und Erfahrungen mit dem Wohnen im Lager.<br>Zum Ende des 1.Teils diskutiert die Initiative \u00fcber die Schwierigkeiten aus dem Lager herauszukommen und \u00fcber die M\u00f6glichkeiten, sich gegen die Diskriminierungen zu wehren.<br><br>Im 2. Teil erz\u00e4hlen zwei ehemalige Bewohnerinnen der Berzeliusstr., wie sie es geschafft haben aus der Siedlung in ein ,\u00dcbergangshaus\u2018 an der Steilshooper-Allee zu ziehen. Sie vergleichen ihre alte Wohnsituation mit der neuen in dem ,Reintegrationsmodell\u2018 der Sozialbeh\u00f6rde.<br>Als ein zweites Kind aus dem ,\u00dcbergangshaus\u2018 beim Spielen vor den H\u00e4usern t\u00f6dlich verungl\u00fcckt, entschlie\u00dfen sich Eltern und Kinder zu Aktionen f\u00fcr eine Ampel vor ihren H\u00e4usern.<\/p>\n\n\n\n<div class=\"wp-block-contact-form-7-contact-form-selector\">\n<div class=\"wpcf7 no-js\" id=\"wpcf7-f1621-o1\" lang=\"de-DE\" dir=\"ltr\" data-wpcf7-id=\"1621\">\n<div class=\"screen-reader-response\"><p role=\"status\" aria-live=\"polite\" aria-atomic=\"true\"><\/p> <ul><\/ul><\/div>\n<form action=\"\/neu\/wp-json\/wp\/v2\/pages\/4926#wpcf7-f1621-o1\" method=\"post\" class=\"wpcf7-form init\" aria-label=\"Kontaktformular\" novalidate=\"novalidate\" data-status=\"init\">\n<fieldset class=\"hidden-fields-container\"><input type=\"hidden\" name=\"_wpcf7\" value=\"1621\" \/><input type=\"hidden\" name=\"_wpcf7_version\" value=\"6.1.5\" \/><input type=\"hidden\" name=\"_wpcf7_locale\" value=\"de_DE\" \/><input type=\"hidden\" name=\"_wpcf7_unit_tag\" value=\"wpcf7-f1621-o1\" \/><input type=\"hidden\" name=\"_wpcf7_container_post\" value=\"0\" \/><input type=\"hidden\" name=\"_wpcf7_posted_data_hash\" value=\"\" \/><input type=\"hidden\" name=\"_wpcf7dtx_version\" value=\"5.0.5\" \/>\n<\/fieldset>\n<p><span id='formular'><strong>Bestellformuar<\/strong><\/span>\n<\/p>\n<div style='margin-top:-15px; margin-bottom:-10px; text-align:right;'>\n\t<p><a href=\"#wrapper\">Zum Seitenanfang<\/a>\n\t<\/p>\n<\/div>\n<div style='margin-bottom:-10px;'>\n\t<p>Ihr Name (Pflichtfeld)\n\t<\/p>\n\t<p><span class=\"wpcf7-form-control-wrap\" data-name=\"your-name\"><input size=\"40\" maxlength=\"400\" class=\"wpcf7-form-control wpcf7-text wpcf7-validates-as-required\" aria-required=\"true\" aria-invalid=\"false\" value=\"\" type=\"text\" name=\"your-name\" \/><\/span>\n\t<\/p>\n<\/div>\n<div style='margin-bottom:-10px'>\n\t<p>Ihre E-Mail-Adresse (Pflichtfeld)\n\t<\/p>\n\t<p><span class=\"wpcf7-form-control-wrap\" data-name=\"your-email\"><input size=\"40\" maxlength=\"400\" class=\"wpcf7-form-control wpcf7-email wpcf7-validates-as-required wpcf7-text wpcf7-validates-as-email\" aria-required=\"true\" aria-invalid=\"false\" value=\"\" type=\"email\" name=\"your-email\" \/><\/span>\n\t<\/p>\n<\/div>\n<div style='margin-bottom:-10px'>\n\t<p>Stra\u00dfe \/ Hausnummer (Pflichtfeld)\n\t<\/p>\n\t<p><span class=\"wpcf7-form-control-wrap\" data-name=\"strasse\"><input size=\"40\" maxlength=\"400\" class=\"wpcf7-form-control wpcf7-text wpcf7-validates-as-required\" aria-required=\"true\" aria-invalid=\"false\" value=\"\" type=\"text\" name=\"strasse\" \/><\/span>\n\t<\/p>\n<\/div>\n<div style='margin-bottom:-10px'>\n\t<p>PLZ \/ Ort (Pflichtfeld)\n\t<\/p>\n\t<p><span class=\"wpcf7-form-control-wrap\" data-name=\"ort\"><input size=\"40\" maxlength=\"400\" class=\"wpcf7-form-control wpcf7-text wpcf7-validates-as-required\" aria-required=\"true\" aria-invalid=\"false\" value=\"\" type=\"text\" name=\"ort\" \/><\/span>\n\t<\/p>\n<\/div>\n<div style='margin-bottom:-10px'>\n\t<p>Betreff\n\t<\/p>\n\t<p><span id=\"wpcf7-69f28ec0abe48-wrapper\" class=\"wpcf7-form-control-wrap subject-wrap\" style=\"display:none !important; visibility:hidden !important;\"><input type=\"hidden\" name=\"subject-time-start\" value=\"1777503936\"><input type=\"hidden\" name=\"subject-time-check\" value=\"4\"><label for=\"wpcf7-69f28ec0abe48-field\" class=\"hp-message\">Bitte lasse dieses Feld leer.<\/label><input id=\"wpcf7-69f28ec0abe48-field\"  class=\"wpcf7-form-control wpcf7-text\" type=\"text\" name=\"subject\" value=\"\" size=\"40\" tabindex=\"-1\" autocomplete=\"new-password\" \/><\/span>\n\t<\/p>\n<\/div>\n<div style='margin-bottom:-10px'>\n\t<p>Diesen Film m\u00f6chte ich bestellen:\n\t<\/p>\n\t<p><span class=\"wpcf7-form-control-wrap Titel2\" data-name=\"Titel2\"><input type=\"text\" name=\"Titel2\" class=\"wpcf7-form-control wpcf7-text wpcf7dtx wpcf7dtx-text\" aria-invalid=\"false\" value=\"\u201eDie sind ja alle arbeitsscheu\u201c\"><\/span>\n\t<\/p>\n<\/div>\n<div style='margin-bottom:10px'>\n\t<p>Bemerkung\n\t<\/p>\n\t<p><span class=\"wpcf7-form-control-wrap\" data-name=\"your-message\"><textarea cols=\"80\" rows=\"4\" maxlength=\"2000\" class=\"wpcf7-form-control wpcf7-textarea\" aria-invalid=\"false\" name=\"your-message\"><\/textarea><\/span>\n\t<\/p>\n<\/div>\n<div>\n\t<div style='margin-bottom:-14px; color:red;'>\n\t\t<p><span class=\"wpcf7-form-control-wrap\" data-name=\"acceptance-934\"><span class=\"wpcf7-form-control wpcf7-acceptance\"><span class=\"wpcf7-list-item\"><input type=\"checkbox\" name=\"acceptance-934\" value=\"1\" aria-invalid=\"false\" \/><\/span><\/span><\/span><a href=\"http:\/\/mpz-hamburg.de.w020b5ec.kasserver.com\/neu\/wp-content\/uploads\/2011\/05\/Vertriebsbedingungen.pdf\">Vertriebsbedingungen<\/a> akzeptieren.\n\t\t<\/p>\n\t<\/div>\n\t<p><em><span style='font-weight:bold;'>(NUR dann kann das Formular versendet werden!)<\/span><\/em>\n\t<\/p>\n<\/div>\n<div style='margin-top:0px;'>\n\t<p><input class=\"wpcf7-form-control wpcf7-submit has-spinner\" type=\"submit\" value=\"Senden\" \/>\n\t<\/p>\n<\/div><div class=\"wpcf7-response-output\" aria-hidden=\"true\"><\/div>\n<\/form>\n<\/div>\n<\/div>\n\n\n\n<p>Sollte die Bestellung \u00fcber dies Formular nicht funktioniert haben, bitte per Mail bestellen: <a href=\"mailto:info@mpz-hamburg.de\">info@mpz-hamburg.de.<\/a> Es tut uns Leid, aber es kommt leider manchmal vor. Wir versuchen den Fehler zu finden.<\/p>\n\n\n\n<p><a href=\"http:\/\/mpz-hamburg.de.w020b5ec.kasserver.com\/bestellen\/#220530Berzeliusstr\">zur\u00fcck zur Seite &#8218;bestellen&#8216;<\/a> &#8211; <a href=\"http:\/\/mpz-hamburg.de.w020b5ec.kasserver.com\/neu\/wp-admin\/post.php?post=1791&amp;action=edit#wrapper\">Zum Seitenanfang<\/a><\/p>\n","protected":false},"excerpt":{"rendered":"<p>zur\u00fcck &#8211; zum Bestellformular &#8211; Vertriebsbedingungen Ein Film \u00fcber das &#8218;Obdachlosenlager &#8218;Berzeliusstra\u00dfe BewohnerInnen des Lagers + mpz Hamburg e.V. (Gerd Breitbart u.a.) 1977\/78 \/ Teil 1: 75 min \/ Teil 2: 44 min \/ s\/w \/ 4:3 \/ JapanStandard 1 &hellip; <a href=\"https:\/\/mpz-hamburg.de\/neu\/die-sind-ja-alle-arbeitsscheu\/\">Weiterlesen <span class=\"meta-nav\">&rarr;<\/span><\/a><\/p>\n","protected":false},"author":1,"featured_media":0,"parent":0,"menu_order":0,"comment_status":"closed","ping_status":"closed","template":"","meta":{"footnotes":""},"class_list":["post-4926","page","type-page","status-publish","hentry"],"_links":{"self":[{"href":"https:\/\/mpz-hamburg.de\/neu\/wp-json\/wp\/v2\/pages\/4926","targetHints":{"allow":["GET"]}}],"collection":[{"href":"https:\/\/mpz-hamburg.de\/neu\/wp-json\/wp\/v2\/pages"}],"about":[{"href":"https:\/\/mpz-hamburg.de\/neu\/wp-json\/wp\/v2\/types\/page"}],"author":[{"embeddable":true,"href":"https:\/\/mpz-hamburg.de\/neu\/wp-json\/wp\/v2\/users\/1"}],"replies":[{"embeddable":true,"href":"https:\/\/mpz-hamburg.de\/neu\/wp-json\/wp\/v2\/comments?post=4926"}],"version-history":[{"count":7,"href":"https:\/\/mpz-hamburg.de\/neu\/wp-json\/wp\/v2\/pages\/4926\/revisions"}],"predecessor-version":[{"id":5077,"href":"https:\/\/mpz-hamburg.de\/neu\/wp-json\/wp\/v2\/pages\/4926\/revisions\/5077"}],"wp:attachment":[{"href":"https:\/\/mpz-hamburg.de\/neu\/wp-json\/wp\/v2\/media?parent=4926"}],"curies":[{"name":"wp","href":"https:\/\/api.w.org\/{rel}","templated":true}]}}