{"id":58,"date":"2010-12-13T16:24:11","date_gmt":"2010-12-13T16:24:11","guid":{"rendered":"http:\/\/mpz-hamburg.de.w020b5ec.kasserver.com\/neu\/?page_id=58"},"modified":"2024-07-16T11:22:24","modified_gmt":"2024-07-16T09:22:24","slug":"ausstellungen","status":"publish","type":"page","link":"https:\/\/mpz-hamburg.de\/neu\/projekte\/ausstellungen\/","title":{"rendered":"ausstellungen"},"content":{"rendered":"<p>&nbsp;<\/p>\n<p><strong><a href=\"http:\/\/mpz-hamburg.de.w020b5ec.kasserver.com\/neu\/wp-content\/uploads\/2010\/12\/AusstellungHafenmuseum2016P1180391.jpg\"><img loading=\"lazy\" decoding=\"async\" class=\"alignright size-medium wp-image-3582\" src=\"http:\/\/mpz-hamburg.de.w020b5ec.kasserver.com\/neu\/wp-content\/uploads\/2010\/12\/AusstellungHafenmuseum2016P1180391-300x169.jpg\" alt=\"\" width=\"300\" height=\"169\" srcset=\"https:\/\/mpz-hamburg.de\/neu\/wp-content\/uploads\/2010\/12\/AusstellungHafenmuseum2016P1180391-300x169.jpg 300w, https:\/\/mpz-hamburg.de\/neu\/wp-content\/uploads\/2010\/12\/AusstellungHafenmuseum2016P1180391.jpg 640w\" sizes=\"auto, (max-width: 300px) 100vw, 300px\" \/><\/a><\/strong><strong>Der andere Hafen &#8211; Arbeit und Arbeitsk\u00e4mpfe im Hafen<\/strong><br \/>\nAusstellung und Filmveranstaltungen mit anschlie\u00dfender Diskussion im Hafenmuseum Hamburg (Au\u00dfenstelle des Museum der Arbeit) 2016<\/p>\n<p><strong><br \/>\n<a href=\"http:\/\/mpz-hamburg.de.w020b5ec.kasserver.com\/neu\/wp-content\/uploads\/2010\/12\/mpz_ausstellungen_hafen.jpg\"><img loading=\"lazy\" decoding=\"async\" class=\"alignright size-full wp-image-877\" src=\"http:\/\/mpz-hamburg.de.w020b5ec.kasserver.com\/neu\/wp-content\/uploads\/2010\/12\/mpz_ausstellungen_hafen.jpg\" alt=\"\" width=\"300\" height=\"204\" \/><\/a><\/strong><strong><br \/>\nHafenarbeit ohne Zukunft ?<a href=\"http:\/\/mpz-hamburg.de.w020b5ec.kasserver.com\/neu\/wp-content\/uploads\/2010\/12\/mpz-Stand-Portex-15_2.jpg\"><img loading=\"lazy\" decoding=\"async\" class=\"alignright wp-image-1828\" src=\"http:\/\/mpz-hamburg.de.w020b5ec.kasserver.com\/neu\/wp-content\/uploads\/2010\/12\/mpz-Stand-Portex-15_2-300x173.jpg\" alt=\"mpz Stand Portex 15_2\" width=\"300\" height=\"173\" srcset=\"https:\/\/mpz-hamburg.de\/neu\/wp-content\/uploads\/2010\/12\/mpz-Stand-Portex-15_2-300x173.jpg 300w, https:\/\/mpz-hamburg.de\/neu\/wp-content\/uploads\/2010\/12\/mpz-Stand-Portex-15_2.jpg 640w\" sizes=\"auto, (max-width: 300px) 100vw, 300px\" \/><\/a><\/strong><br \/>\nAusstellung und Kulturwettbewerb in der Speicherstadt<br \/>\n1989<\/p>\n<p>&nbsp;<\/p>\n<p>&nbsp;<\/p>\n<p><strong>Der andere Hafen<br \/>\n<\/strong>Fotoausstellung zur Hafenfachausstellung \u201ePortex 85\u201c<br \/>\n1985<\/p>\n<p>&nbsp;<\/p>\n<p>&nbsp;<\/p>\n<p><strong>Hafenarbeiterstreik 1951<\/strong><br \/>\nBegleitausstellung zum Videoprojekt \u201eHafenarbeiterstreik und Alltag 1951\u201c<br \/>\n1978-1980<\/p>\n<p>&#8230;&#8230;<\/p>\n<p><strong>Aus der Arbeit des mpz<\/strong><br \/>\nFotoausstellungen zur Arbeit und Konzeption des mpz aus den 1980er Jahren.<br \/>\nZuletzt erweitert gezeigt anl\u00e4sslich der Feier der 50j\u00e4hrigen Arbeit des mpz.<\/p>\n<p>&nbsp;<\/p>\n<p>&nbsp;<\/p>\n<p>&nbsp;<\/p>\n<p>&nbsp;<\/p>\n","protected":false},"excerpt":{"rendered":"<p>&nbsp; Der andere Hafen &#8211; Arbeit und Arbeitsk\u00e4mpfe im Hafen Ausstellung und Filmveranstaltungen mit anschlie\u00dfender Diskussion im Hafenmuseum Hamburg (Au\u00dfenstelle des Museum der Arbeit) 2016 Hafenarbeit ohne Zukunft ? Ausstellung und Kulturwettbewerb in der Speicherstadt 1989 &nbsp; &nbsp; Der andere &hellip; <a href=\"https:\/\/mpz-hamburg.de\/neu\/projekte\/ausstellungen\/\">Weiterlesen <span class=\"meta-nav\">&rarr;<\/span><\/a><\/p>\n","protected":false},"author":1,"featured_media":0,"parent":48,"menu_order":3,"comment_status":"closed","ping_status":"closed","template":"onecolumn-page.php","meta":{"footnotes":""},"class_list":["post-58","page","type-page","status-publish","hentry"],"_links":{"self":[{"href":"https:\/\/mpz-hamburg.de\/neu\/wp-json\/wp\/v2\/pages\/58","targetHints":{"allow":["GET"]}}],"collection":[{"href":"https:\/\/mpz-hamburg.de\/neu\/wp-json\/wp\/v2\/pages"}],"about":[{"href":"https:\/\/mpz-hamburg.de\/neu\/wp-json\/wp\/v2\/types\/page"}],"author":[{"embeddable":true,"href":"https:\/\/mpz-hamburg.de\/neu\/wp-json\/wp\/v2\/users\/1"}],"replies":[{"embeddable":true,"href":"https:\/\/mpz-hamburg.de\/neu\/wp-json\/wp\/v2\/comments?post=58"}],"version-history":[{"count":22,"href":"https:\/\/mpz-hamburg.de\/neu\/wp-json\/wp\/v2\/pages\/58\/revisions"}],"predecessor-version":[{"id":7661,"href":"https:\/\/mpz-hamburg.de\/neu\/wp-json\/wp\/v2\/pages\/58\/revisions\/7661"}],"up":[{"embeddable":true,"href":"https:\/\/mpz-hamburg.de\/neu\/wp-json\/wp\/v2\/pages\/48"}],"wp:attachment":[{"href":"https:\/\/mpz-hamburg.de\/neu\/wp-json\/wp\/v2\/media?parent=58"}],"curies":[{"name":"wp","href":"https:\/\/api.w.org\/{rel}","templated":true}]}}