{"id":76,"date":"2010-12-13T16:49:10","date_gmt":"2010-12-13T16:49:10","guid":{"rendered":"http:\/\/mpz-hamburg.de.w020b5ec.kasserver.com\/neu\/?page_id=76"},"modified":"2025-10-02T09:37:26","modified_gmt":"2025-10-02T07:37:26","slug":"kontakt","status":"publish","type":"page","link":"https:\/\/mpz-hamburg.de\/neu\/kontakt\/","title":{"rendered":"kontakt"},"content":{"rendered":"<p><strong><a href=\"http:\/\/mpz-hamburg.de.w020b5ec.kasserver.com\/neu\/wp-content\/uploads\/2010\/12\/2Sternstrau\u00dfen-mit-mpz.jpg\"><img loading=\"lazy\" decoding=\"async\" class=\"alignright size-medium wp-image-3233\" src=\"http:\/\/mpz-hamburg.de.w020b5ec.kasserver.com\/neu\/wp-content\/uploads\/2010\/12\/2Sternstrau\u00dfen-mit-mpz-300x225.jpg\" alt=\"\" width=\"300\" height=\"225\" srcset=\"https:\/\/mpz-hamburg.de\/neu\/wp-content\/uploads\/2010\/12\/2Sternstrau\u00dfen-mit-mpz-300x225.jpg 300w, https:\/\/mpz-hamburg.de\/neu\/wp-content\/uploads\/2010\/12\/2Sternstrau\u00dfen-mit-mpz-768x576.jpg 768w, https:\/\/mpz-hamburg.de\/neu\/wp-content\/uploads\/2010\/12\/2Sternstrau\u00dfen-mit-mpz-1024x768.jpg 1024w\" sizes=\"auto, (max-width: 300px) 100vw, 300px\" \/><\/a><\/strong>per email: <a title=\"eMail-Kontakt zum Medienp\u00e4dagogik Zentrum Hamburg e. V.\" href=\"mailto:info@mpz-hamburg.de\">info@mpz-hamburg.de<\/a><br \/>\nper Telefon: +49 (0)40 \/ 439 72 59<br \/>\nDienstag u. Donnerstag von 17 bis 19 Uhr und nach Vereinbarung im mpz.<\/p>\n<p><strong>Adresse:<\/strong><br \/>\nmpz &#8211; Medienp\u00e4dagogik Zentrum Hamburg e. V.<br \/>\nSternstra\u00dfe 4 \/ 1. Stock im Laubengang<br \/>\n(Schr\u00e4g gegen\u00fcber der U-Bahn-Station Feldstra\u00dfe) \u00a0\u00a020357 Hamburg<\/p>\n<p>Unser <a href=\"http:\/\/mpz-hamburg.de.w020b5ec.kasserver.com\/neu\/wp-content\/uploads\/2010\/12\/2017-04dasmpzweb.pdf\">Faltblatt<\/a>\u00a0mit Kurzinformationen zum mpz.<\/p>\n<p><strong><a href=\"http:\/\/mpz-hamburg.de.w020b5ec.kasserver.com\/neu\/wp-content\/uploads\/2010\/12\/mpze.v..png\"><img loading=\"lazy\" decoding=\"async\" class=\"alignright size-medium wp-image-3863\" src=\"http:\/\/mpz-hamburg.de.w020b5ec.kasserver.com\/neu\/wp-content\/uploads\/2010\/12\/mpze.v.-300x298.png\" alt=\"\" width=\"300\" height=\"298\" srcset=\"https:\/\/mpz-hamburg.de\/neu\/wp-content\/uploads\/2010\/12\/mpze.v.-300x298.png 300w, https:\/\/mpz-hamburg.de\/neu\/wp-content\/uploads\/2010\/12\/mpze.v.-150x150.png 150w, https:\/\/mpz-hamburg.de\/neu\/wp-content\/uploads\/2010\/12\/mpze.v..png 632w\" sizes=\"auto, (max-width: 300px) 100vw, 300px\" \/><\/a><\/strong><\/p>\n<p><strong>Unsere \u00d6ffnungs- und Besuchszeiten:<\/strong><br \/>\nUnsere \u00d6ffnungszeiten sind jeweils Dienstag u. Donnerstag von 17 bis 19 Uhr und nach Vereinbarung im mpz. Damit wir zeitlich besser planen k\u00f6nnen, w\u00e4re es hilfreich, sich vorher per Mail oder telefonisch zu melden, aber nat\u00fcrlich freuen wir uns auch \u00fcber einen spontanen Besuch.<\/p>\n<p><strong>Informationen zu unseren Veranstaltungen:<\/strong><br \/>\nWir laden gerne zu unseren <a title=\"mpz-Veranstaltungen\" href=\"http:\/\/mpz-hamburg.de.w020b5ec.kasserver.com\/neu\/?page_id=61\">aktuellen mpz-Veranstaltungen<\/a>\u00a0 per eMail ein.<br \/>\nWer in unseren eMail-Verteiler will, sende bitte eine entsprechende eMail an uns: <a title=\"eMail-Kontakt zum Medienp\u00e4dagogik Zentrum Hamburg e. V.\" href=\"mailto:info@mpz-hamburg.de\">info@mpz-hamburg.de<\/a><\/p>\n<p><strong>mpz unterst\u00fctzen:<br \/>\n<\/strong>Wir freuen uns \u00fcber jede Form der Unterst\u00fctzung. \u00a0<a href=\"http:\/\/mpz-hamburg.de.w020b5ec.kasserver.com\/eine-seite\/spenden\/\">mehr&#8230;<\/a><\/p>\n<p style=\"text-align: right;\">Wegbeschreibung mit <a href=\"https:\/\/www.openstreetmap.org\/node\/4590804288#map=17\/53.55874\/9.96776&amp;layers=C\">OpenStreetMap<\/a>: <a href=\"https:\/\/www.google.de\/maps\/place\/Medienp\u00e4dagogik+Zentrum+Hamburg+e.V.\/@53.5586098,9.9652089,17z\/data=!3m1!4b1!4m5!3m4!1s0x47b18f4242770a67:0x5ce4d02ec6967590!8m2!3d53.5586098!4d9.9673976\">GoogleMap<\/a><a href=\"https:\/\/www.google.de\/maps\/place\/Medienp\u00e4dagogik+Zentrum+Hamburg+e.V.\/@53.558613,9.9652089,17z\/data=!3m1!4b1!4m5!3m4!1s0x47b18f4242770a67:0x5ce4d02ec6967590!8m2!3d53.5586098!4d9.9673976\">Karte\u00a0<\/a><\/p>\n","protected":false},"excerpt":{"rendered":"<p>per email: info@mpz-hamburg.de per Telefon: +49 (0)40 \/ 439 72 59 Dienstag u. Donnerstag von 17 bis 19 Uhr und nach Vereinbarung im mpz. Adresse: mpz &#8211; Medienp\u00e4dagogik Zentrum Hamburg e. V. Sternstra\u00dfe 4 \/ 1. Stock im Laubengang (Schr\u00e4g &hellip; <a href=\"https:\/\/mpz-hamburg.de\/neu\/kontakt\/\">Weiterlesen <span class=\"meta-nav\">&rarr;<\/span><\/a><\/p>\n","protected":false},"author":1,"featured_media":0,"parent":0,"menu_order":5,"comment_status":"closed","ping_status":"closed","template":"onecolumn-page.php","meta":{"footnotes":""},"class_list":["post-76","page","type-page","status-publish","hentry"],"_links":{"self":[{"href":"https:\/\/mpz-hamburg.de\/neu\/wp-json\/wp\/v2\/pages\/76","targetHints":{"allow":["GET"]}}],"collection":[{"href":"https:\/\/mpz-hamburg.de\/neu\/wp-json\/wp\/v2\/pages"}],"about":[{"href":"https:\/\/mpz-hamburg.de\/neu\/wp-json\/wp\/v2\/types\/page"}],"author":[{"embeddable":true,"href":"https:\/\/mpz-hamburg.de\/neu\/wp-json\/wp\/v2\/users\/1"}],"replies":[{"embeddable":true,"href":"https:\/\/mpz-hamburg.de\/neu\/wp-json\/wp\/v2\/comments?post=76"}],"version-history":[{"count":125,"href":"https:\/\/mpz-hamburg.de\/neu\/wp-json\/wp\/v2\/pages\/76\/revisions"}],"predecessor-version":[{"id":7946,"href":"https:\/\/mpz-hamburg.de\/neu\/wp-json\/wp\/v2\/pages\/76\/revisions\/7946"}],"wp:attachment":[{"href":"https:\/\/mpz-hamburg.de\/neu\/wp-json\/wp\/v2\/media?parent=76"}],"curies":[{"name":"wp","href":"https:\/\/api.w.org\/{rel}","templated":true}]}}