{"id":7718,"date":"2026-04-24T22:17:22","date_gmt":"2026-04-24T20:17:22","guid":{"rendered":"http:\/\/mpz-hamburg.de.w020b5ec.kasserver.com\/?page_id=7718"},"modified":"2026-04-24T22:48:19","modified_gmt":"2026-04-24T20:48:19","slug":"auf-der-strasse-heissen-wir-anders","status":"publish","type":"page","link":"https:\/\/mpz-hamburg.de\/neu\/auf-der-strasse-heissen-wir-anders\/","title":{"rendered":"&#8222;Auf der Stra\u00dfe hei\u00dfen wir anders&#8220;"},"content":{"rendered":"\r\n\r\n\r\n\r\n\r\n\r\n\r\n<p><a href=\"http:\/\/mpz-hamburg.de.w020b5ec.kasserver.com\/bestellen\/#\"AufderStra\u00dfeheissen\">zur\u00fcck<\/a> &#8211; <a href=\"http:\/\/mpz-hamburg.de.w020b5ec.kasserver.com\/neu\/wp-admin\/post.php?post=1791&amp;action=edit&amp;classic-editor__forget#formular\">zum Bestellformular<\/a> &#8211; <a href=\"http:\/\/mpz-hamburg.de.w020b5ec.kasserver.com\/neu\/wp-content\/uploads\/2011\/05\/2017-Vertriebsbedingungen.pdf\">Vertriebsbedingungen<\/a><\/p>\r\n<p><strong>&#8211; Auf den Spuren einer armenischen Familie<\/strong>\u00a0 \u00a0 \u00a0 \u00a0 \u00a0 \u00a0 \u00a0 \u00a0 \u00a0 \u00a0 \u00a0 \u00a0 \u00a0 \u00a0 \u00a0 \u00a0 \u00a0 \u00a0 \u00a0 \u00a0<\/p>\r\n<p><img loading=\"lazy\" decoding=\"async\" class=\"alignleft size-medium wp-image-8045\" src=\"http:\/\/mpz-hamburg.de\/neu\/wp-content\/uploads\/2026\/01\/Armenien-Lesung-2ausschnitt-300x254.jpg\" alt=\"\" width=\"300\" height=\"254\" srcset=\"https:\/\/mpz-hamburg.de\/neu\/wp-content\/uploads\/2026\/01\/Armenien-Lesung-2ausschnitt-300x254.jpg 300w, https:\/\/mpz-hamburg.de\/neu\/wp-content\/uploads\/2026\/01\/Armenien-Lesung-2ausschnitt-1024x867.jpg 1024w, https:\/\/mpz-hamburg.de\/neu\/wp-content\/uploads\/2026\/01\/Armenien-Lesung-2ausschnitt-768x650.jpg 768w, https:\/\/mpz-hamburg.de\/neu\/wp-content\/uploads\/2026\/01\/Armenien-Lesung-2ausschnitt.jpg 1091w\" sizes=\"auto, (max-width: 300px) 100vw, 300px\" \/>Videoaufzeichnung einer Szenischen Lesung im Deutschen Schauspielhaus Hamburg<br \/>Aufzeichnung und Montage: mpz 2025 \/ 73 min \/ DVD \/ Nr. 09-1794 \/ 16 \u20ac<\/p>\r\n<p>F\u00fcr Menschen, deren Familiengeschichte mit dem V\u00f6lkermord an den Armenier*innen verkn\u00fcpft ist, ist die letzte Aprilwoche eine Zeit, in der des Beginns von Mord, Vertreibung und versuchter Vernichtung im Jahr 1915 gedacht wird, als Millionen Menschen get\u00f6tet wurden. <br \/>Es geht aber auch um das Weiterleben als Armenier*innen in der global verstreuten Diaspora und in dem kleinen, gef\u00e4hrdeten Staat im Kaukasus. <br \/>In dem Roman \u00bbAuf der Stra\u00dfe hei\u00dfen wir anders\u00ab geht die Autorin Laura Cwiertnia den Spuren einer armenischen Familie \u00fcber vier Generationen nach. <br \/><br \/>Alina Manoukian, Bettina Stucky und Michael Weber stellen den Roman in einer szenischen Lesung vor.<\/p>\r\n<p>&nbsp;<\/p>\r\n\n<div class=\"wpcf7 no-js\" id=\"wpcf7-f1621-o1\" lang=\"de-DE\" dir=\"ltr\" data-wpcf7-id=\"1621\">\n<div class=\"screen-reader-response\"><p role=\"status\" aria-live=\"polite\" aria-atomic=\"true\"><\/p> <ul><\/ul><\/div>\n<form action=\"\/neu\/wp-json\/wp\/v2\/pages\/7718#wpcf7-f1621-o1\" method=\"post\" class=\"wpcf7-form init\" aria-label=\"Kontaktformular\" novalidate=\"novalidate\" data-status=\"init\">\n<fieldset class=\"hidden-fields-container\"><input type=\"hidden\" name=\"_wpcf7\" value=\"1621\" \/><input type=\"hidden\" name=\"_wpcf7_version\" value=\"6.1.5\" \/><input type=\"hidden\" name=\"_wpcf7_locale\" value=\"de_DE\" \/><input type=\"hidden\" name=\"_wpcf7_unit_tag\" value=\"wpcf7-f1621-o1\" \/><input type=\"hidden\" name=\"_wpcf7_container_post\" value=\"0\" \/><input type=\"hidden\" name=\"_wpcf7_posted_data_hash\" value=\"\" \/><input type=\"hidden\" name=\"_wpcf7dtx_version\" value=\"5.0.5\" \/>\n<\/fieldset>\n<p><span id='formular'><strong>Bestellformuar<\/strong><\/span>\n<\/p>\n<div style='margin-top:-15px; margin-bottom:-10px; text-align:right;'>\n\t<p><a href=\"#wrapper\">Zum Seitenanfang<\/a>\n\t<\/p>\n<\/div>\n<div style='margin-bottom:-10px;'>\n\t<p>Ihr Name (Pflichtfeld)\n\t<\/p>\n\t<p><span class=\"wpcf7-form-control-wrap\" data-name=\"your-name\"><input size=\"40\" maxlength=\"400\" class=\"wpcf7-form-control wpcf7-text wpcf7-validates-as-required\" aria-required=\"true\" aria-invalid=\"false\" value=\"\" type=\"text\" name=\"your-name\" \/><\/span>\n\t<\/p>\n<\/div>\n<div style='margin-bottom:-10px'>\n\t<p>Ihre E-Mail-Adresse (Pflichtfeld)\n\t<\/p>\n\t<p><span class=\"wpcf7-form-control-wrap\" data-name=\"your-email\"><input size=\"40\" maxlength=\"400\" class=\"wpcf7-form-control wpcf7-email wpcf7-validates-as-required wpcf7-text wpcf7-validates-as-email\" aria-required=\"true\" aria-invalid=\"false\" value=\"\" type=\"email\" name=\"your-email\" \/><\/span>\n\t<\/p>\n<\/div>\n<div style='margin-bottom:-10px'>\n\t<p>Stra\u00dfe \/ Hausnummer (Pflichtfeld)\n\t<\/p>\n\t<p><span class=\"wpcf7-form-control-wrap\" data-name=\"strasse\"><input size=\"40\" maxlength=\"400\" class=\"wpcf7-form-control wpcf7-text wpcf7-validates-as-required\" aria-required=\"true\" aria-invalid=\"false\" value=\"\" type=\"text\" name=\"strasse\" \/><\/span>\n\t<\/p>\n<\/div>\n<div style='margin-bottom:-10px'>\n\t<p>PLZ \/ Ort (Pflichtfeld)\n\t<\/p>\n\t<p><span class=\"wpcf7-form-control-wrap\" data-name=\"ort\"><input size=\"40\" maxlength=\"400\" class=\"wpcf7-form-control wpcf7-text wpcf7-validates-as-required\" aria-required=\"true\" aria-invalid=\"false\" value=\"\" type=\"text\" name=\"ort\" \/><\/span>\n\t<\/p>\n<\/div>\n<div style='margin-bottom:-10px'>\n\t<p>Betreff\n\t<\/p>\n\t<p><span id=\"wpcf7-69f434f13271f-wrapper\" class=\"wpcf7-form-control-wrap subject-wrap\" style=\"display:none !important; visibility:hidden !important;\"><input type=\"hidden\" name=\"subject-time-start\" value=\"1777612017\"><input type=\"hidden\" name=\"subject-time-check\" value=\"4\"><label for=\"wpcf7-69f434f13271f-field\" class=\"hp-message\">Bitte lasse dieses Feld leer.<\/label><input id=\"wpcf7-69f434f13271f-field\"  class=\"wpcf7-form-control wpcf7-text\" type=\"text\" name=\"subject\" value=\"\" size=\"40\" tabindex=\"-1\" autocomplete=\"new-password\" \/><\/span>\n\t<\/p>\n<\/div>\n<div style='margin-bottom:-10px'>\n\t<p>Diesen Film m\u00f6chte ich bestellen:\n\t<\/p>\n\t<p><span class=\"wpcf7-form-control-wrap Titel2\" data-name=\"Titel2\"><input type=\"text\" name=\"Titel2\" class=\"wpcf7-form-control wpcf7-text wpcf7dtx wpcf7dtx-text\" aria-invalid=\"false\" value=\"&quot;Auf der Stra\u00dfe hei\u00dfen wir anders&quot;\"><\/span>\n\t<\/p>\n<\/div>\n<div style='margin-bottom:10px'>\n\t<p>Bemerkung\n\t<\/p>\n\t<p><span class=\"wpcf7-form-control-wrap\" data-name=\"your-message\"><textarea cols=\"80\" rows=\"4\" maxlength=\"2000\" class=\"wpcf7-form-control wpcf7-textarea\" aria-invalid=\"false\" name=\"your-message\"><\/textarea><\/span>\n\t<\/p>\n<\/div>\n<div>\n\t<div style='margin-bottom:-14px; color:red;'>\n\t\t<p><span class=\"wpcf7-form-control-wrap\" data-name=\"acceptance-934\"><span class=\"wpcf7-form-control wpcf7-acceptance\"><span class=\"wpcf7-list-item\"><input type=\"checkbox\" name=\"acceptance-934\" value=\"1\" aria-invalid=\"false\" \/><\/span><\/span><\/span><a href=\"http:\/\/mpz-hamburg.de.w020b5ec.kasserver.com\/neu\/wp-content\/uploads\/2011\/05\/Vertriebsbedingungen.pdf\">Vertriebsbedingungen<\/a> akzeptieren.\n\t\t<\/p>\n\t<\/div>\n\t<p><em><span style='font-weight:bold;'>(NUR dann kann das Formular versendet werden!)<\/span><\/em>\n\t<\/p>\n<\/div>\n<div style='margin-top:0px;'>\n\t<p><input class=\"wpcf7-form-control wpcf7-submit has-spinner\" type=\"submit\" value=\"Senden\" \/>\n\t<\/p>\n<\/div><div class=\"wpcf7-response-output\" aria-hidden=\"true\"><\/div>\n<\/form>\n<\/div>\n\r\n\r\n\r\n\r\n<p>Sollte die Bestellung \u00fcber dies Formular nicht funktioniert haben, bitte per Mail bestellen: <a href=\"mailto:info@mpz-hamburg.de\">info@mpz-hamburg.de.<\/a> Es tut uns Leid, aber es kommt leider manchmal vor. Wir versuchen den Fehler zu finden.<\/p>\r\n\r\n\r\n\r\n<p><a href=\"http:\/\/mpz-hamburg.de.w020b5ec.kasserver.com\/bestellen\/#HierNamenEingeben\">zur\u00fcck zur Seite &#8218;bestellen&#8216;<\/a> &#8211; <a href=\"http:\/\/mpz-hamburg.de.w020b5ec.kasserver.com\/neu\/wp-admin\/post.php?post=1791&amp;action=edit&amp;classic-editor__forget#wrapper\">Zum Seitenanfang<\/a><\/p>\r\n\r\n\r\n\r\n<p>&nbsp;<\/p>\r\n","protected":false},"excerpt":{"rendered":"","protected":false},"author":1,"featured_media":0,"parent":0,"menu_order":0,"comment_status":"closed","ping_status":"closed","template":"","meta":{"footnotes":""},"class_list":["post-7718","page","type-page","status-publish","hentry"],"_links":{"self":[{"href":"https:\/\/mpz-hamburg.de\/neu\/wp-json\/wp\/v2\/pages\/7718","targetHints":{"allow":["GET"]}}],"collection":[{"href":"https:\/\/mpz-hamburg.de\/neu\/wp-json\/wp\/v2\/pages"}],"about":[{"href":"https:\/\/mpz-hamburg.de\/neu\/wp-json\/wp\/v2\/types\/page"}],"author":[{"embeddable":true,"href":"https:\/\/mpz-hamburg.de\/neu\/wp-json\/wp\/v2\/users\/1"}],"replies":[{"embeddable":true,"href":"https:\/\/mpz-hamburg.de\/neu\/wp-json\/wp\/v2\/comments?post=7718"}],"version-history":[{"count":9,"href":"https:\/\/mpz-hamburg.de\/neu\/wp-json\/wp\/v2\/pages\/7718\/revisions"}],"predecessor-version":[{"id":8187,"href":"https:\/\/mpz-hamburg.de\/neu\/wp-json\/wp\/v2\/pages\/7718\/revisions\/8187"}],"wp:attachment":[{"href":"https:\/\/mpz-hamburg.de\/neu\/wp-json\/wp\/v2\/media?parent=7718"}],"curies":[{"name":"wp","href":"https:\/\/api.w.org\/{rel}","templated":true}]}}